{"id":15232,"date":"2024-01-03T14:00:14","date_gmt":"2024-01-03T20:00:14","guid":{"rendered":"https:\/\/www.coserv.com\/?page_id=15232&#038;preview_id=15232"},"modified":"2026-05-06T14:19:05","modified_gmt":"2026-05-06T19:19:05","slug":"derechos-y-responsabilidades-de-gas","status":"publish","type":"page","link":"https:\/\/www.coserv.com\/es\/derechos-y-responsabilidades-de-gas\/","title":{"rendered":"Derechos y responsabilidades de Gas"},"content":{"rendered":"\n<figure itemscope itemtype=\"https:\/\/schema.org\/ImageObject\">\n\t\t\t\t<img decoding=\"async\" src=\"https:\/\/www.coserv.com\/wp-content\/plugins\/bb-plugin\/img\/pixel.png\" alt=\"\" onerror=\"this.style.display='none'\" loading=\"lazy\" \/>\n\t<\/figure>\n<h1>\n\t\t\tDerechos y responsabilidades de Gas\t<\/h1>\n\t<p><strong>Bienvenidos a CoServ Gas<\/strong>-Nuestro privilegio es brindarle un excelente servicio al cliente y una entrega segura de gas natural. Esta secci\u00f3n contiene detalles importantes sobre los derechos y responsabilidades que usted tiene como nuestro Cliente. Si tiene preguntas sobre su servicio o facturaci\u00f3n, inicie sesi\u00f3n en su cuenta en l\u00ednea <a href=\"https:\/\/coserv.smarthub.coop\/Login.html\">CoServ<\/a>\u00a0o ll\u00e1menos al\u00a0<a href=\"tel:1-940-321-7800\">940-321-7800<\/a>. Si tiene una emergencia de gas natural,\u00a0<a href=\"tel:911\">Llame al 911<\/a>. Tambi\u00e9n puede comunicarse con CoServ Gas las 24 horas del d\u00eda, los 7 d\u00edas de la semana a trav\u00e9s de nuestro n\u00famero gratuito de emergencias,\u00a0<a href=\"tel:1-844-330-0763\">844-330-0763<\/a>.<\/p>\n\t<p><strong>CoServ Gas no desconecta el servicio cuando las temperaturas est\u00e1n cerca del punto de congelaci\u00f3n o por debajo de \u00e9l.\u00a0<\/strong><a href=\"https:\/\/www.coserv.com\/help\/weather-disconnection-policy\/\"><strong>M\u00e1s informaci\u00f3n sobre nuestra pol\u00edtica sobre el clima [EN]<\/strong><\/a><strong>.<\/strong><\/p>\n\t<p><strong>Si huele a gas, abandone el \u00e1rea de inmediato y, una vez que est\u00e9 a una distancia segura,\u00a0<\/strong><a href=\"tel:911\"><strong>llame al 911<\/strong><\/a><strong>\u00a0y a CoServ Gas al\u00a0<\/strong><a href=\"tel:1-844-330-0763\"><strong>844-330-0763<\/strong><\/a><strong>.<\/strong><\/p>\n<h2>\n\t\t\tConveniencia de CoServ\t<\/h2>\n\t<p>A trav\u00e9s de diversas innovaciones, resulta conveniente interactuar con CoServ Gas. Nuestro horario de atenci\u00f3n al cliente es de 8 a.m. a 5 p.m. de lunes a viernes, nuestro sitio web ofrece\u00a0<a href=\"https:\/\/coserv.smarthub.coop\/Login.html\">acceso a las cuentas en l\u00ednea [EN]<\/a>\u00a0y\u00a0<a href=\"https:\/\/coserv.smarthub.coop\/Login.html\">facturaci\u00f3n electr\u00f3nica [EN]<\/a>. Adem\u00e1s, nuestro n\u00famero gratuito de emergencias,\u00a0<a href=\"tel:1-844-330-0763\">844-330-0763<\/a>, se contesta las 24 horas del d\u00eda, los 7 d\u00edas de la semana.<\/p>\n<h2>\n\t\t\tInformes sobre emergencias\t<\/h2>\n\t<h3>\u00bfQu\u00e9 hago si huelo gas?<\/h3>\n<p>Nuestra m\u00e1xima prioridad es mantener a su familia segura y c\u00f3moda. Si huele gas, es importante adoptar cuanto antes las siguientes medidas: apague todas las llamas abiertas en el \u00e1rea. No opere interruptores el\u00e9ctricos, tel\u00e9fonos o electrodom\u00e9sticos. No conduzca veh\u00edculos en el \u00e1rea. Salga de la casa o edificio, camine hasta un lugar seguro y llame al 911 y al n\u00famero de emergencia de CoServ Gas,\u00a0<a href=\"tel:1-844-330-0763\">844-330-0763<\/a>. Cuando el representante responda, transmita la naturaleza de la emergencia, el lugar donde ocurre y su nombre, informaci\u00f3n de contacto y ubicaci\u00f3n.<\/p>\n<h3>Llame antes de cavar<\/h3>\n<p>Antes de empezar un proyecto de mejoras para el hogar o jardiner\u00eda que implique cavar, debe tener ubicadas y marcadas las l\u00edneas de servicios p\u00fablicos que atraviesan su propiedad a fin de garantizar la seguridad y evitar da\u00f1os e interrupciones a los servicios. Si planea cavar a m\u00e1s de 16 pulgadas de profundidad, la ley estatal requiere que llame al 811 dos d\u00edas h\u00e1biles antes de hacerlo. Una vez que el 811 reciba su solicitud, notificar\u00e1 a las compa\u00f1\u00edas de servicios p\u00fablicos, incluida CoServ Gas, para que ubiquen y marquen sus l\u00edneas de servicios p\u00fablicos, utilizando pintura y banderolas para mostrar la ubicaci\u00f3n aproximada de las l\u00edneas. El 811 es un servicio gratuito.\u00a0<a href=\"https:\/\/www.coserv.com\/safety\/gas\/dig-safety\/\">Haga clic aqu\u00ed para obtener m\u00e1s informaci\u00f3n sobre la excavaci\u00f3n segura [EN]<\/a>.<\/p>\n<h2>\n\t\t\tMantenimiento y seguridad\t<\/h2>\n\t<h3>L\u00edneas de patio de los clientes<\/h3>\n<p>CoServ Gas da mantenimiento a la l\u00ednea de gas en su patio hasta el punto en que llega a su medidor. Si su medidor est\u00e1 instalado lejos de su casa, la tuber\u00eda entre el medidor y la casa es propiedad del cliente y su mantenimiento es su responsabilidad. Si esta tuber\u00eda no recibe mantenimiento, puede verse sujeta a los peligros potenciales de corrosi\u00f3n y fugas. Los clientes son responsables de inspeccionar peri\u00f3dicamente las tuber\u00edas en busca de corrosi\u00f3n y fugas, y de hacer reparaciones si hay condiciones inseguras. Las tuber\u00edas tambi\u00e9n pueden cortarse o da\u00f1arse mediante la excavaci\u00f3n. Cuando un cliente llama al 811, se presentar\u00e1 un servicio de localizaci\u00f3n y marcar\u00e1 las l\u00edneas propiedad de la empresa de servicios p\u00fablicos, pero no marcar\u00e1 las l\u00edneas propiedad del cliente que est\u00e1n m\u00e1s all\u00e1 del medidor. Si planea cavar alrededor de su l\u00ednea de gas o la nuestra, siempre debe hacerlo a mano. Puede ser necesario comunicarse con un plomero para localizar o inspeccionar su patio y hacer reparaciones de ser necesario.<\/p>\n<h2>V\u00e1lvulas limitadoras de caudal<\/h2>\n<p>Las v\u00e1lvulas limitadoras de caudal son dispositivos de seguridad que cortan el flujo de gas por su l\u00ednea de servicio si la l\u00ednea se corta o se da\u00f1a. Como medida de protecci\u00f3n adicional, CoServ Gas ha instalado sin cargo adicional una v\u00e1lvula limitadora de caudal en la l\u00ednea que atiende a cada cliente residencial.<\/p>\n<h2>Declaraci\u00f3n de privacidad<\/h2>\n<p>Toda la informaci\u00f3n requerida por CoServ Gas para establecer su cuenta se mantiene completamente confidencial y no se entrega ni se vende por ning\u00fan motivo, excepto seg\u00fan lo exijan las autoridades reguladoras o una orden judicial v\u00e1lida. CoServ Gas tiene derecho a solicitar informaci\u00f3n personal para verificar la identidad de la persona que llama solicitando informaci\u00f3n sobre cuentas.<\/p>\n<h2>Informaci\u00f3n sobre tarifas y servicios<\/h2>\n<p>Nuestras reglas de servicio y tarifas aplicables est\u00e1n disponibles sin cargo previa solicitud. P\u00f3ngase en contacto con el servicio de atenci\u00f3n al cliente al\u00a0<a href=\"tel:1-940-321-7800\">940-321-7800<\/a>\u00a0o\u00a0<a href=\"mailto:contact@coserv.com?subject=Gas%20Rate%20Inquiry\">contact@coserv.com<\/a>\u00a0para solicitar una copia.<\/p>\n<h2>\n\t\t\tAtenci\u00f3n cr\u00edtica\t<\/h2>\n\t<p>Comun\u00edquese con\u00a0<a href=\"https:\/\/www.coserv.com\/es\/contacto\/\">Atenci\u00f3n al cliente<\/a>\u00a0si un residente en sus instalaciones requiere servicio de gas para conservar la vida. Su cuenta se codificar\u00e1 como \u00abcr\u00edtica\u00bb, lo que har\u00e1 que nuestros t\u00e9cnicos de servicio sean conscientes de la necesidad m\u00e9dica en situaciones de interrupci\u00f3n del servicio.<\/p>\n<p>Se requerir\u00e1 documentaci\u00f3n de un m\u00e9dico certificado para respaldar la necesidad m\u00e9dica.\u00a0<a href=\"https:\/\/www.coserv.com\/help\/critical-care-residential-accounts\/\">Haga clic aqu\u00ed para obtener m\u00e1s informaci\u00f3n sobre el estado de la cuenta de atenci\u00f3n cr\u00edtica [EN]<\/a>.<\/p>\n<h2>\n\t\t\tSu factura de gas\t<\/h2>\n\t<p>Se env\u00edan facturas detalladas por correo aproximadamente cada 30 d\u00edas. (<a href=\"https:\/\/coserv.smarthub.coop\/Login.html\">Hay disponible notificaci\u00f3n de facturas electr\u00f3nicas) [EN].<\/a>\u00a0Los saldos se pueden pagar al recibir la factura y deben pagarse en la fecha de vencimiento o antes, que es un m\u00ednimo de 16 d\u00edas a partir del env\u00edo. La fecha de vencimiento est\u00e1 claramente indicada en la factura. Cualquier pago recibido despu\u00e9s de la fecha de vencimiento se considerar\u00e1 atrasado y se emitir\u00e1 un aviso de desconexi\u00f3n en papel. El saldo no pagado vence en 10 d\u00edas a partir de la fecha en que se emite el aviso de desconexi\u00f3n.<\/p>\n<p>La falta de recepci\u00f3n de una factura no exime al Cliente de la responsabilidad de realizar el pago. Comun\u00edquese con Atenci\u00f3n al cliente si no recibe un estado de cuenta dentro de los 30 d\u00edas siguientes al inicio del servicio de gas o si alguna vez tiene dificultades para recibir los estados de cuenta.<\/p>\n<h2>Su medidor de gas<\/h2>\n<p>Un medidor de gas mide y registra la cantidad de gas utilizada en Ccfs (un Ccf representa 100 pies c\u00fabicos). Su medidor se lee aproximadamente en la misma fecha cada mes. Las lecturas de los medidores de los meses anterior y actual aparecen en cada factura para permitirle controlar su consumo mensual de gas.<\/p>\n<h2>Lectura de su medidor de gas<\/h2>\n<p>Para obtener instrucciones sobre c\u00f3mo leer su medidor de gas, comun\u00edquese con nosotros al\u00a0<a href=\"tel:1-940-321-7800\">940-321-7800<\/a>.<\/p>\n<h2>Solicitar una prueba de medidor<\/h2>\n<p>Si tiene alguna pregunta sobre la precisi\u00f3n del medidor, se realizar\u00e1 una prueba del medidor a su solicitud. CoServ Gas le informar\u00e1 de la hora de la prueba para que usted o su representante puedan estar presentes. La prueba se realiza de forma gratuita si no se ha hecho una prueba anterior en el mismo lugar en los \u00faltimos cuatro a\u00f1os. Si se ha realizado una prueba en los \u00faltimos cuatro a\u00f1os,\u00a0<a href=\"https:\/\/www.coserv.com\/es\/acerca-de\/tarifas-y-expedientes\/\">se le facturar\u00e1 u cargo seg\u00fan los t\u00e9rminos de nuestra tarifa<\/a>.<\/p>\n<p>Si la prueba del medidor indica que el medidor est\u00e1 defectuoso por encima de su capacidad nominal, se reembolsar\u00e1 la cuota. \u00abDefectuoso por encima de su capacidad nominal\u00bb significa una desviaci\u00f3n de m\u00e1s del dos por ciento del registro preciso. Se puede hacer un ajuste a su cuenta que refleje un cargo o un cr\u00e9dito, dependiendo de si el medidor est\u00e1 registrado de manera insuficiente o excesiva.<\/p>\n<h2>\n\t\t\tFinalizaci\u00f3n del servicio\t<\/h2>\n\t<p>Los clientes tienen la obligaci\u00f3n de pagar por el gas utilizado. Cuando el pago se atrasa, se enviar\u00e1 por correo un aviso de desconexi\u00f3n por escrito al menos 10 d\u00edas antes de la fecha de desconexi\u00f3n.<\/p>\n<h2>Enfermedades graves o discapacidades f\u00edsicas<\/h2>\n<p>Si la finalizaci\u00f3n del servicio de gas causara que alguien en su hogar enferme gravemente o se enferme m\u00e1s gravemente, se deben tomar las siguientes medidas para evitar la finalizaci\u00f3n del servicio:<\/p>\n<ul>\n<li>El m\u00e9dico certificado* debe llamarnos en los 16 d\u00edas posteriores a la fecha de emisi\u00f3n de la factura.<\/li>\n<li>El m\u00e9dico certificado* debe enviarnos documentaci\u00f3n por escrito de la necesidad m\u00e9dica dentro de los 26 d\u00edas posteriores a la fecha de emisi\u00f3n de la factura.<\/li>\n<li>Una vez cumplidos los dos primeros pasos, el Cliente debe firmar un acuerdo de pago aplazado.<\/li>\n<\/ul>\n<p>*Se debe proporcionar una nueva declaraci\u00f3n del m\u00e9dico para cada vez que se solicite un retraso.<\/p>\n<h2>El servicio puede darse por terminado despu\u00e9s de un aviso por las siguientes razones<\/h2>\n<ul>\n<li>Falta de pago de la factura o de hacer disposiciones de pago antes de la fecha de desconexi\u00f3n.<\/li>\n<li>No cumplir los t\u00e9rminos de un acuerdo de pagos.<\/li>\n<li>No cumplir los t\u00e9rminos de un plan de pagos a plazos en una cuenta morosa.<\/li>\n<li>Infracci\u00f3n de las reglas sobre el uso del servicio de una manera tal que interfiera con el servicio de otros (si se ha hecho un intento razonable de notificar al Cliente y \u00e9l o ella tiene una oportunidad razonable de remediar la situaci\u00f3n).<\/li>\n<li>Infracci\u00f3n de las reglas sobre el uso del servicio por la operaci\u00f3n de equipos no est\u00e1ndar (si se ha hecho un intento razonable de notificar al Cliente y \u00e9l o ella tiene una oportunidad razonable de remediar la situaci\u00f3n).<\/li>\n<li>Incumplimiento de los requisitos de fianza o garant\u00eda.<\/li>\n<li>No realizar la solicitud adecuada de servicio con el verdadero nombre del Cliente.<\/li>\n<li>Incumplimiento de los requisitos de permiso o restricciones establecidos por la autoridad gubernamental correspondiente.<\/li>\n<li>Usar gas en violaci\u00f3n de cualquier ley, ordenanza o reglamento.<\/li>\n<li>En caso de que a nuestros representantes se les niegue el acceso a las instalaciones para leer medidores o reparar l\u00edneas de servicio u otros equipos.<\/li>\n<li>En caso de que usted desocupe las instalaciones.<\/li>\n<\/ul>\n<h2>El servicio puede cancelarse sin previo aviso por los siguientes motivos<\/h2>\n<ul>\n<li>Manipular, da\u00f1ar o eludir el medidor o el equipo de la compa\u00f1\u00eda, u otros casos de desv\u00edo o robo del servicio. Esto es ilegal y extremadamente peligroso. Y usted podr\u00eda enfrentar un posible enjuiciamiento por parte de la Oficina del Distrito Fiscal.<\/li>\n<li>Existencia de una situaci\u00f3n peligrosa conocida. El servicio no se volver\u00e1 a conectar mientras exista tal situaci\u00f3n.<\/li>\n<li>Declaraci\u00f3n fraudulenta en relaci\u00f3n con el consumo de gas o cualquier otro fraude practicado con respecto a asuntos a los que se hace referencia en nuestras reglas de servicio o en un contrato con nosotros.<\/li>\n<\/ul>\n<h2>El servicio puede ser negado por los siguientes motivos<\/h2>\n<ul>\n<li>Existencia de instalaciones que sean peligrosas, interfieran con el servicio de otros o sean inadecuadas.<\/li>\n<li>Uso de equipos o accesorios prohibidos.<\/li>\n<li>Cambio de la identidad del Cliente para evitar o evadir el pago de facturas; intenci\u00f3n de enga\u00f1ar.<\/li>\n<li>Deuda existente con CoServ Gas.<\/li>\n<li>Negativa a cumplir con los requisitos de fianza y garant\u00eda.<\/li>\n<\/ul>\n<p>Para reconectar el servicio de gas, se requerir\u00e1 el saldo completo, la fianza y la tarifa de reconexi\u00f3n. Si la confirmaci\u00f3n de pago se recibe antes de las 11:30 a.m., se puede programar una cita para la ma\u00f1ana del siguiente d\u00eda h\u00e1bil. Si la confirmaci\u00f3n de pago se recibe entre las 11:30 a.m. y las 3 p.m., se puede programar una cita para la tarde del siguiente d\u00eda h\u00e1bil. La confirmaci\u00f3n de pago se recibe despu\u00e9s de las 3 p.m., se programar\u00e1 una cita para el segundo d\u00eda h\u00e1bil.<\/p>\n<p>La manipulaci\u00f3n, elusi\u00f3n o conexi\u00f3n del servicio por parte de una persona no autorizada implicar\u00e1 cargos adicionales que incluyen, entre otros, una fianza equivalente a una sexta parte de su factura anual.<\/p>\n<h2>Pasos para evitar la cancelaci\u00f3n del servicio<\/h2>\n<p>Con el fin de evitar la cancelaci\u00f3n del servicio, el Cliente debe pagar todos los saldos pendientes adeudados o, si no puede pagar el monto total de la factura, debe firmar un acuerdo de pago diferido para pagar el saldo pendiente en cuotas. El Cliente debe continuar pagando a tiempo las facturas posteriores.Si el servicio debe darse por terminado por cualquier motivo que no sea el pago atrasado, la cancelaci\u00f3n se revertir\u00e1 cuando se haya corregido el motivo de la terminaci\u00f3n. Esto no se aplica en casos de robo o fraude.<\/p>\n<h2>Reconexi\u00f3n del servicio despu\u00e9s de la cancelaci\u00f3n<\/h2>\n<p>El servicio puede volver a conectarse despu\u00e9s de la cancelaci\u00f3n si se pagan todos los saldos pendientes adeudados. Si el servicio se ha cancelado por cualquier motivo que no sea el pago atrasado, la cancelaci\u00f3n se revertir\u00e1 cuando se haya corregido el motivo de la terminaci\u00f3n. (Estos t\u00e9rminos no se aplican en casos de robo o fraude). La reconexi\u00f3n del servicio requiere una cita.<\/p>\n<h2>\n\t\t\tControversias sobre la facturaci\u00f3n\t<\/h2>\n\t<p>En caso de un disputo sobre la facturaci\u00f3n, comun\u00edquese con Atenci\u00f3n al cliente al\u00a0<a href=\"tel:1-940-321-7800\">940-321-7800<\/a>\u00a0o por correo electr\u00f3nico en\u00a0<a href=\"mailto:contact@coserv.com?subject=Billing%20Inquiry\">contact@coserv.com<\/a>. Intentaremos resolver la controversia, pero, si no se puede resolver por tel\u00e9fono, debe proporcionar a CoServ Gas un aviso por escrito de su controversia antes de la fecha de vencimiento o pago de la factura. Incluya los motivos de su controversia. CoServ Gas investigar\u00e1 y le informar\u00e1 de sus hallazgos.El servicio de gas no se desconectar\u00e1 mientras la factura est\u00e9 en disputa o durante 60 d\u00edas despu\u00e9s de que se emita la factura, lo que ocurra antes. Sin embargo, hasta que se resuelva la controversia, es posible que deba pagar un monto promedio de la factura en lugar de la parte en disputa, y pagar todas las facturas posteriores. Si no est\u00e1 satisfecho con la revisi\u00f3n, puede apelar al municipio en el que vive.<\/p>\n<h2>Registrar una queja ante la autoridad reguladora pertinente<\/h2>\n<p>Si registra una queja ante CoServ Gas que no se maneje a su satisfacci\u00f3n, puede solicitar una revisi\u00f3n por parte del gobierno local de su ciudad. Si vive fuera de los l\u00edmites de la ciudad, comun\u00edquese con la\u00a0<a href=\"http:\/\/www.rrc.state.tx.us\/\">Comisi\u00f3n de Ferrocarriles de Texas [EN]<\/a>: Atenci\u00f3n: Divisi\u00f3n de Servicios de Gas, PO Box 12967, Austin, TX 78711-2967; por tel\u00e9fono al\u00a0<a href=\"tel:1-512-463-7164\">512-463-7164<\/a>; o por correo electr\u00f3nico en\u00a0<a href=\"mailto:GasComplaints@rrc.texas.gov\">GasComplaints@rrc.texas.gov<\/a>.<\/p>\n\n","protected":false},"excerpt":{"rendered":"<p>Derechos y responsabilidades de Gas Bienvenidos a CoServ Gas-Nuestro privilegio es brindarle un excelente servicio al cliente y una entrega segura de gas natural. Esta secci\u00f3n contiene detalles importantes sobre los derechos y responsabilidades que usted tiene como nuestro Cliente. Si tiene preguntas sobre su servicio o facturaci\u00f3n, inicie sesi\u00f3n en su cuenta en l\u00ednea&hellip;<\/p>\n","protected":false},"author":3,"featured_media":0,"parent":0,"menu_order":0,"comment_status":"closed","ping_status":"closed","template":"","meta":{"_acf_changed":false,"_relevanssi_hide_post":"","_relevanssi_hide_content":"","_relevanssi_pin_for_all":"","_relevanssi_pin_keywords":"","_relevanssi_unpin_keywords":"","_relevanssi_related_keywords":"","_relevanssi_related_include_ids":"","_relevanssi_related_exclude_ids":"","_relevanssi_related_no_append":"","_relevanssi_related_not_related":"","_relevanssi_related_posts":"2028,4825,6136,4986,520,8399","_relevanssi_noindex_reason":"","footnotes":""},"class_list":["post-15232","page","type-page","status-publish","hentry"],"acf":[],"yoast_head":"<!-- This site is optimized with the Yoast SEO Premium plugin v27.5 (Yoast SEO v27.5) - https:\/\/yoast.com\/product\/yoast-seo-premium-wordpress\/ -->\n<title>Derechos y responsabilidades de Gas - CoServ.com<\/title>\n<meta name=\"description\" content=\"Esta p\u00e1gina explica sus derechos y responsabilidades como cliente de CoServ Gas, incluyendo la seguridad, la desconexi\u00f3n del servicio y las disputas de facturaci\u00f3n.\" \/>\n<meta name=\"robots\" content=\"index, follow, max-snippet:-1, max-image-preview:large, max-video-preview:-1\" \/>\n<link rel=\"canonical\" href=\"https:\/\/www.coserv.com\/es\/derechos-y-responsabilidades-de-gas\/\" \/>\n<meta name=\"twitter:card\" content=\"summary_large_image\" \/>\n<meta name=\"twitter:title\" content=\"Derechos y responsabilidades de Gas - CoServ.com\" \/>\n<meta name=\"twitter:description\" content=\"Esta p\u00e1gina explica sus derechos y responsabilidades como cliente de CoServ Gas, incluyendo la seguridad, la desconexi\u00f3n del servicio y las disputas de facturaci\u00f3n.\" \/>\n<meta name=\"twitter:image\" content=\"https:\/\/www.coserv.com\/wp-content\/plugins\/bb-plugin\/img\/pixel.png\" \/>\n<meta name=\"twitter:site\" content=\"@CoServ\" \/>\n<meta name=\"twitter:label1\" content=\"Tiempo de lectura\" \/>\n\t<meta name=\"twitter:data1\" content=\"11 minutos\" \/>\n<script type=\"application\/ld+json\" class=\"yoast-schema-graph\">{\"@context\":\"https:\\\/\\\/schema.org\",\"@graph\":[{\"@type\":\"WebPage\",\"@id\":\"https:\\\/\\\/www.coserv.com\\\/es\\\/derechos-y-responsabilidades-de-gas\\\/\",\"url\":\"https:\\\/\\\/www.coserv.com\\\/es\\\/derechos-y-responsabilidades-de-gas\\\/\",\"name\":\"Derechos y responsabilidades de Gas - CoServ.com\",\"isPartOf\":{\"@id\":\"https:\\\/\\\/www.coserv.com\\\/es\\\/#website\"},\"primaryImageOfPage\":{\"@id\":\"https:\\\/\\\/www.coserv.com\\\/es\\\/derechos-y-responsabilidades-de-gas\\\/#primaryimage\"},\"image\":{\"@id\":\"https:\\\/\\\/www.coserv.com\\\/es\\\/derechos-y-responsabilidades-de-gas\\\/#primaryimage\"},\"thumbnailUrl\":\"https:\\\/\\\/www.coserv.com\\\/wp-content\\\/plugins\\\/bb-plugin\\\/img\\\/pixel.png\",\"datePublished\":\"2024-01-03T20:00:14+00:00\",\"dateModified\":\"2026-05-06T19:19:05+00:00\",\"description\":\"Esta p\u00e1gina explica sus derechos y responsabilidades como cliente de CoServ Gas, incluyendo la seguridad, la desconexi\u00f3n del servicio y las disputas de facturaci\u00f3n.\",\"breadcrumb\":{\"@id\":\"https:\\\/\\\/www.coserv.com\\\/es\\\/derechos-y-responsabilidades-de-gas\\\/#breadcrumb\"},\"inLanguage\":\"es\",\"potentialAction\":[{\"@type\":\"ReadAction\",\"target\":[\"https:\\\/\\\/www.coserv.com\\\/es\\\/derechos-y-responsabilidades-de-gas\\\/\"]}]},{\"@type\":\"ImageObject\",\"inLanguage\":\"es\",\"@id\":\"https:\\\/\\\/www.coserv.com\\\/es\\\/derechos-y-responsabilidades-de-gas\\\/#primaryimage\",\"url\":\"https:\\\/\\\/www.coserv.com\\\/wp-content\\\/plugins\\\/bb-plugin\\\/img\\\/pixel.png\",\"contentUrl\":\"https:\\\/\\\/www.coserv.com\\\/wp-content\\\/plugins\\\/bb-plugin\\\/img\\\/pixel.png\"},{\"@type\":\"BreadcrumbList\",\"@id\":\"https:\\\/\\\/www.coserv.com\\\/es\\\/derechos-y-responsabilidades-de-gas\\\/#breadcrumb\",\"itemListElement\":[{\"@type\":\"ListItem\",\"position\":1,\"name\":\"Home\",\"item\":\"https:\\\/\\\/www.coserv.com\\\/es\\\/\"},{\"@type\":\"ListItem\",\"position\":2,\"name\":\"Derechos y responsabilidades de Gas\"}]},{\"@type\":\"WebSite\",\"@id\":\"https:\\\/\\\/www.coserv.com\\\/es\\\/#website\",\"url\":\"https:\\\/\\\/www.coserv.com\\\/es\\\/\",\"name\":\"CoServ.com\",\"description\":\"\",\"alternateName\":\"CoServ\",\"potentialAction\":[{\"@type\":\"SearchAction\",\"target\":{\"@type\":\"EntryPoint\",\"urlTemplate\":\"https:\\\/\\\/www.coserv.com\\\/es\\\/?s={search_term_string}\"},\"query-input\":{\"@type\":\"PropertyValueSpecification\",\"valueRequired\":true,\"valueName\":\"search_term_string\"}}],\"inLanguage\":\"es\"}]}<\/script>\n<!-- \/ Yoast SEO Premium plugin. -->","yoast_head_json":{"title":"Derechos y responsabilidades de Gas - CoServ.com","description":"Esta p\u00e1gina explica sus derechos y responsabilidades como cliente de CoServ Gas, incluyendo la seguridad, la desconexi\u00f3n del servicio y las disputas de facturaci\u00f3n.","robots":{"index":"index","follow":"follow","max-snippet":"max-snippet:-1","max-image-preview":"max-image-preview:large","max-video-preview":"max-video-preview:-1"},"canonical":"https:\/\/www.coserv.com\/es\/derechos-y-responsabilidades-de-gas\/","twitter_card":"summary_large_image","twitter_title":"Derechos y responsabilidades de Gas - CoServ.com","twitter_description":"Esta p\u00e1gina explica sus derechos y responsabilidades como cliente de CoServ Gas, incluyendo la seguridad, la desconexi\u00f3n del servicio y las disputas de facturaci\u00f3n.","twitter_image":"https:\/\/www.coserv.com\/wp-content\/plugins\/bb-plugin\/img\/pixel.png","twitter_site":"@CoServ","twitter_misc":{"Tiempo de lectura":"11 minutos"},"schema":{"@context":"https:\/\/schema.org","@graph":[{"@type":"WebPage","@id":"https:\/\/www.coserv.com\/es\/derechos-y-responsabilidades-de-gas\/","url":"https:\/\/www.coserv.com\/es\/derechos-y-responsabilidades-de-gas\/","name":"Derechos y responsabilidades de Gas - CoServ.com","isPartOf":{"@id":"https:\/\/www.coserv.com\/es\/#website"},"primaryImageOfPage":{"@id":"https:\/\/www.coserv.com\/es\/derechos-y-responsabilidades-de-gas\/#primaryimage"},"image":{"@id":"https:\/\/www.coserv.com\/es\/derechos-y-responsabilidades-de-gas\/#primaryimage"},"thumbnailUrl":"https:\/\/www.coserv.com\/wp-content\/plugins\/bb-plugin\/img\/pixel.png","datePublished":"2024-01-03T20:00:14+00:00","dateModified":"2026-05-06T19:19:05+00:00","description":"Esta p\u00e1gina explica sus derechos y responsabilidades como cliente de CoServ Gas, incluyendo la seguridad, la desconexi\u00f3n del servicio y las disputas de facturaci\u00f3n.","breadcrumb":{"@id":"https:\/\/www.coserv.com\/es\/derechos-y-responsabilidades-de-gas\/#breadcrumb"},"inLanguage":"es","potentialAction":[{"@type":"ReadAction","target":["https:\/\/www.coserv.com\/es\/derechos-y-responsabilidades-de-gas\/"]}]},{"@type":"ImageObject","inLanguage":"es","@id":"https:\/\/www.coserv.com\/es\/derechos-y-responsabilidades-de-gas\/#primaryimage","url":"https:\/\/www.coserv.com\/wp-content\/plugins\/bb-plugin\/img\/pixel.png","contentUrl":"https:\/\/www.coserv.com\/wp-content\/plugins\/bb-plugin\/img\/pixel.png"},{"@type":"BreadcrumbList","@id":"https:\/\/www.coserv.com\/es\/derechos-y-responsabilidades-de-gas\/#breadcrumb","itemListElement":[{"@type":"ListItem","position":1,"name":"Home","item":"https:\/\/www.coserv.com\/es\/"},{"@type":"ListItem","position":2,"name":"Derechos y responsabilidades de Gas"}]},{"@type":"WebSite","@id":"https:\/\/www.coserv.com\/es\/#website","url":"https:\/\/www.coserv.com\/es\/","name":"CoServ.com","description":"","alternateName":"CoServ","potentialAction":[{"@type":"SearchAction","target":{"@type":"EntryPoint","urlTemplate":"https:\/\/www.coserv.com\/es\/?s={search_term_string}"},"query-input":{"@type":"PropertyValueSpecification","valueRequired":true,"valueName":"search_term_string"}}],"inLanguage":"es"}]}},"publishpress_future_action":{"enabled":false,"date":"2026-05-19 10:02:59","action":"change-status","newStatus":"draft","terms":[],"taxonomy":"translation_priority","extraData":[]},"publishpress_future_workflow_manual_trigger":{"enabledWorkflows":[]},"_links":{"self":[{"href":"https:\/\/www.coserv.com\/es\/wp-json\/wp\/v2\/pages\/15232","targetHints":{"allow":["GET"]}}],"collection":[{"href":"https:\/\/www.coserv.com\/es\/wp-json\/wp\/v2\/pages"}],"about":[{"href":"https:\/\/www.coserv.com\/es\/wp-json\/wp\/v2\/types\/page"}],"author":[{"embeddable":true,"href":"https:\/\/www.coserv.com\/es\/wp-json\/wp\/v2\/users\/3"}],"replies":[{"embeddable":true,"href":"https:\/\/www.coserv.com\/es\/wp-json\/wp\/v2\/comments?post=15232"}],"version-history":[{"count":1,"href":"https:\/\/www.coserv.com\/es\/wp-json\/wp\/v2\/pages\/15232\/revisions"}],"predecessor-version":[{"id":52965,"href":"https:\/\/www.coserv.com\/es\/wp-json\/wp\/v2\/pages\/15232\/revisions\/52965"}],"wp:attachment":[{"href":"https:\/\/www.coserv.com\/es\/wp-json\/wp\/v2\/media?parent=15232"}],"curies":[{"name":"wp","href":"https:\/\/api.w.org\/{rel}","templated":true}]}}