{"id":50679,"date":"2026-05-14T06:00:00","date_gmt":"2026-05-14T11:00:00","guid":{"rendered":"https:\/\/www.coserv.com\/inicio\/"},"modified":"2026-05-14T16:33:10","modified_gmt":"2026-05-14T21:33:10","slug":"inicio","status":"publish","type":"page","link":"https:\/\/www.coserv.com\/es\/","title":{"rendered":"Inicio"},"content":{"rendered":"\n<h1>\n\t\t\tEnerg\u00eda para impulsar tu vida\t<\/h1>\n\t<p>Entra en SmartHub para ver y pagar tu factura de la luz, ver el consumo y gestionar tu cuenta.<\/p>\n\t\t\t<a href=\"https:\/\/coserv.smarthub.coop\/Login.html\" target=\"_self\">\n\t\t\t\t\t\tInicio de sesi\u00f3n en SmartHub [EN]\n\t\t\t\t\t<\/a>\n\t<p><a href=\"https:\/\/coserv.smarthub.coop\/ui\/#\/registration\"><\/a><a href=\"https:\/\/coserv.smarthub.coop\/ui\/#\/registration\">\u00bfNo tienes cuenta? Reg\u00edstrate ahora. [EN]<\/a> <\/p>\n\t<p><a href=\"https:\/\/coserv.smarthub.coop\/PayNow.html\">Paga ahora [EN]<\/a><\/p>\n\t<p><a href=\"\/service\/residential\/moving\/\">Iniciar, detener o transferir el servicio<\/a><\/p>\n\t<p><a href=\"https:\/\/www.coserv.com\/es\/interrupciones\/\">Informar de una interrupci\u00f3n<\/a><\/p>\n\t<a href=\"https:\/\/www.coserv.com\/es\/acerca-de\/\">\n Acerca de\n<\/a>\n\t<a href=\"https:\/\/www.coserv.com\/es\/servicio\/\">\n Servicio\n<\/a>\n\t<a href=\"https:\/\/www.coserv.com\/community\/\">\n Comunidad [EN]\n<\/a>\n\t<a href=\"https:\/\/www.coserv.com\/energy-solutions\/\">\n Soluciones energ\u00e9ticas [EN]\n<\/a>\n\t<a href=\"https:\/\/www.coserv.com\/safety\/\">\n Seguridad [EN]\n<\/a>\n\n","protected":false},"excerpt":{"rendered":"<p>Energ\u00eda para impulsar tu vida Entra en SmartHub para ver y pagar tu factura de la luz, ver el consumo y gestionar tu cuenta. Inicio de sesi\u00f3n en SmartHub [EN] \u00bfNo tienes cuenta? Reg\u00edstrate ahora. [EN] Paga ahora [EN] Iniciar, detener o transferir el servicio Informar de una interrupci\u00f3n Acerca de Servicio Comunidad [EN] Soluciones&hellip;<\/p>\n","protected":false},"author":3,"featured_media":52417,"parent":0,"menu_order":3,"comment_status":"closed","ping_status":"closed","template":"","meta":{"_acf_changed":false,"_relevanssi_hide_post":"","_relevanssi_hide_content":"","_relevanssi_pin_for_all":"","_relevanssi_pin_keywords":"","_relevanssi_unpin_keywords":"","_relevanssi_related_keywords":"","_relevanssi_related_include_ids":"","_relevanssi_related_exclude_ids":"","_relevanssi_related_no_append":"","_relevanssi_related_not_related":"","_relevanssi_related_posts":"","_relevanssi_noindex_reason":"","footnotes":""},"class_list":["post-50679","page","type-page","status-publish","has-post-thumbnail","hentry"],"acf":[],"yoast_head":"<!-- This site is optimized with the Yoast SEO Premium plugin v27.5 (Yoast SEO v27.5) - https:\/\/yoast.com\/product\/yoast-seo-premium-wordpress\/ -->\n<title>Inicio - CoServ.com<\/title>\n<meta name=\"description\" content=\"CoServ es una cooperativa el\u00e9ctrica que da servicio a m\u00e1s de 341.000 contadores el\u00e9ctricos. CoServ tambi\u00e9n tiene m\u00e1s de 173.000 contadores de gas natural.\" \/>\n<meta name=\"robots\" content=\"index, follow, max-snippet:-1, max-image-preview:large, max-video-preview:-1\" \/>\n<link rel=\"canonical\" href=\"https:\/\/www.coserv.com\/es\/\" \/>\n<meta name=\"twitter:card\" content=\"summary_large_image\" \/>\n<meta name=\"twitter:title\" content=\"Inicio - CoServ.com\" \/>\n<meta name=\"twitter:description\" content=\"CoServ es una cooperativa el\u00e9ctrica que da servicio a m\u00e1s de 341.000 contadores el\u00e9ctricos. CoServ tambi\u00e9n tiene m\u00e1s de 173.000 contadores de gas natural.\" \/>\n<meta name=\"twitter:image\" content=\"https:\/\/www.coserv.com\/wp-content\/uploads\/2026\/04\/2026-CoServ_default-page-img.png\" \/>\n<meta name=\"twitter:site\" content=\"@CoServ\" \/>\n<meta name=\"twitter:label1\" content=\"Tiempo de lectura\" \/>\n\t<meta name=\"twitter:data1\" content=\"1 minuto\" \/>\n<script type=\"application\/ld+json\" class=\"yoast-schema-graph\">{\"@context\":\"https:\\\/\\\/schema.org\",\"@graph\":[{\"@type\":\"WebPage\",\"@id\":\"https:\\\/\\\/www.coserv.com\\\/es\\\/\",\"url\":\"https:\\\/\\\/www.coserv.com\\\/es\\\/\",\"name\":\"Inicio - CoServ.com\",\"isPartOf\":{\"@id\":\"https:\\\/\\\/www.coserv.com\\\/es\\\/#website\"},\"primaryImageOfPage\":{\"@id\":\"https:\\\/\\\/www.coserv.com\\\/es\\\/#primaryimage\"},\"image\":{\"@id\":\"https:\\\/\\\/www.coserv.com\\\/es\\\/#primaryimage\"},\"thumbnailUrl\":\"https:\\\/\\\/www.coserv.com\\\/wp-content\\\/uploads\\\/2026\\\/04\\\/2026-CoServ_default-page-img.png\",\"datePublished\":\"2026-05-14T11:00:00+00:00\",\"dateModified\":\"2026-05-14T21:33:10+00:00\",\"description\":\"CoServ es una cooperativa el\u00e9ctrica que da servicio a m\u00e1s de 341.000 contadores el\u00e9ctricos. CoServ tambi\u00e9n tiene m\u00e1s de 173.000 contadores de gas natural.\",\"breadcrumb\":{\"@id\":\"https:\\\/\\\/www.coserv.com\\\/es\\\/#breadcrumb\"},\"inLanguage\":\"es\",\"potentialAction\":[{\"@type\":\"ReadAction\",\"target\":[\"https:\\\/\\\/www.coserv.com\\\/es\\\/\"]}]},{\"@type\":\"ImageObject\",\"inLanguage\":\"es\",\"@id\":\"https:\\\/\\\/www.coserv.com\\\/es\\\/#primaryimage\",\"url\":\"https:\\\/\\\/www.coserv.com\\\/wp-content\\\/uploads\\\/2026\\\/04\\\/2026-CoServ_default-page-img.png\",\"contentUrl\":\"https:\\\/\\\/www.coserv.com\\\/wp-content\\\/uploads\\\/2026\\\/04\\\/2026-CoServ_default-page-img.png\",\"width\":1200,\"height\":676},{\"@type\":\"BreadcrumbList\",\"@id\":\"https:\\\/\\\/www.coserv.com\\\/es\\\/#breadcrumb\",\"itemListElement\":[{\"@type\":\"ListItem\",\"position\":1,\"name\":\"Home\",\"item\":\"https:\\\/\\\/www.coserv.com\\\/es\\\/\"},{\"@type\":\"ListItem\",\"position\":2,\"name\":\"Inicio\"}]},{\"@type\":\"WebSite\",\"@id\":\"https:\\\/\\\/www.coserv.com\\\/es\\\/#website\",\"url\":\"https:\\\/\\\/www.coserv.com\\\/es\\\/\",\"name\":\"CoServ.com\",\"description\":\"\",\"alternateName\":\"CoServ\",\"potentialAction\":[{\"@type\":\"SearchAction\",\"target\":{\"@type\":\"EntryPoint\",\"urlTemplate\":\"https:\\\/\\\/www.coserv.com\\\/es\\\/?s={search_term_string}\"},\"query-input\":{\"@type\":\"PropertyValueSpecification\",\"valueRequired\":true,\"valueName\":\"search_term_string\"}}],\"inLanguage\":\"es\"}]}<\/script>\n<!-- \/ Yoast SEO Premium plugin. -->","yoast_head_json":{"title":"Inicio - CoServ.com","description":"CoServ es una cooperativa el\u00e9ctrica que da servicio a m\u00e1s de 341.000 contadores el\u00e9ctricos. CoServ tambi\u00e9n tiene m\u00e1s de 173.000 contadores de gas natural.","robots":{"index":"index","follow":"follow","max-snippet":"max-snippet:-1","max-image-preview":"max-image-preview:large","max-video-preview":"max-video-preview:-1"},"canonical":"https:\/\/www.coserv.com\/es\/","twitter_card":"summary_large_image","twitter_title":"Inicio - CoServ.com","twitter_description":"CoServ es una cooperativa el\u00e9ctrica que da servicio a m\u00e1s de 341.000 contadores el\u00e9ctricos. CoServ tambi\u00e9n tiene m\u00e1s de 173.000 contadores de gas natural.","twitter_image":"https:\/\/www.coserv.com\/wp-content\/uploads\/2026\/04\/2026-CoServ_default-page-img.png","twitter_site":"@CoServ","twitter_misc":{"Tiempo de lectura":"1 minuto"},"schema":{"@context":"https:\/\/schema.org","@graph":[{"@type":"WebPage","@id":"https:\/\/www.coserv.com\/es\/","url":"https:\/\/www.coserv.com\/es\/","name":"Inicio - CoServ.com","isPartOf":{"@id":"https:\/\/www.coserv.com\/es\/#website"},"primaryImageOfPage":{"@id":"https:\/\/www.coserv.com\/es\/#primaryimage"},"image":{"@id":"https:\/\/www.coserv.com\/es\/#primaryimage"},"thumbnailUrl":"https:\/\/www.coserv.com\/wp-content\/uploads\/2026\/04\/2026-CoServ_default-page-img.png","datePublished":"2026-05-14T11:00:00+00:00","dateModified":"2026-05-14T21:33:10+00:00","description":"CoServ es una cooperativa el\u00e9ctrica que da servicio a m\u00e1s de 341.000 contadores el\u00e9ctricos. CoServ tambi\u00e9n tiene m\u00e1s de 173.000 contadores de gas natural.","breadcrumb":{"@id":"https:\/\/www.coserv.com\/es\/#breadcrumb"},"inLanguage":"es","potentialAction":[{"@type":"ReadAction","target":["https:\/\/www.coserv.com\/es\/"]}]},{"@type":"ImageObject","inLanguage":"es","@id":"https:\/\/www.coserv.com\/es\/#primaryimage","url":"https:\/\/www.coserv.com\/wp-content\/uploads\/2026\/04\/2026-CoServ_default-page-img.png","contentUrl":"https:\/\/www.coserv.com\/wp-content\/uploads\/2026\/04\/2026-CoServ_default-page-img.png","width":1200,"height":676},{"@type":"BreadcrumbList","@id":"https:\/\/www.coserv.com\/es\/#breadcrumb","itemListElement":[{"@type":"ListItem","position":1,"name":"Home","item":"https:\/\/www.coserv.com\/es\/"},{"@type":"ListItem","position":2,"name":"Inicio"}]},{"@type":"WebSite","@id":"https:\/\/www.coserv.com\/es\/#website","url":"https:\/\/www.coserv.com\/es\/","name":"CoServ.com","description":"","alternateName":"CoServ","potentialAction":[{"@type":"SearchAction","target":{"@type":"EntryPoint","urlTemplate":"https:\/\/www.coserv.com\/es\/?s={search_term_string}"},"query-input":{"@type":"PropertyValueSpecification","valueRequired":true,"valueName":"search_term_string"}}],"inLanguage":"es"}]}},"publishpress_future_action":{"enabled":false,"date":"2026-05-22 04:40:54","action":"change-status","newStatus":"draft","terms":[],"taxonomy":"translation_priority","extraData":[]},"publishpress_future_workflow_manual_trigger":{"enabledWorkflows":[]},"_links":{"self":[{"href":"https:\/\/www.coserv.com\/es\/wp-json\/wp\/v2\/pages\/50679","targetHints":{"allow":["GET"]}}],"collection":[{"href":"https:\/\/www.coserv.com\/es\/wp-json\/wp\/v2\/pages"}],"about":[{"href":"https:\/\/www.coserv.com\/es\/wp-json\/wp\/v2\/types\/page"}],"author":[{"embeddable":true,"href":"https:\/\/www.coserv.com\/es\/wp-json\/wp\/v2\/users\/3"}],"replies":[{"embeddable":true,"href":"https:\/\/www.coserv.com\/es\/wp-json\/wp\/v2\/comments?post=50679"}],"version-history":[{"count":5,"href":"https:\/\/www.coserv.com\/es\/wp-json\/wp\/v2\/pages\/50679\/revisions"}],"predecessor-version":[{"id":53065,"href":"https:\/\/www.coserv.com\/es\/wp-json\/wp\/v2\/pages\/50679\/revisions\/53065"}],"wp:featuredmedia":[{"embeddable":true,"href":"https:\/\/www.coserv.com\/es\/wp-json\/wp\/v2\/media\/52417"}],"wp:attachment":[{"href":"https:\/\/www.coserv.com\/es\/wp-json\/wp\/v2\/media?parent=50679"}],"curies":[{"name":"wp","href":"https:\/\/api.w.org\/{rel}","templated":true}]}}