{"id":50830,"date":"2024-04-19T08:30:10","date_gmt":"2024-04-19T13:30:10","guid":{"rendered":"https:\/\/www.coserv.com\/establecer-servicios-residenciales\/"},"modified":"2026-05-05T14:33:42","modified_gmt":"2026-05-05T19:33:42","slug":"establecer-servicios-residenciales","status":"publish","type":"page","link":"https:\/\/www.coserv.com\/es\/servicio\/residencial\/establecer-servicios-residenciales\/","title":{"rendered":"Establecer servicios residenciales"},"content":{"rendered":"","protected":false},"excerpt":{"rendered":"","protected":false},"author":3,"featured_media":50835,"parent":51001,"menu_order":16,"comment_status":"closed","ping_status":"closed","template":"","meta":{"_acf_changed":false,"_relevanssi_hide_post":"","_relevanssi_hide_content":"","_relevanssi_pin_for_all":"","_relevanssi_pin_keywords":"","_relevanssi_unpin_keywords":"","_relevanssi_related_keywords":"","_relevanssi_related_include_ids":"","_relevanssi_related_exclude_ids":"","_relevanssi_related_no_append":"","_relevanssi_related_not_related":"","_relevanssi_related_posts":"","_relevanssi_noindex_reason":"","footnotes":""},"class_list":["post-50830","page","type-page","status-publish","has-post-thumbnail","hentry"],"acf":[],"yoast_head":"<!-- This site is optimized with the Yoast SEO Premium plugin v27.5 (Yoast SEO v27.5) - https:\/\/yoast.com\/product\/yoast-seo-premium-wordpress\/ -->\n<title>Establecer servicios residenciales - CoServ.com<\/title>\n<meta name=\"description\" content=\"\u00bfNecesitas iniciar, transferir o desconectar el servicio de tu casa? Haz clic en el bot\u00f3n Solicitar servicio para empezar.\" \/>\n<meta name=\"robots\" content=\"index, follow, max-snippet:-1, max-image-preview:large, max-video-preview:-1\" \/>\n<link rel=\"canonical\" href=\"https:\/\/www.coserv.com\/es\/servicio\/residencial\/establecer-servicios-residenciales\/\" \/>\n<meta name=\"twitter:card\" content=\"summary_large_image\" \/>\n<meta name=\"twitter:title\" content=\"Establecer servicios residenciales - CoServ.com\" \/>\n<meta name=\"twitter:description\" content=\"\u00bfNecesitas iniciar, transferir o desconectar el servicio de tu casa? Haz clic en el bot\u00f3n Solicitar servicio para empezar.\" \/>\n<meta name=\"twitter:image\" content=\"https:\/\/www.coserv.com\/wp-content\/uploads\/2022\/10\/Moving_AdobeStock_449645020.jpg\" \/>\n<meta name=\"twitter:site\" content=\"@CoServ\" \/>\n<script type=\"application\/ld+json\" class=\"yoast-schema-graph\">{\"@context\":\"https:\\\/\\\/schema.org\",\"@graph\":[{\"@type\":\"WebPage\",\"@id\":\"https:\\\/\\\/www.coserv.com\\\/es\\\/servicio\\\/residencial\\\/establecer-servicios-residenciales\\\/\",\"url\":\"https:\\\/\\\/www.coserv.com\\\/es\\\/servicio\\\/residencial\\\/establecer-servicios-residenciales\\\/\",\"name\":\"Establecer servicios residenciales - CoServ.com\",\"isPartOf\":{\"@id\":\"https:\\\/\\\/www.coserv.com\\\/es\\\/#website\"},\"primaryImageOfPage\":{\"@id\":\"https:\\\/\\\/www.coserv.com\\\/es\\\/servicio\\\/residencial\\\/establecer-servicios-residenciales\\\/#primaryimage\"},\"image\":{\"@id\":\"https:\\\/\\\/www.coserv.com\\\/es\\\/servicio\\\/residencial\\\/establecer-servicios-residenciales\\\/#primaryimage\"},\"thumbnailUrl\":\"https:\\\/\\\/www.coserv.com\\\/wp-content\\\/uploads\\\/2022\\\/10\\\/Moving_AdobeStock_449645020.jpg\",\"datePublished\":\"2024-04-19T13:30:10+00:00\",\"dateModified\":\"2026-05-05T19:33:42+00:00\",\"description\":\"\u00bfNecesitas iniciar, transferir o desconectar el servicio de tu casa? Haz clic en el bot\u00f3n Solicitar servicio para empezar.\",\"breadcrumb\":{\"@id\":\"https:\\\/\\\/www.coserv.com\\\/es\\\/servicio\\\/residencial\\\/establecer-servicios-residenciales\\\/#breadcrumb\"},\"inLanguage\":\"es\",\"potentialAction\":[{\"@type\":\"ReadAction\",\"target\":[\"https:\\\/\\\/www.coserv.com\\\/es\\\/servicio\\\/residencial\\\/establecer-servicios-residenciales\\\/\"]}]},{\"@type\":\"ImageObject\",\"inLanguage\":\"es\",\"@id\":\"https:\\\/\\\/www.coserv.com\\\/es\\\/servicio\\\/residencial\\\/establecer-servicios-residenciales\\\/#primaryimage\",\"url\":\"https:\\\/\\\/www.coserv.com\\\/wp-content\\\/uploads\\\/2022\\\/10\\\/Moving_AdobeStock_449645020.jpg\",\"contentUrl\":\"https:\\\/\\\/www.coserv.com\\\/wp-content\\\/uploads\\\/2022\\\/10\\\/Moving_AdobeStock_449645020.jpg\",\"width\":1500,\"height\":600,\"caption\":\"Mudanza. Pila de cajas de cart\u00f3n y enseres dom\u00e9sticos en el cart\u00f3n blanco de una habitaci\u00f3n de apartamento vac\u00eda con espacio para copiar. Estilo de vida mudanza casa traslado desembalaje fondo concepto banner\"},{\"@type\":\"BreadcrumbList\",\"@id\":\"https:\\\/\\\/www.coserv.com\\\/es\\\/servicio\\\/residencial\\\/establecer-servicios-residenciales\\\/#breadcrumb\",\"itemListElement\":[{\"@type\":\"ListItem\",\"position\":1,\"name\":\"Home\",\"item\":\"https:\\\/\\\/www.coserv.com\\\/es\\\/\"},{\"@type\":\"ListItem\",\"position\":2,\"name\":\"Servicio\",\"item\":\"https:\\\/\\\/www.coserv.com\\\/es\\\/servicio\\\/\"},{\"@type\":\"ListItem\",\"position\":3,\"name\":\"Residencial\",\"item\":\"https:\\\/\\\/www.coserv.com\\\/es\\\/servicio\\\/residencial\\\/\"},{\"@type\":\"ListItem\",\"position\":4,\"name\":\"Establecer servicios residenciales\"}]},{\"@type\":\"WebSite\",\"@id\":\"https:\\\/\\\/www.coserv.com\\\/es\\\/#website\",\"url\":\"https:\\\/\\\/www.coserv.com\\\/es\\\/\",\"name\":\"CoServ.com\",\"description\":\"\",\"alternateName\":\"CoServ\",\"potentialAction\":[{\"@type\":\"SearchAction\",\"target\":{\"@type\":\"EntryPoint\",\"urlTemplate\":\"https:\\\/\\\/www.coserv.com\\\/es\\\/?s={search_term_string}\"},\"query-input\":{\"@type\":\"PropertyValueSpecification\",\"valueRequired\":true,\"valueName\":\"search_term_string\"}}],\"inLanguage\":\"es\"}]}<\/script>\n<!-- \/ Yoast SEO Premium plugin. -->","yoast_head_json":{"title":"Establecer servicios residenciales - CoServ.com","description":"\u00bfNecesitas iniciar, transferir o desconectar el servicio de tu casa? Haz clic en el bot\u00f3n Solicitar servicio para empezar.","robots":{"index":"index","follow":"follow","max-snippet":"max-snippet:-1","max-image-preview":"max-image-preview:large","max-video-preview":"max-video-preview:-1"},"canonical":"https:\/\/www.coserv.com\/es\/servicio\/residencial\/establecer-servicios-residenciales\/","twitter_card":"summary_large_image","twitter_title":"Establecer servicios residenciales - CoServ.com","twitter_description":"\u00bfNecesitas iniciar, transferir o desconectar el servicio de tu casa? Haz clic en el bot\u00f3n Solicitar servicio para empezar.","twitter_image":"https:\/\/www.coserv.com\/wp-content\/uploads\/2022\/10\/Moving_AdobeStock_449645020.jpg","twitter_site":"@CoServ","schema":{"@context":"https:\/\/schema.org","@graph":[{"@type":"WebPage","@id":"https:\/\/www.coserv.com\/es\/servicio\/residencial\/establecer-servicios-residenciales\/","url":"https:\/\/www.coserv.com\/es\/servicio\/residencial\/establecer-servicios-residenciales\/","name":"Establecer servicios residenciales - CoServ.com","isPartOf":{"@id":"https:\/\/www.coserv.com\/es\/#website"},"primaryImageOfPage":{"@id":"https:\/\/www.coserv.com\/es\/servicio\/residencial\/establecer-servicios-residenciales\/#primaryimage"},"image":{"@id":"https:\/\/www.coserv.com\/es\/servicio\/residencial\/establecer-servicios-residenciales\/#primaryimage"},"thumbnailUrl":"https:\/\/www.coserv.com\/wp-content\/uploads\/2022\/10\/Moving_AdobeStock_449645020.jpg","datePublished":"2024-04-19T13:30:10+00:00","dateModified":"2026-05-05T19:33:42+00:00","description":"\u00bfNecesitas iniciar, transferir o desconectar el servicio de tu casa? Haz clic en el bot\u00f3n Solicitar servicio para empezar.","breadcrumb":{"@id":"https:\/\/www.coserv.com\/es\/servicio\/residencial\/establecer-servicios-residenciales\/#breadcrumb"},"inLanguage":"es","potentialAction":[{"@type":"ReadAction","target":["https:\/\/www.coserv.com\/es\/servicio\/residencial\/establecer-servicios-residenciales\/"]}]},{"@type":"ImageObject","inLanguage":"es","@id":"https:\/\/www.coserv.com\/es\/servicio\/residencial\/establecer-servicios-residenciales\/#primaryimage","url":"https:\/\/www.coserv.com\/wp-content\/uploads\/2022\/10\/Moving_AdobeStock_449645020.jpg","contentUrl":"https:\/\/www.coserv.com\/wp-content\/uploads\/2022\/10\/Moving_AdobeStock_449645020.jpg","width":1500,"height":600,"caption":"Mudanza. Pila de cajas de cart\u00f3n y enseres dom\u00e9sticos en el cart\u00f3n blanco de una habitaci\u00f3n de apartamento vac\u00eda con espacio para copiar. Estilo de vida mudanza casa traslado desembalaje fondo concepto banner"},{"@type":"BreadcrumbList","@id":"https:\/\/www.coserv.com\/es\/servicio\/residencial\/establecer-servicios-residenciales\/#breadcrumb","itemListElement":[{"@type":"ListItem","position":1,"name":"Home","item":"https:\/\/www.coserv.com\/es\/"},{"@type":"ListItem","position":2,"name":"Servicio","item":"https:\/\/www.coserv.com\/es\/servicio\/"},{"@type":"ListItem","position":3,"name":"Residencial","item":"https:\/\/www.coserv.com\/es\/servicio\/residencial\/"},{"@type":"ListItem","position":4,"name":"Establecer servicios residenciales"}]},{"@type":"WebSite","@id":"https:\/\/www.coserv.com\/es\/#website","url":"https:\/\/www.coserv.com\/es\/","name":"CoServ.com","description":"","alternateName":"CoServ","potentialAction":[{"@type":"SearchAction","target":{"@type":"EntryPoint","urlTemplate":"https:\/\/www.coserv.com\/es\/?s={search_term_string}"},"query-input":{"@type":"PropertyValueSpecification","valueRequired":true,"valueName":"search_term_string"}}],"inLanguage":"es"}]}},"publishpress_future_action":{"enabled":false,"date":"2026-05-19 10:15:08","action":"change-status","newStatus":"draft","terms":[],"taxonomy":"translation_priority","extraData":[]},"publishpress_future_workflow_manual_trigger":{"enabledWorkflows":[]},"_links":{"self":[{"href":"https:\/\/www.coserv.com\/es\/wp-json\/wp\/v2\/pages\/50830","targetHints":{"allow":["GET"]}}],"collection":[{"href":"https:\/\/www.coserv.com\/es\/wp-json\/wp\/v2\/pages"}],"about":[{"href":"https:\/\/www.coserv.com\/es\/wp-json\/wp\/v2\/types\/page"}],"author":[{"embeddable":true,"href":"https:\/\/www.coserv.com\/es\/wp-json\/wp\/v2\/users\/3"}],"replies":[{"embeddable":true,"href":"https:\/\/www.coserv.com\/es\/wp-json\/wp\/v2\/comments?post=50830"}],"version-history":[{"count":5,"href":"https:\/\/www.coserv.com\/es\/wp-json\/wp\/v2\/pages\/50830\/revisions"}],"predecessor-version":[{"id":52902,"href":"https:\/\/www.coserv.com\/es\/wp-json\/wp\/v2\/pages\/50830\/revisions\/52902"}],"up":[{"embeddable":true,"href":"https:\/\/www.coserv.com\/es\/wp-json\/wp\/v2\/pages\/51001"}],"wp:featuredmedia":[{"embeddable":true,"href":"https:\/\/www.coserv.com\/es\/wp-json\/wp\/v2\/media\/50835"}],"wp:attachment":[{"href":"https:\/\/www.coserv.com\/es\/wp-json\/wp\/v2\/media?parent=50830"}],"curies":[{"name":"wp","href":"https:\/\/api.w.org\/{rel}","templated":true}]}}