{"id":50855,"date":"2024-12-12T20:00:35","date_gmt":"2024-12-13T02:00:35","guid":{"rendered":"https:\/\/www.coserv.com\/contacto\/"},"modified":"2026-05-05T14:46:17","modified_gmt":"2026-05-05T19:46:17","slug":"contacto","status":"publish","type":"page","link":"https:\/\/www.coserv.com\/es\/contacto\/","title":{"rendered":"Contacto"},"content":{"rendered":"\n<h1>\n\t\t\t\u00bfNecesitas ayuda? Cont\u00e1ctenos \t<\/h1>\n\t<p>Los especialistas en atenci\u00f3n al cliente est\u00e1n disponibles de lunes a viernes, de 8.00 a 17.00 horas. En momentos de gran volumen, es posible que el chat no est\u00e9 disponible temporalmente. <\/p>\n<h3>\n\t\t<a href=\"https:\/\/support.coserv.com\/hc\/en-us\/requests\/new\" title=\"Env\u00edenos un correo electr\u00f3nico\"  target=\"_self\">\n\t\t\tEnv\u00edenos un correo electr\u00f3nico\t\t<\/a>\n\t<\/h3>\n\t<p><a href=\"https:\/\/support.coserv.com\/hc\/en-us\/requests\/new\" target=\"_self\">contact@coserv.com<\/a><\/p>\n<h3>\n\t\t<a href=\"tel:1-940-321-7800\" title=\"Ll\u00e1menos\"  target=\"_self\">\n\t\t\tLl\u00e1menos\t\t<\/a>\n\t<\/h3>\n\t<p><a href=\"tel:1-940-321-7800\">940-321-7800<\/a><\/p>\n<h3>\n\t\t<a href=\"#\" title=\"Chatea con nosotros\"  target=\"_self\">\n\t\t\tChatea con nosotros\t\t<\/a>\n\t<\/h3>\n\t<p><a href=\"#\">Utilice el siguiente cuadro de ayuda<\/a><\/p>\n<h2>\n\t\t\tMejores horarios para llamar a CoServ\t<\/h2>\n<figure itemscope itemtype=\"https:\/\/schema.org\/ImageObject\">\n\t\t\t\t<img decoding=\"async\" src=\"https:\/\/www.coserv.com\/wp-content\/uploads\/2026\/01\/01-2026_img_CoServ-Best-Call-Times.jpg\" alt=\"Este gr\u00e1fico muestra los mejores momentos para llamar al servicio de atenci\u00f3n al cliente.\" height=\"434\" width=\"1100\" onerror=\"this.style.display='none'\" loading=\"lazy\" \/>\n\t<\/figure>\n\t\t\t<a href=\"https:\/\/coserv.smarthub.coop\/Login.html\" target=\"_self\">\n\t\t\t\t\t\t\tInformar de una interrupci\u00f3n [EN]\n\t\t\t\t\t<\/a>\n\t\t\t<a href=\"https:\/\/support.coserv.com\/hc\/en-us\/requests\/new?ticket_form_id=360000597833\" target=\"_self\">\n\t\t\t\t\t\t\tPeligro no urgente [EN]\n\t\t\t\t\t<\/a>\n\n","protected":false},"excerpt":{"rendered":"<p>\u00bfNecesitas ayuda? Cont\u00e1ctenos Los especialistas en atenci\u00f3n al cliente est\u00e1n disponibles de lunes a viernes, de 8.00 a 17.00 horas. En momentos de gran volumen, es posible que el chat no est\u00e9 disponible temporalmente. Env\u00edenos un correo electr\u00f3nico contact@coserv.com Ll\u00e1menos 940-321-7800 Chatea con nosotros Utilice el siguiente cuadro de ayuda Mejores horarios para llamar a&hellip;<\/p>\n","protected":false},"author":3,"featured_media":0,"parent":0,"menu_order":93,"comment_status":"closed","ping_status":"closed","template":"","meta":{"_acf_changed":false,"_relevanssi_hide_post":"","_relevanssi_hide_content":"","_relevanssi_pin_for_all":"","_relevanssi_pin_keywords":"","_relevanssi_unpin_keywords":"","_relevanssi_related_keywords":"","_relevanssi_related_include_ids":"","_relevanssi_related_exclude_ids":"","_relevanssi_related_no_append":"","_relevanssi_related_not_related":"","_relevanssi_related_posts":"","_relevanssi_noindex_reason":"","footnotes":""},"class_list":["post-50855","page","type-page","status-publish","hentry"],"acf":[],"yoast_head":"<!-- This site is optimized with the Yoast SEO Premium plugin v27.5 (Yoast SEO v27.5) - https:\/\/yoast.com\/product\/yoast-seo-premium-wordpress\/ -->\n<title>Contacto - CoServ.com<\/title>\n<meta name=\"description\" content=\"\u00bfNecesitas ayuda? Los especialistas en atenci\u00f3n al cliente est\u00e1n a su disposici\u00f3n de lunes a viernes, de 8 a 17 horas. Visite esta p\u00e1gina para consultar las opciones de tel\u00e9fono, correo electr\u00f3nico y chat.\" \/>\n<meta name=\"robots\" content=\"index, follow, max-snippet:-1, max-image-preview:large, max-video-preview:-1\" \/>\n<link rel=\"canonical\" href=\"https:\/\/www.coserv.com\/es\/contacto\/\" \/>\n<meta name=\"twitter:card\" content=\"summary_large_image\" \/>\n<meta name=\"twitter:title\" content=\"Contacto - CoServ.com\" \/>\n<meta name=\"twitter:description\" content=\"\u00bfNecesitas ayuda? Los especialistas en atenci\u00f3n al cliente est\u00e1n a su disposici\u00f3n de lunes a viernes, de 8 a 17 horas. Visite esta p\u00e1gina para consultar las opciones de tel\u00e9fono, correo electr\u00f3nico y chat.\" \/>\n<meta name=\"twitter:image\" content=\"https:\/\/www.coserv.com\/wp-content\/uploads\/2026\/01\/01-2026_img_CoServ-Best-Call-Times.jpg\" \/>\n<meta name=\"twitter:site\" content=\"@CoServ\" \/>\n<script type=\"application\/ld+json\" class=\"yoast-schema-graph\">{\"@context\":\"https:\\\/\\\/schema.org\",\"@graph\":[{\"@type\":\"WebPage\",\"@id\":\"https:\\\/\\\/www.coserv.com\\\/es\\\/contacto\\\/\",\"url\":\"https:\\\/\\\/www.coserv.com\\\/es\\\/contacto\\\/\",\"name\":\"Contacto - CoServ.com\",\"isPartOf\":{\"@id\":\"https:\\\/\\\/www.coserv.com\\\/es\\\/#website\"},\"primaryImageOfPage\":{\"@id\":\"https:\\\/\\\/www.coserv.com\\\/es\\\/contacto\\\/#primaryimage\"},\"image\":{\"@id\":\"https:\\\/\\\/www.coserv.com\\\/es\\\/contacto\\\/#primaryimage\"},\"thumbnailUrl\":\"https:\\\/\\\/www.coserv.com\\\/wp-content\\\/uploads\\\/2026\\\/01\\\/01-2026_img_CoServ-Best-Call-Times.jpg\",\"datePublished\":\"2024-12-13T02:00:35+00:00\",\"dateModified\":\"2026-05-05T19:46:17+00:00\",\"description\":\"\u00bfNecesitas ayuda? Los especialistas en atenci\u00f3n al cliente est\u00e1n a su disposici\u00f3n de lunes a viernes, de 8 a 17 horas. Visite esta p\u00e1gina para consultar las opciones de tel\u00e9fono, correo electr\u00f3nico y chat.\",\"breadcrumb\":{\"@id\":\"https:\\\/\\\/www.coserv.com\\\/es\\\/contacto\\\/#breadcrumb\"},\"inLanguage\":\"es\",\"potentialAction\":[{\"@type\":\"ReadAction\",\"target\":[\"https:\\\/\\\/www.coserv.com\\\/es\\\/contacto\\\/\"]}]},{\"@type\":\"ImageObject\",\"inLanguage\":\"es\",\"@id\":\"https:\\\/\\\/www.coserv.com\\\/es\\\/contacto\\\/#primaryimage\",\"url\":\"https:\\\/\\\/www.coserv.com\\\/wp-content\\\/uploads\\\/2026\\\/01\\\/01-2026_img_CoServ-Best-Call-Times.jpg\",\"contentUrl\":\"https:\\\/\\\/www.coserv.com\\\/wp-content\\\/uploads\\\/2026\\\/01\\\/01-2026_img_CoServ-Best-Call-Times.jpg\"},{\"@type\":\"BreadcrumbList\",\"@id\":\"https:\\\/\\\/www.coserv.com\\\/es\\\/contacto\\\/#breadcrumb\",\"itemListElement\":[{\"@type\":\"ListItem\",\"position\":1,\"name\":\"Home\",\"item\":\"https:\\\/\\\/www.coserv.com\\\/es\\\/\"},{\"@type\":\"ListItem\",\"position\":2,\"name\":\"Contacto\"}]},{\"@type\":\"WebSite\",\"@id\":\"https:\\\/\\\/www.coserv.com\\\/es\\\/#website\",\"url\":\"https:\\\/\\\/www.coserv.com\\\/es\\\/\",\"name\":\"CoServ.com\",\"description\":\"\",\"alternateName\":\"CoServ\",\"potentialAction\":[{\"@type\":\"SearchAction\",\"target\":{\"@type\":\"EntryPoint\",\"urlTemplate\":\"https:\\\/\\\/www.coserv.com\\\/es\\\/?s={search_term_string}\"},\"query-input\":{\"@type\":\"PropertyValueSpecification\",\"valueRequired\":true,\"valueName\":\"search_term_string\"}}],\"inLanguage\":\"es\"}]}<\/script>\n<!-- \/ Yoast SEO Premium plugin. -->","yoast_head_json":{"title":"Contacto - CoServ.com","description":"\u00bfNecesitas ayuda? Los especialistas en atenci\u00f3n al cliente est\u00e1n a su disposici\u00f3n de lunes a viernes, de 8 a 17 horas. Visite esta p\u00e1gina para consultar las opciones de tel\u00e9fono, correo electr\u00f3nico y chat.","robots":{"index":"index","follow":"follow","max-snippet":"max-snippet:-1","max-image-preview":"max-image-preview:large","max-video-preview":"max-video-preview:-1"},"canonical":"https:\/\/www.coserv.com\/es\/contacto\/","twitter_card":"summary_large_image","twitter_title":"Contacto - CoServ.com","twitter_description":"\u00bfNecesitas ayuda? Los especialistas en atenci\u00f3n al cliente est\u00e1n a su disposici\u00f3n de lunes a viernes, de 8 a 17 horas. Visite esta p\u00e1gina para consultar las opciones de tel\u00e9fono, correo electr\u00f3nico y chat.","twitter_image":"https:\/\/www.coserv.com\/wp-content\/uploads\/2026\/01\/01-2026_img_CoServ-Best-Call-Times.jpg","twitter_site":"@CoServ","schema":{"@context":"https:\/\/schema.org","@graph":[{"@type":"WebPage","@id":"https:\/\/www.coserv.com\/es\/contacto\/","url":"https:\/\/www.coserv.com\/es\/contacto\/","name":"Contacto - CoServ.com","isPartOf":{"@id":"https:\/\/www.coserv.com\/es\/#website"},"primaryImageOfPage":{"@id":"https:\/\/www.coserv.com\/es\/contacto\/#primaryimage"},"image":{"@id":"https:\/\/www.coserv.com\/es\/contacto\/#primaryimage"},"thumbnailUrl":"https:\/\/www.coserv.com\/wp-content\/uploads\/2026\/01\/01-2026_img_CoServ-Best-Call-Times.jpg","datePublished":"2024-12-13T02:00:35+00:00","dateModified":"2026-05-05T19:46:17+00:00","description":"\u00bfNecesitas ayuda? Los especialistas en atenci\u00f3n al cliente est\u00e1n a su disposici\u00f3n de lunes a viernes, de 8 a 17 horas. Visite esta p\u00e1gina para consultar las opciones de tel\u00e9fono, correo electr\u00f3nico y chat.","breadcrumb":{"@id":"https:\/\/www.coserv.com\/es\/contacto\/#breadcrumb"},"inLanguage":"es","potentialAction":[{"@type":"ReadAction","target":["https:\/\/www.coserv.com\/es\/contacto\/"]}]},{"@type":"ImageObject","inLanguage":"es","@id":"https:\/\/www.coserv.com\/es\/contacto\/#primaryimage","url":"https:\/\/www.coserv.com\/wp-content\/uploads\/2026\/01\/01-2026_img_CoServ-Best-Call-Times.jpg","contentUrl":"https:\/\/www.coserv.com\/wp-content\/uploads\/2026\/01\/01-2026_img_CoServ-Best-Call-Times.jpg"},{"@type":"BreadcrumbList","@id":"https:\/\/www.coserv.com\/es\/contacto\/#breadcrumb","itemListElement":[{"@type":"ListItem","position":1,"name":"Home","item":"https:\/\/www.coserv.com\/es\/"},{"@type":"ListItem","position":2,"name":"Contacto"}]},{"@type":"WebSite","@id":"https:\/\/www.coserv.com\/es\/#website","url":"https:\/\/www.coserv.com\/es\/","name":"CoServ.com","description":"","alternateName":"CoServ","potentialAction":[{"@type":"SearchAction","target":{"@type":"EntryPoint","urlTemplate":"https:\/\/www.coserv.com\/es\/?s={search_term_string}"},"query-input":{"@type":"PropertyValueSpecification","valueRequired":true,"valueName":"search_term_string"}}],"inLanguage":"es"}]}},"publishpress_future_action":{"enabled":false,"date":"2026-05-20 14:22:48","action":"change-status","newStatus":"draft","terms":[],"taxonomy":"translation_priority","extraData":[]},"publishpress_future_workflow_manual_trigger":{"enabledWorkflows":[]},"_links":{"self":[{"href":"https:\/\/www.coserv.com\/es\/wp-json\/wp\/v2\/pages\/50855","targetHints":{"allow":["GET"]}}],"collection":[{"href":"https:\/\/www.coserv.com\/es\/wp-json\/wp\/v2\/pages"}],"about":[{"href":"https:\/\/www.coserv.com\/es\/wp-json\/wp\/v2\/types\/page"}],"author":[{"embeddable":true,"href":"https:\/\/www.coserv.com\/es\/wp-json\/wp\/v2\/users\/3"}],"replies":[{"embeddable":true,"href":"https:\/\/www.coserv.com\/es\/wp-json\/wp\/v2\/comments?post=50855"}],"version-history":[{"count":2,"href":"https:\/\/www.coserv.com\/es\/wp-json\/wp\/v2\/pages\/50855\/revisions"}],"predecessor-version":[{"id":52908,"href":"https:\/\/www.coserv.com\/es\/wp-json\/wp\/v2\/pages\/50855\/revisions\/52908"}],"wp:attachment":[{"href":"https:\/\/www.coserv.com\/es\/wp-json\/wp\/v2\/media?parent=50855"}],"curies":[{"name":"wp","href":"https:\/\/api.w.org\/{rel}","templated":true}]}}