{"id":51066,"date":"2022-10-31T09:53:09","date_gmt":"2022-10-31T14:53:09","guid":{"rendered":"https:\/\/www.coserv.com\/servicio\/residencial\/comparaciones-de-tasas\/"},"modified":"2026-05-06T17:13:21","modified_gmt":"2026-05-06T22:13:21","slug":"comparaciones-de-tasas","status":"publish","type":"page","link":"https:\/\/www.coserv.com\/es\/servicio\/bienvenido-a-coserv\/comparaciones-de-tasas\/","title":{"rendered":"Comparaciones de tasas"},"content":{"rendered":"\n<h1>\n\t\t\tComparaci\u00f3n de tasas\t<\/h1>\n\t<ul role=\"tablist\">\n\t\t\t\t\t\t\t\t<li role=\"presentation\">\t\t\t\t<button type=\"button\" id=\"fl-tabs--label-0\" data-index=\"0\" role=\"tab\" aria-selected=\"true\" aria-controls=\"fl-tabs--panel-0\">\n\t\t\t\tTarifas el\u00e9ctricas\t\t\t\t<\/button>\n\t\t\t\t<\/li>\t\t\t\t\t\t\t\t<li role=\"presentation\">\t\t\t\t<button type=\"button\" id=\"fl-tabs--label-1\" data-index=\"1\" role=\"tab\" aria-selected=\"false\" aria-controls=\"fl-tabs--panel-1\">\n\t\t\t\tTarifas del gas\t\t\t\t<\/button>\n\t\t\t\t<\/li>\t\t\t\t\n\t<\/ul>\n\t\t\t\t\t<button type=\"button\" data-index=\"0\" role=\"tab\" aria-selected=\"true\" aria-controls=\"fl-tabs--panel-0\">\n\t\t\t\t\t\tTarifas el\u00e9ctricas\n\t\t\t\t\t<\/button>\n\t\t\t\t\t\t<h2>\u00bfC\u00f3mo se comparan nuestras tarifas el\u00e9ctricas?<\/h2>\n<p>Las zonas desreguladas de Texas cubren aproximadamente el 85% del estado. Entonces, \u00bfd\u00f3nde deja esto al 15% del estado que est\u00e1 exento de este sistema de compra y venta de electricidad? En el caso de CoServ, una cooperativa el\u00e9ctrica, la respuesta es: en buenas manos.<\/p>\n<p>Nuestros afiliados merecen unas tarifas el\u00e9ctricas razonables y estables. Por el contrario, la misi\u00f3n de los Proveedores Minoristas de Electricidad (REP) en el mercado desregulado es generar beneficios para los inversores. CoServ no tiene accionistas, y nuestra responsabilidad es para con nuestros Socios. Nuestra <a title=\"\/service\/residential\/residential-rates\/\" href=\"https:\/\/www.coserv.com\/es\/servicio\/residencial\/tarifas-residenciales\/\" target=\"_blank\" rel=\"noreferrer noopener\" aria-label=\"Link Standard Residential Rate\">Tarifa Residencial Est\u00e1ndar<\/a> sigue siendo competitiva con los precios fijos a 12 meses que ofrecen los REP.<\/p>\n<p><img decoding=\"async\" src=\"\/wp-content\/uploads\/2026\/05\/05-06-2026_img_ES_ElectricRatteComparison_kWh.png\" alt=\"Comparaci\u00f3n de tarifas el\u00e9ctricas por KWH\" width=\"50%\" \/><img decoding=\"async\" src=\"\/wp-content\/uploads\/2026\/05\/05-06-2026_img_ES_ElectricRateComparison_BillAmount.png\" alt=\"Comparaci\u00f3n de tarifas el\u00e9ctricas Factura total\" width=\"50%\" \/><\/p>\n<em>Gr\u00e1fico elaborado el 6 de mayo de 2026. Datos extra\u00eddos de la Comisi\u00f3n de Servicios P\u00fablicos para el contrato medio de 12 meses de REP y comparados con la tarifa residencial est\u00e1ndar de CoServ para el mismo periodo de tiempo basada en 2.000 kWh.<\/em>\n<p>&nbsp;<\/p>\n<h2>Las tarifas de CoServ se mantienen constantes<\/h2>\nCoServ no s\u00f3lo trabaja duro para garantizar que las tarifas de nuestros miembros sigan siendo competitivas, sino que tambi\u00e9n mantenemos nuestras tarifas estables, como se muestra a continuaci\u00f3n en este gr\u00e1fico de 13 meses.\n<img decoding=\"async\" src=\"\/wp-content\/uploads\/2026\/05\/05-2026_img_ES_13-month_ElectricRateComparison_kWh.png\" alt=\"Tarifa media de energ\u00eda por kWh por mes\" width=\"100%\" \/><em>El gr\u00e1fico muestra la tarifa mensual de energ\u00eda, que incluye el PCRF y el SCRF.<\/em>\n<p>&nbsp;<\/p>\n<h2>\u00bfC\u00f3mo se calcula mi factura el\u00e9ctrica?<\/h2>\n<p>La Tarifa Residencial Est\u00e1ndar de CoServ consta de cuatro partes principales.<\/p>\n<p>En primer lugar, est\u00e1 el <strong>Cargo por Energ\u00eda<\/strong><strong>,<\/strong> que es un cargo por kilovatio que se mantiene igual de mes a mes. Incluye los costes de suministro, generaci\u00f3n y distribuci\u00f3n de la electricidad.<\/p>\n<p>La segunda parte se denomina <strong>Factor de Recuperaci\u00f3n de Costes de Energ\u00eda (PCRF)<\/strong>. Las tarifas el\u00e9ctricas al por mayor fluct\u00faan de un mes a otro, normalmente reflejando el precio del gas natural. CoServ tiene en cuenta estas fluctuaciones ajustando el <strong>PCRF<\/strong> al alza o a la baja. Cuando el <strong>PCRF<\/strong> es negativo, como lo ha sido en la mayor\u00eda de los \u00faltimos a\u00f1os, se resta de la <strong>Tarifa Base. <\/strong>Cuando el PCRF es positivo, se a\u00f1ade a la <strong>Tarifa<\/strong> Base, aumentando <strong>el Cargo por Energ\u00eda<\/strong> que pagan los Miembros.<\/p>\n<p>La tercera parte es la<strong> Tarifa al Cliente, <\/strong>que es un coste fijo que permite a CoServ recuperar costes como cables, postes y otras infraestructuras.<\/p>\n<p>El cuarto y \u00faltimo componente de la factura es el <strong>Factor de Recuperaci\u00f3n de Cargos Titularizados (SCRF)<\/strong>. <a href=\"\/help\/how-is-my-rate-calculated\/\">Haz clic aqu\u00ed para saber m\u00e1s sobre c\u00f3mo se calcula tu factura [EN]<\/a>.<\/p>\n\t\t\t\t\t<button type=\"button\" data-index=\"1\" role=\"tab\" aria-selected=\"false\" aria-controls=\"fl-tabs--panel-1\">\n\t\t\t\t\t\tTarifas del gas\n\t\t\t\t\t<\/button>\n\t\t\t\t\t\t<h2>\u00bfC\u00f3mo se comparan nuestras tarifas de gas?<\/h2>\n<p>Los precios del gas natural estadounidense se han estabilizado en los \u00faltimos a\u00f1os gracias a la abundante producci\u00f3n nacional de gas y a unos inviernos relativamente suaves, que aumentaron los niveles de almacenamiento. Como cualquier materia prima, los precios al contado seguir\u00e1n fluctuando en funci\u00f3n de una serie de factores.<\/p>\n<p>Mediante acuerdos de compra anticipada y otras estrategias, CoServ Gas hace todo lo posible por mantener los precios bajos y ajusta mensualmente el Factor de Gas Comprado (PGF) para tener en cuenta las fluctuaciones de los precios al por mayor. Al comparar el precio por Ccf y el importe total de la factura, los precios de CoServ siguen siendo competitivos y m\u00e1s bajos que los de nuestro principal competidor.<\/p>\n<p><img decoding=\"async\" src=\"\/wp-content\/uploads\/2026\/05\/05-06-2026_img_ES_GasRateComparison_Ccf.png\" width=\"50%\" \/><img decoding=\"async\" src=\"\/wp-content\/uploads\/2026\/05\/05-06-2026_img_ES_GasRateComparison_BillAmount.png\" width=\"50%\" \/><\/p>\n<em>Gr\u00e1fico elaborado el 6 de mayo de 2026<\/em><em>. Datos de nuestro principal competidor de gas comparados con la tarifa de gas residencial de CoServ para el mismo periodo de tiempo basada en 75 Ccf.<\/em>\n<p>&nbsp;<\/p>\n<h2>Las tarifas de CoServ siguen siendo competitivas<\/h2>\nCoServ se esfuerza por mantener unas tarifas competitivas para nuestros afiliados. Aunque el gr\u00e1fico siguiente refleja algunas fluctuaciones en los \u00faltimos 13 meses, nos esforzamos por mantener nuestras tarifas en l\u00ednea con los est\u00e1ndares del mercado. \n<img decoding=\"async\" src=\"\/wp-content\/uploads\/2026\/05\/05-2026_img_ES_13-month_ElectricRateComparison_Ccf.png\" alt=\"Cargo medio de energ\u00eda por Ccf por mes\" width=\"100%\" \/><em>El gr\u00e1fico muestra la tarifa mensual de energ\u00eda, que incluye el PGF y el WNA.<\/em>\n<p>&nbsp;<\/p>\n<h2>\u00bfC\u00f3mo se calcula mi factura de gas?<\/h2>\n<p>La Tarifa Residencial de Gas Natural tiene varios componentes.<\/p>\n<p>En primer lugar est\u00e1 la<strong> Tarifa de Uso\/Tarifa Volum\u00e9trica, <\/strong>que permanece igual de mes a mes. Es lo que se cobra por suministrar gas natural a trav\u00e9s del sistema de distribuci\u00f3n de CoServ.<\/p>\n<p>El segundo es el <strong>Factor de Gas Comprado (PGF)<\/strong>, que representa el coste al por mayor del gas durante un ciclo de facturaci\u00f3n determinado. El <strong>PGF<\/strong> no incluye ning\u00fan beneficio ni margen de beneficio. Refleja s\u00f3lo el coste mayorista del gas en s\u00ed, m\u00e1s los costes de transporte. Fluct\u00faa de mes a mes en funci\u00f3n de los precios al por mayor.<\/p>\n<p>De diciembre a mayo, el Cliente observar\u00e1 una partida denominada <strong>Ajuste de Normalizaci\u00f3n Meteorol\u00f3gica (WNA)<\/strong>. El WNA es una norma dentro del sector de las empresas de gas natural y protege tanto a los clientes como al proveedor de gas. El c\u00e1lculo se basa en las temperaturas normales, y proporciona un ajuste si las temperaturas son m\u00e1s altas o m\u00e1s bajas de lo normal. Cuando el tiempo es m\u00e1s fr\u00edo de lo normal, el WNA ser\u00e1 negativo, restando del coste total. Cuando el tiempo es m\u00e1s c\u00e1lido de lo normal, el WNA ser\u00e1 positivo, sum\u00e1ndose a los gastos generales de gas.<\/p>\n<p><strong>Gastos del caso de las tarifas de gas<\/strong> &#8211; Durante el reciente caso de las tarifas, CoServ Gas incurri\u00f3 en gastos legales y de consultor\u00eda para preparar y proseguir el caso de las tarifas. De acuerdo con la orden de la Comisi\u00f3n de Ferrocarriles de Texas (RRC), CoServ Gas reembols\u00f3 los gastos legales y de consultor\u00eda de los municipios que intervinieron en el caso de las tarifas. La RRC permite a CoServ Gas recuperar estos costes durante un periodo aproximado de 24 meses a raz\u00f3n de 0,00324 $ por Ccf consumido. La Comisi\u00f3n revisa anualmente la recuperaci\u00f3n de estos honorarios y, en caso de que se produzca una recuperaci\u00f3n excesiva, el importe recuperado en exceso se devuelve en \u00faltima instancia a los clientes.<\/p>\n<p>Recuerda que el importe del cambio en tu factura variar\u00e1 en funci\u00f3n de otros factores como el tama\u00f1o de tu vivienda, la cantidad de gas que consumas, los impuestos, etc. Consulta la <a href=\"https:\/\/coserv.canto.com\/direct\/document\/u9b2ip858123javp7gvdj3pk0p\/1Cq9pfeBeffV_8FPP7WvEctPu8A\/original?content-type=application%2Fpdf&amp;name=09-2021_CoServGasTariff_RateSchedule.pdf\">tarifa de CoServ [EN]<\/a> Gas para conocer todos los detalles sobre las tarifas.<\/p>\n<p>\u00bfTienes preguntas sobre tu factura? <a href=\"https:\/\/support.coserv.com\/hc\/en-us\/requests\/new?ticket_form_id=360000328594\">Ponte en contacto con nosotros aqu\u00ed [EN]<\/a>.<\/p>\n\t\t\t<a href=\"https:\/\/www.coserv.com\/es\/servicio\/residencial\/tarifas-residenciales\/\" target=\"_self\">\n\t\t\t\t\t\t\tVer planes tarifarios residenciales\n\t\t\t\t\t<\/a>\n\t\t\t<a href=\"https:\/\/www.coserv.com\/es\/servicio\/comercial\/tarifas-comerciales\/\" target=\"_self\">\n\t\t\t\t\t\t\tVer planes de tarifas comerciales\n\t\t\t\t\t<\/a>\n\n","protected":false},"excerpt":{"rendered":"<p>Comparaci\u00f3n de tasas Tarifas el\u00e9ctricas Tarifas del gas Tarifas el\u00e9ctricas \u00bfC\u00f3mo se comparan nuestras tarifas el\u00e9ctricas? Las zonas desreguladas de Texas cubren aproximadamente el 85% del estado. Entonces, \u00bfd\u00f3nde deja esto al 15% del estado que est\u00e1 exento de este sistema de compra y venta de electricidad? En el caso de CoServ, una cooperativa el\u00e9ctrica,&hellip;<\/p>\n","protected":false},"author":3,"featured_media":52427,"parent":51007,"menu_order":15,"comment_status":"closed","ping_status":"closed","template":"","meta":{"_acf_changed":false,"_relevanssi_hide_post":"","_relevanssi_hide_content":"","_relevanssi_pin_for_all":"","_relevanssi_pin_keywords":"","_relevanssi_unpin_keywords":"","_relevanssi_related_keywords":"","_relevanssi_related_include_ids":"","_relevanssi_related_exclude_ids":"","_relevanssi_related_no_append":"","_relevanssi_related_not_related":"","_relevanssi_related_posts":"509,519,520,610,2028,3736","_relevanssi_noindex_reason":"","footnotes":""},"class_list":["post-51066","page","type-page","status-publish","has-post-thumbnail","hentry"],"acf":[],"yoast_head":"<!-- This site is optimized with the Yoast SEO Premium plugin v27.5 (Yoast SEO v27.5) - https:\/\/yoast.com\/product\/yoast-seo-premium-wordpress\/ -->\n<title>Comparaciones de tasas - CoServ.com<\/title>\n<meta name=\"description\" content=\"Los miembros de CoServ tienen tarifas el\u00e9ctricas asequibles y f\u00e1ciles de entender, que nunca caducan y no incluyen cargos ocultos ni letra peque\u00f1a.\" \/>\n<meta name=\"robots\" content=\"index, follow, max-snippet:-1, max-image-preview:large, max-video-preview:-1\" \/>\n<link rel=\"canonical\" href=\"https:\/\/www.coserv.com\/es\/servicio\/bienvenido-a-coserv\/comparaciones-de-tasas\/\" \/>\n<meta name=\"twitter:card\" content=\"summary_large_image\" \/>\n<meta name=\"twitter:title\" content=\"Comparaciones de tasas - CoServ.com\" \/>\n<meta name=\"twitter:description\" content=\"Los miembros de CoServ tienen tarifas el\u00e9ctricas asequibles y f\u00e1ciles de entender, que nunca caducan y no incluyen cargos ocultos ni letra peque\u00f1a.\" \/>\n<meta name=\"twitter:image\" content=\"https:\/\/www.coserv.com\/wp-content\/uploads\/2022\/12\/Transmission_AdobeStock_163964443_1500px.jpg\" \/>\n<meta name=\"twitter:site\" content=\"@CoServ\" \/>\n<meta name=\"twitter:label1\" content=\"Tiempo de lectura\" \/>\n\t<meta name=\"twitter:data1\" content=\"6 minutos\" \/>\n<script type=\"application\/ld+json\" class=\"yoast-schema-graph\">{\"@context\":\"https:\\\/\\\/schema.org\",\"@graph\":[{\"@type\":\"WebPage\",\"@id\":\"https:\\\/\\\/www.coserv.com\\\/es\\\/servicio\\\/bienvenido-a-coserv\\\/comparaciones-de-tasas\\\/\",\"url\":\"https:\\\/\\\/www.coserv.com\\\/es\\\/servicio\\\/bienvenido-a-coserv\\\/comparaciones-de-tasas\\\/\",\"name\":\"Comparaciones de tasas - CoServ.com\",\"isPartOf\":{\"@id\":\"https:\\\/\\\/www.coserv.com\\\/es\\\/#website\"},\"primaryImageOfPage\":{\"@id\":\"https:\\\/\\\/www.coserv.com\\\/es\\\/servicio\\\/bienvenido-a-coserv\\\/comparaciones-de-tasas\\\/#primaryimage\"},\"image\":{\"@id\":\"https:\\\/\\\/www.coserv.com\\\/es\\\/servicio\\\/bienvenido-a-coserv\\\/comparaciones-de-tasas\\\/#primaryimage\"},\"thumbnailUrl\":\"https:\\\/\\\/www.coserv.com\\\/wp-content\\\/uploads\\\/2022\\\/12\\\/Transmission_AdobeStock_163964443_1500px.jpg\",\"datePublished\":\"2022-10-31T14:53:09+00:00\",\"dateModified\":\"2026-05-06T22:13:21+00:00\",\"description\":\"Los miembros de CoServ tienen tarifas el\u00e9ctricas asequibles y f\u00e1ciles de entender, que nunca caducan y no incluyen cargos ocultos ni letra peque\u00f1a.\",\"breadcrumb\":{\"@id\":\"https:\\\/\\\/www.coserv.com\\\/es\\\/servicio\\\/bienvenido-a-coserv\\\/comparaciones-de-tasas\\\/#breadcrumb\"},\"inLanguage\":\"es\",\"potentialAction\":[{\"@type\":\"ReadAction\",\"target\":[\"https:\\\/\\\/www.coserv.com\\\/es\\\/servicio\\\/bienvenido-a-coserv\\\/comparaciones-de-tasas\\\/\"]}]},{\"@type\":\"ImageObject\",\"inLanguage\":\"es\",\"@id\":\"https:\\\/\\\/www.coserv.com\\\/es\\\/servicio\\\/bienvenido-a-coserv\\\/comparaciones-de-tasas\\\/#primaryimage\",\"url\":\"https:\\\/\\\/www.coserv.com\\\/wp-content\\\/uploads\\\/2022\\\/12\\\/Transmission_AdobeStock_163964443_1500px.jpg\",\"contentUrl\":\"https:\\\/\\\/www.coserv.com\\\/wp-content\\\/uploads\\\/2022\\\/12\\\/Transmission_AdobeStock_163964443_1500px.jpg\",\"width\":1500,\"height\":600,\"caption\":\"Group silhouette of transmission towers (power tower, electricity pylon, steel lattice tower) at twilight in US. Texture high voltage pillar, overhead power line, industrial background. Panorama style\"},{\"@type\":\"BreadcrumbList\",\"@id\":\"https:\\\/\\\/www.coserv.com\\\/es\\\/servicio\\\/bienvenido-a-coserv\\\/comparaciones-de-tasas\\\/#breadcrumb\",\"itemListElement\":[{\"@type\":\"ListItem\",\"position\":1,\"name\":\"Home\",\"item\":\"https:\\\/\\\/www.coserv.com\\\/es\\\/\"},{\"@type\":\"ListItem\",\"position\":2,\"name\":\"Servicio\",\"item\":\"https:\\\/\\\/www.coserv.com\\\/es\\\/servicio\\\/\"},{\"@type\":\"ListItem\",\"position\":3,\"name\":\"Bienvenido a CoServ\",\"item\":\"https:\\\/\\\/www.coserv.com\\\/es\\\/servicio\\\/bienvenido-a-coserv\\\/\"},{\"@type\":\"ListItem\",\"position\":4,\"name\":\"Comparaciones de tasas\"}]},{\"@type\":\"WebSite\",\"@id\":\"https:\\\/\\\/www.coserv.com\\\/es\\\/#website\",\"url\":\"https:\\\/\\\/www.coserv.com\\\/es\\\/\",\"name\":\"CoServ.com\",\"description\":\"\",\"alternateName\":\"CoServ\",\"potentialAction\":[{\"@type\":\"SearchAction\",\"target\":{\"@type\":\"EntryPoint\",\"urlTemplate\":\"https:\\\/\\\/www.coserv.com\\\/es\\\/?s={search_term_string}\"},\"query-input\":{\"@type\":\"PropertyValueSpecification\",\"valueRequired\":true,\"valueName\":\"search_term_string\"}}],\"inLanguage\":\"es\"}]}<\/script>\n<!-- \/ Yoast SEO Premium plugin. -->","yoast_head_json":{"title":"Comparaciones de tasas - CoServ.com","description":"Los miembros de CoServ tienen tarifas el\u00e9ctricas asequibles y f\u00e1ciles de entender, que nunca caducan y no incluyen cargos ocultos ni letra peque\u00f1a.","robots":{"index":"index","follow":"follow","max-snippet":"max-snippet:-1","max-image-preview":"max-image-preview:large","max-video-preview":"max-video-preview:-1"},"canonical":"https:\/\/www.coserv.com\/es\/servicio\/bienvenido-a-coserv\/comparaciones-de-tasas\/","twitter_card":"summary_large_image","twitter_title":"Comparaciones de tasas - CoServ.com","twitter_description":"Los miembros de CoServ tienen tarifas el\u00e9ctricas asequibles y f\u00e1ciles de entender, que nunca caducan y no incluyen cargos ocultos ni letra peque\u00f1a.","twitter_image":"https:\/\/www.coserv.com\/wp-content\/uploads\/2022\/12\/Transmission_AdobeStock_163964443_1500px.jpg","twitter_site":"@CoServ","twitter_misc":{"Tiempo de lectura":"6 minutos"},"schema":{"@context":"https:\/\/schema.org","@graph":[{"@type":"WebPage","@id":"https:\/\/www.coserv.com\/es\/servicio\/bienvenido-a-coserv\/comparaciones-de-tasas\/","url":"https:\/\/www.coserv.com\/es\/servicio\/bienvenido-a-coserv\/comparaciones-de-tasas\/","name":"Comparaciones de tasas - CoServ.com","isPartOf":{"@id":"https:\/\/www.coserv.com\/es\/#website"},"primaryImageOfPage":{"@id":"https:\/\/www.coserv.com\/es\/servicio\/bienvenido-a-coserv\/comparaciones-de-tasas\/#primaryimage"},"image":{"@id":"https:\/\/www.coserv.com\/es\/servicio\/bienvenido-a-coserv\/comparaciones-de-tasas\/#primaryimage"},"thumbnailUrl":"https:\/\/www.coserv.com\/wp-content\/uploads\/2022\/12\/Transmission_AdobeStock_163964443_1500px.jpg","datePublished":"2022-10-31T14:53:09+00:00","dateModified":"2026-05-06T22:13:21+00:00","description":"Los miembros de CoServ tienen tarifas el\u00e9ctricas asequibles y f\u00e1ciles de entender, que nunca caducan y no incluyen cargos ocultos ni letra peque\u00f1a.","breadcrumb":{"@id":"https:\/\/www.coserv.com\/es\/servicio\/bienvenido-a-coserv\/comparaciones-de-tasas\/#breadcrumb"},"inLanguage":"es","potentialAction":[{"@type":"ReadAction","target":["https:\/\/www.coserv.com\/es\/servicio\/bienvenido-a-coserv\/comparaciones-de-tasas\/"]}]},{"@type":"ImageObject","inLanguage":"es","@id":"https:\/\/www.coserv.com\/es\/servicio\/bienvenido-a-coserv\/comparaciones-de-tasas\/#primaryimage","url":"https:\/\/www.coserv.com\/wp-content\/uploads\/2022\/12\/Transmission_AdobeStock_163964443_1500px.jpg","contentUrl":"https:\/\/www.coserv.com\/wp-content\/uploads\/2022\/12\/Transmission_AdobeStock_163964443_1500px.jpg","width":1500,"height":600,"caption":"Group silhouette of transmission towers (power tower, electricity pylon, steel lattice tower) at twilight in US. Texture high voltage pillar, overhead power line, industrial background. Panorama style"},{"@type":"BreadcrumbList","@id":"https:\/\/www.coserv.com\/es\/servicio\/bienvenido-a-coserv\/comparaciones-de-tasas\/#breadcrumb","itemListElement":[{"@type":"ListItem","position":1,"name":"Home","item":"https:\/\/www.coserv.com\/es\/"},{"@type":"ListItem","position":2,"name":"Servicio","item":"https:\/\/www.coserv.com\/es\/servicio\/"},{"@type":"ListItem","position":3,"name":"Bienvenido a CoServ","item":"https:\/\/www.coserv.com\/es\/servicio\/bienvenido-a-coserv\/"},{"@type":"ListItem","position":4,"name":"Comparaciones de tasas"}]},{"@type":"WebSite","@id":"https:\/\/www.coserv.com\/es\/#website","url":"https:\/\/www.coserv.com\/es\/","name":"CoServ.com","description":"","alternateName":"CoServ","potentialAction":[{"@type":"SearchAction","target":{"@type":"EntryPoint","urlTemplate":"https:\/\/www.coserv.com\/es\/?s={search_term_string}"},"query-input":{"@type":"PropertyValueSpecification","valueRequired":true,"valueName":"search_term_string"}}],"inLanguage":"es"}]}},"publishpress_future_action":{"enabled":false,"date":"2026-05-20 15:08:36","action":"change-status","newStatus":"draft","terms":[],"taxonomy":"translation_priority","extraData":[]},"publishpress_future_workflow_manual_trigger":{"enabledWorkflows":[]},"_links":{"self":[{"href":"https:\/\/www.coserv.com\/es\/wp-json\/wp\/v2\/pages\/51066","targetHints":{"allow":["GET"]}}],"collection":[{"href":"https:\/\/www.coserv.com\/es\/wp-json\/wp\/v2\/pages"}],"about":[{"href":"https:\/\/www.coserv.com\/es\/wp-json\/wp\/v2\/types\/page"}],"author":[{"embeddable":true,"href":"https:\/\/www.coserv.com\/es\/wp-json\/wp\/v2\/users\/3"}],"replies":[{"embeddable":true,"href":"https:\/\/www.coserv.com\/es\/wp-json\/wp\/v2\/comments?post=51066"}],"version-history":[{"count":5,"href":"https:\/\/www.coserv.com\/es\/wp-json\/wp\/v2\/pages\/51066\/revisions"}],"predecessor-version":[{"id":52984,"href":"https:\/\/www.coserv.com\/es\/wp-json\/wp\/v2\/pages\/51066\/revisions\/52984"}],"up":[{"embeddable":true,"href":"https:\/\/www.coserv.com\/es\/wp-json\/wp\/v2\/pages\/51007"}],"wp:featuredmedia":[{"embeddable":true,"href":"https:\/\/www.coserv.com\/es\/wp-json\/wp\/v2\/media\/52427"}],"wp:attachment":[{"href":"https:\/\/www.coserv.com\/es\/wp-json\/wp\/v2\/media?parent=51066"}],"curies":[{"name":"wp","href":"https:\/\/api.w.org\/{rel}","templated":true}]}}