{"id":51089,"date":"2022-11-21T09:34:44","date_gmt":"2022-11-21T15:34:44","guid":{"rendered":"https:\/\/www.coserv.com\/servicio\/comercial\/establecer-un-servicio-comercial\/"},"modified":"2026-05-05T14:24:06","modified_gmt":"2026-05-05T19:24:06","slug":"establecer-un-servicio-comercial","status":"publish","type":"page","link":"https:\/\/www.coserv.com\/es\/servicio\/comercial\/establecer-un-servicio-comercial\/","title":{"rendered":"Establecer un servicio comercial"},"content":{"rendered":"\n<figure itemscope itemtype=\"https:\/\/schema.org\/ImageObject\">\n\t\t\t\t<img decoding=\"async\" src=\"https:\/\/www.coserv.com\/wp-content\/plugins\/bb-plugin\/img\/pixel.png\" alt=\"\" onerror=\"this.style.display='none'\" loading=\"lazy\" \/>\n\t<\/figure>\n<h1>\n\t\t\tEstablecer un servicio comercial\t<\/h1>\n\t<p>\u00bfNecesitas servicio el\u00e9ctrico o de gas natural para tu empresa? CoServ est\u00e1 preparado para alimentar tu negocio con soluciones energ\u00e9ticas fiables, seguras y asequibles. <\/p>\n<h2>\n\t\t\t  Servicio el\u00e9ctrico\t<\/h2>\n\t<h3><a href=\"#\">Iniciar servicio<\/a><\/h3>\n<p>\u00bfEres nuevo en el territorio CoServ? \u00bfNo est\u00e1s seguro de si est\u00e1s en nuestro territorio de servicio? <a href=\"\/servicemap\/\" target=\"_blank\" rel=\"noopener\">Haz clic aqu\u00ed para ver un mapa interactivo [EN]<\/a> que muestra nuestro territorio de servicio.<\/p>\n<p><strong>Inicia el proceso<\/strong> envi\u00e1ndonos un correo electr\u00f3nico a <a href=\"mailto:contact@coserv.com?subject=Start%20Commercial%20Electric%20Service\">contact@coserv.com<\/a> o llamando a Atenci\u00f3n al Cliente al <a href=\"tel:1-940-321-7800\">940-321-7800<\/a> y selecciona la opci\u00f3n Comercial.<\/p>\n<p>Aqu\u00ed tienes los detalles sobre nuestras tarifas de apertura, incluida una tarifa de conexi\u00f3n para procesar solicitudes en cuentas nuevas:<\/p>\n<p><strong>Necesitar\u00e1s la siguiente informaci\u00f3n:<\/strong><\/p>\n<ul>\n<li>Direcci\u00f3n de servicio<\/li>\n<li>Fecha de inicio<\/li>\n<li>N\u00famero de tel\u00e9fono<\/li>\n<li><a href=\"https:\/\/www.coserv.com\/help\/letter-of-authorization-requirements\/\" target=\"_blank\" rel=\"noopener\">Carta de autorizaci\u00f3n [EN]<\/a><\/li>\n<li>N\u00famero de identificaci\u00f3n fiscal del Estado de Texas, n\u00famero de presentaci\u00f3n del Estado de Texas o n\u00famero FEIN<\/li>\n<\/ul>\n<p><strong>Tasas el\u00e9ctricas<\/strong>:<\/p>\n<ul>\n<li>40 $ Tasa de conexi\u00f3n al servicio el\u00e9ctrico<\/li>\n<li>Dep\u00f3sito el\u00e9ctrico reembolsable<\/li>\n<li>Para el <strong>servicio el\u00e9ctrico<\/strong>, los dep\u00f3sitos no superar\u00e1n 1\/6 de tu factura el\u00e9ctrica anual (Comercial m\u00edn. 180,00$; Industrial m\u00edn. 1.540,00$).<\/li>\n<li><strong>Te reembolsaremos cualquier dep\u00f3sito en tu cuenta<\/strong> despu\u00e9s de que se cierre tu cuenta o despu\u00e9s de que recibamos el pago de 24 facturas consecutivas con no m\u00e1s de un retraso en el pago y cero desconexiones por impago.<\/li>\n<\/ul>\n<h3><a href=\"#\">Servicio de traslados<\/a><\/h3>\n<p><strong>\u00bfTu empresa se traslada a otro lugar? <\/strong>Inicia el proceso envi\u00e1ndonos un correo electr\u00f3nico a <a href=\"mailto:contact@coserv.com?subject=Transfer%20Commercial%20Electric%20Service\">contact@coserv.com<\/a> o llamando a Atenci\u00f3n al Cliente al <a href=\"tel:1-940-321-7800\">940 321-7800<\/a> y selecciona la opci\u00f3n Comercial.<\/p>\n<p>Aqu\u00ed tienes los detalles sobre nuestras tarifas de apertura, incluida una tarifa de conexi\u00f3n para procesar solicitudes en cuentas nuevas:<\/p>\n<p><strong>Tasas el\u00e9ctricas<\/strong>:<\/p>\n<ul>\n<li>40 $ Tasa de conexi\u00f3n al servicio el\u00e9ctrico<\/li>\n<li>Dep\u00f3sito el\u00e9ctrico reembolsable<\/li>\n<li>Para el <strong>servicio el\u00e9ctrico<\/strong>, los dep\u00f3sitos ser\u00e1n de 1\/6 de la factura el\u00e9ctrica anual de tu empresa (Comercial m\u00edn. 180,00 $; Industrial m\u00edn. 1.540,00 $).<\/li>\n<li><strong>Te reembolsaremos cualquier dep\u00f3sito en tu cuenta<\/strong> despu\u00e9s de que se cierre tu cuenta o despu\u00e9s de que recibamos el pago de 24 facturas consecutivas con no m\u00e1s de un retraso en el pago y cero desconexiones por impago.<\/li>\n<\/ul>\n<h3><a href=\"#\">Detener el servicio<\/a><\/h3>\n<p><strong>\u00bfTe mudas fuera del territorio de CoServ?<\/strong> Env\u00eda un correo electr\u00f3nico <a href=\"mailto:contact@coserv.com?subject=Stop%20Commercial%20Electric%20Service\">a contact@coserv.com<\/a> o llama a Atenci\u00f3n al Cliente al <a href=\"tel:1-940-321-7800\">940-321-7800<\/a> y selecciona la opci\u00f3n Comercial para solicitar la desconexi\u00f3n.<\/p>\n<p>Aseg\u00farate de mantenernos al d\u00eda sobre futuras direcciones (aunque sea fuera del territorio de CoServ) para que podamos ponernos en contacto contigo sobre tus <a href=\"https:\/\/www.coserv.com\/about\/capital-credits\/\">Cr\u00e9ditos de Capital [EN]<\/a>. Para hacer un cambio de direcci\u00f3n, s\u00f3lo tienes que enviarnos un correo electr\u00f3nico a <a href=\"mailto:contact@coserv.com?subject=Former%20Member%20address%20change\">contact@coserv.com.<\/a><\/p>\n<h2>\n\t\t\t  Servicio de gas natural<\/h2>\t\n\t<h3><a href=\"#\">Iniciar servicio<\/a><\/h3>\n<p>CoServ se enorgullece de ofrecer un excelente servicio al cliente y eso empieza por conseguir que el gas natural fluya en tu negocio.<\/p>\n<p><strong>Inicia el proceso<\/strong> envi\u00e1ndonos un correo electr\u00f3nico a <a href=\"mailto:contact@coserv.com?subject=Start%20Commercial%20Gas%20Service\">contact@coserv.com<\/a> o llamando a Atenci\u00f3n al Cliente al <a href=\"tel:1-940-321-7800\">940-321-7800<\/a> y selecciona la opci\u00f3n Comercial.<\/p>\n<p><strong>Necesitar\u00e1s la siguiente informaci\u00f3n:<\/strong><\/p>\n<ul>\n<li>Direcci\u00f3n de servicio<\/li>\n<li>Fecha de inicio<\/li>\n<li>N\u00famero de tel\u00e9fono<\/li>\n<li><a href=\"https:\/\/www.coserv.com\/help\/letter-of-authorization-requirements\/\" target=\"_blank\" rel=\"noopener\">Carta de autorizaci\u00f3n [EN]<\/a><\/li>\n<li>N\u00famero de identificaci\u00f3n fiscal del Estado de Texas, n\u00famero de presentaci\u00f3n del Estado de Texas o n\u00famero FEIN<\/li>\n<\/ul>\n<p><strong>Tasas de gas<\/strong>:<\/p>\n<ul>\n<li>19 $ Tasa de lectura inicial del contador de gas (si hay gas en el lugar)<\/li>\n<li>65 $ Tasa inicial de conexi\u00f3n de gas (si el gas est\u00e1 cortado en el lugar)<\/li>\n<li>Dep\u00f3sito de gas reembolsable de 60<\/li>\n<li>Al iniciar el <strong>servicio de gas<\/strong>, el dep\u00f3sito inicial ser\u00e1 de 60 $.<\/li>\n<li>Si se <strong>desconecta la<\/strong> cuenta <strong>por falta de pago<\/strong>, puede exigirse un dep\u00f3sito adicional equivalente a 1\/6 de la factura anual de gas para volver a conectar.<\/li>\n<li><strong>Te reembolsaremos cualquier dep\u00f3sito en tu cuenta<\/strong> despu\u00e9s de que se cierre tu cuenta o despu\u00e9s de que recibamos el pago de 12 facturas consecutivas sin m\u00e1s de un retraso en el pago y sin desconexiones por impago.<\/li>\n<\/ul>\n<h3><a href=\"#\">Servicio de traslados<\/a><\/h3>\n<p><strong>Para transferir el servicio<\/strong>, llama a nuestro Centro de Atenci\u00f3n al Cliente al <a href=\"tel:1-940-321-7800\">940-321-7800<\/a>, de lunes a viernes, de 8 a.m. a 5 p.m. (CST) o env\u00eda un correo electr\u00f3nico <a href=\"mailto:contact@coserv.com?subject=Transfer%20Commercial%20Gas%20Service\">a contact@coserv.com.<\/a><\/p>\n<p><strong>Tasas de gas<\/strong>:<\/p>\n<ul>\n<li>19 $ Tasa de lectura inicial del contador de gas (si hay gas en el lugar)<\/li>\n<li>65 $ Tasa inicial de conexi\u00f3n de gas (si el gas est\u00e1 cortado en el lugar)<\/li>\n<li>Dep\u00f3sito de gas reembolsable<\/li>\n<li>Al transferir <strong>el servicio de gas<\/strong>, el dep\u00f3sito inicial (si se requiere) ser\u00e1 de 60$.<\/li>\n<li>Si se <strong>desconecta la<\/strong> cuenta <strong>por falta de pago<\/strong>, puede exigirse un dep\u00f3sito adicional equivalente a 1\/6 de la factura anual de gas para volver a conectar.<\/li>\n<li><strong>Te reembolsaremos cualquier dep\u00f3sito en tu cuenta<\/strong> despu\u00e9s de que se cierre tu cuenta o despu\u00e9s de que recibamos el pago de 12 facturas consecutivas sin m\u00e1s de un retraso en el pago y sin desconexiones por impago.<\/li>\n<\/ul>\n<h3><a href=\"#\">Detener el servicio<\/a><\/h3>\n<p><strong>Inicia el proceso<\/strong> envi\u00e1ndonos un correo electr\u00f3nico a <a href=\"mailto:contact@coserv.com?subject=Stop%20Commercial%20Gas%20Service\">contact@coserv.com<\/a> o llamando a Atenci\u00f3n al Cliente al <a href=\"tel:1-940-321-7800\">940-321-7800<\/a> y selecciona la opci\u00f3n Comercial.<\/p>\n\t<h3>CIERRE DE OFICINAS DURANTE LAS VACACIONES<\/h3>\n<strong>Viernes Santo<\/strong><br \/>\nViernes, 3 de abril\n<strong>D\u00eda de los Ca\u00eddos<\/strong><br \/>\nLunes, 25 de mayo\n<strong>D\u00eda de la Emancipaci\u00f3n (Juneteenth)<\/strong><br \/>\nViernes, 19 de junio\n<strong>D\u00eda de la Independencia<\/strong><br \/>\nViernes, 3 de julio\n<strong>D\u00eda del Trabajo<\/strong><br \/>\nLunes, 7 de septiembre\n<strong>D\u00eda de Acci\u00f3n de Gracias<\/strong><br \/>\nJueves y viernes<br \/>\n26 y 27 de noviembre\n<strong>Navidad<\/strong><br \/>\nJueves y viernes<br \/>\n24 y 25 de diciembre\n<strong>D\u00eda de A\u00f1o Nuevo<\/strong><br \/>\nViernes, 1 de enero de 2027\n\n","protected":false},"excerpt":{"rendered":"<p>Establecer un servicio comercial \u00bfNecesitas servicio el\u00e9ctrico o de gas natural para tu empresa? CoServ est\u00e1 preparado para alimentar tu negocio con soluciones energ\u00e9ticas fiables, seguras y asequibles. Servicio el\u00e9ctrico Iniciar servicio \u00bfEres nuevo en el territorio CoServ? \u00bfNo est\u00e1s seguro de si est\u00e1s en nuestro territorio de servicio? Haz clic aqu\u00ed para ver un&hellip;<\/p>\n","protected":false},"author":3,"featured_media":51064,"parent":51058,"menu_order":10,"comment_status":"closed","ping_status":"closed","template":"","meta":{"_acf_changed":false,"_relevanssi_hide_post":"","_relevanssi_hide_content":"","_relevanssi_pin_for_all":"","_relevanssi_pin_keywords":"","_relevanssi_unpin_keywords":"","_relevanssi_related_keywords":"","_relevanssi_related_include_ids":"","_relevanssi_related_exclude_ids":"","_relevanssi_related_no_append":"","_relevanssi_related_not_related":"","_relevanssi_related_posts":"","_relevanssi_noindex_reason":"","footnotes":""},"class_list":["post-51089","page","type-page","status-publish","has-post-thumbnail","hentry"],"acf":[],"yoast_head":"<!-- This site is optimized with the Yoast SEO Premium plugin v27.5 (Yoast SEO v27.5) - https:\/\/yoast.com\/product\/yoast-seo-premium-wordpress\/ -->\n<title>Establecer un servicio comercial - CoServ.com<\/title>\n<meta name=\"description\" content=\"\u00bfNecesitas iniciar, transferir o desconectar el servicio de tu empresa? Haz clic en el bot\u00f3n Solicitar servicio para empezar.\" \/>\n<meta name=\"robots\" content=\"index, follow, max-snippet:-1, max-image-preview:large, max-video-preview:-1\" \/>\n<link rel=\"canonical\" href=\"https:\/\/www.coserv.com\/es\/servicio\/comercial\/establecer-un-servicio-comercial\/\" \/>\n<meta name=\"twitter:card\" content=\"summary_large_image\" \/>\n<meta name=\"twitter:title\" content=\"Establecer un servicio comercial - CoServ.com\" \/>\n<meta name=\"twitter:description\" content=\"\u00bfNecesitas iniciar, transferir o desconectar el servicio de tu empresa? Haz clic en el bot\u00f3n Solicitar servicio para empezar.\" \/>\n<meta name=\"twitter:image\" content=\"https:\/\/www.coserv.com\/wp-content\/uploads\/2022\/12\/Business-Open-Sign_AdobeStock_288273284_1500px.jpg\" \/>\n<meta name=\"twitter:site\" content=\"@CoServ\" \/>\n<meta name=\"twitter:label1\" content=\"Tiempo de lectura\" \/>\n\t<meta name=\"twitter:data1\" content=\"5 minutos\" \/>\n<script type=\"application\/ld+json\" class=\"yoast-schema-graph\">{\"@context\":\"https:\\\/\\\/schema.org\",\"@graph\":[{\"@type\":\"WebPage\",\"@id\":\"https:\\\/\\\/www.coserv.com\\\/es\\\/servicio\\\/comercial\\\/establecer-un-servicio-comercial\\\/\",\"url\":\"https:\\\/\\\/www.coserv.com\\\/es\\\/servicio\\\/comercial\\\/establecer-un-servicio-comercial\\\/\",\"name\":\"Establecer un servicio comercial - CoServ.com\",\"isPartOf\":{\"@id\":\"https:\\\/\\\/www.coserv.com\\\/es\\\/#website\"},\"primaryImageOfPage\":{\"@id\":\"https:\\\/\\\/www.coserv.com\\\/es\\\/servicio\\\/comercial\\\/establecer-un-servicio-comercial\\\/#primaryimage\"},\"image\":{\"@id\":\"https:\\\/\\\/www.coserv.com\\\/es\\\/servicio\\\/comercial\\\/establecer-un-servicio-comercial\\\/#primaryimage\"},\"thumbnailUrl\":\"https:\\\/\\\/www.coserv.com\\\/wp-content\\\/uploads\\\/2022\\\/12\\\/Business-Open-Sign_AdobeStock_288273284_1500px.jpg\",\"datePublished\":\"2022-11-21T15:34:44+00:00\",\"dateModified\":\"2026-05-05T19:24:06+00:00\",\"description\":\"\u00bfNecesitas iniciar, transferir o desconectar el servicio de tu empresa? Haz clic en el bot\u00f3n Solicitar servicio para empezar.\",\"breadcrumb\":{\"@id\":\"https:\\\/\\\/www.coserv.com\\\/es\\\/servicio\\\/comercial\\\/establecer-un-servicio-comercial\\\/#breadcrumb\"},\"inLanguage\":\"es\",\"potentialAction\":[{\"@type\":\"ReadAction\",\"target\":[\"https:\\\/\\\/www.coserv.com\\\/es\\\/servicio\\\/comercial\\\/establecer-un-servicio-comercial\\\/\"]}]},{\"@type\":\"ImageObject\",\"inLanguage\":\"es\",\"@id\":\"https:\\\/\\\/www.coserv.com\\\/es\\\/servicio\\\/comercial\\\/establecer-un-servicio-comercial\\\/#primaryimage\",\"url\":\"https:\\\/\\\/www.coserv.com\\\/wp-content\\\/uploads\\\/2022\\\/12\\\/Business-Open-Sign_AdobeStock_288273284_1500px.jpg\",\"contentUrl\":\"https:\\\/\\\/www.coserv.com\\\/wp-content\\\/uploads\\\/2022\\\/12\\\/Business-Open-Sign_AdobeStock_288273284_1500px.jpg\",\"width\":1500,\"height\":600,\"caption\":\"Propietario de la tienda girando el cartel de abierto amplio a trav\u00e9s del cristal de la puerta y listo para atender.\"},{\"@type\":\"BreadcrumbList\",\"@id\":\"https:\\\/\\\/www.coserv.com\\\/es\\\/servicio\\\/comercial\\\/establecer-un-servicio-comercial\\\/#breadcrumb\",\"itemListElement\":[{\"@type\":\"ListItem\",\"position\":1,\"name\":\"Home\",\"item\":\"https:\\\/\\\/www.coserv.com\\\/es\\\/\"},{\"@type\":\"ListItem\",\"position\":2,\"name\":\"Servicio\",\"item\":\"https:\\\/\\\/www.coserv.com\\\/es\\\/servicio\\\/\"},{\"@type\":\"ListItem\",\"position\":3,\"name\":\"Comercial\",\"item\":\"https:\\\/\\\/www.coserv.com\\\/es\\\/servicio\\\/comercial\\\/\"},{\"@type\":\"ListItem\",\"position\":4,\"name\":\"Establecer un servicio comercial\"}]},{\"@type\":\"WebSite\",\"@id\":\"https:\\\/\\\/www.coserv.com\\\/es\\\/#website\",\"url\":\"https:\\\/\\\/www.coserv.com\\\/es\\\/\",\"name\":\"CoServ.com\",\"description\":\"\",\"alternateName\":\"CoServ\",\"potentialAction\":[{\"@type\":\"SearchAction\",\"target\":{\"@type\":\"EntryPoint\",\"urlTemplate\":\"https:\\\/\\\/www.coserv.com\\\/es\\\/?s={search_term_string}\"},\"query-input\":{\"@type\":\"PropertyValueSpecification\",\"valueRequired\":true,\"valueName\":\"search_term_string\"}}],\"inLanguage\":\"es\"}]}<\/script>\n<!-- \/ Yoast SEO Premium plugin. -->","yoast_head_json":{"title":"Establecer un servicio comercial - CoServ.com","description":"\u00bfNecesitas iniciar, transferir o desconectar el servicio de tu empresa? Haz clic en el bot\u00f3n Solicitar servicio para empezar.","robots":{"index":"index","follow":"follow","max-snippet":"max-snippet:-1","max-image-preview":"max-image-preview:large","max-video-preview":"max-video-preview:-1"},"canonical":"https:\/\/www.coserv.com\/es\/servicio\/comercial\/establecer-un-servicio-comercial\/","twitter_card":"summary_large_image","twitter_title":"Establecer un servicio comercial - CoServ.com","twitter_description":"\u00bfNecesitas iniciar, transferir o desconectar el servicio de tu empresa? Haz clic en el bot\u00f3n Solicitar servicio para empezar.","twitter_image":"https:\/\/www.coserv.com\/wp-content\/uploads\/2022\/12\/Business-Open-Sign_AdobeStock_288273284_1500px.jpg","twitter_site":"@CoServ","twitter_misc":{"Tiempo de lectura":"5 minutos"},"schema":{"@context":"https:\/\/schema.org","@graph":[{"@type":"WebPage","@id":"https:\/\/www.coserv.com\/es\/servicio\/comercial\/establecer-un-servicio-comercial\/","url":"https:\/\/www.coserv.com\/es\/servicio\/comercial\/establecer-un-servicio-comercial\/","name":"Establecer un servicio comercial - CoServ.com","isPartOf":{"@id":"https:\/\/www.coserv.com\/es\/#website"},"primaryImageOfPage":{"@id":"https:\/\/www.coserv.com\/es\/servicio\/comercial\/establecer-un-servicio-comercial\/#primaryimage"},"image":{"@id":"https:\/\/www.coserv.com\/es\/servicio\/comercial\/establecer-un-servicio-comercial\/#primaryimage"},"thumbnailUrl":"https:\/\/www.coserv.com\/wp-content\/uploads\/2022\/12\/Business-Open-Sign_AdobeStock_288273284_1500px.jpg","datePublished":"2022-11-21T15:34:44+00:00","dateModified":"2026-05-05T19:24:06+00:00","description":"\u00bfNecesitas iniciar, transferir o desconectar el servicio de tu empresa? Haz clic en el bot\u00f3n Solicitar servicio para empezar.","breadcrumb":{"@id":"https:\/\/www.coserv.com\/es\/servicio\/comercial\/establecer-un-servicio-comercial\/#breadcrumb"},"inLanguage":"es","potentialAction":[{"@type":"ReadAction","target":["https:\/\/www.coserv.com\/es\/servicio\/comercial\/establecer-un-servicio-comercial\/"]}]},{"@type":"ImageObject","inLanguage":"es","@id":"https:\/\/www.coserv.com\/es\/servicio\/comercial\/establecer-un-servicio-comercial\/#primaryimage","url":"https:\/\/www.coserv.com\/wp-content\/uploads\/2022\/12\/Business-Open-Sign_AdobeStock_288273284_1500px.jpg","contentUrl":"https:\/\/www.coserv.com\/wp-content\/uploads\/2022\/12\/Business-Open-Sign_AdobeStock_288273284_1500px.jpg","width":1500,"height":600,"caption":"Propietario de la tienda girando el cartel de abierto amplio a trav\u00e9s del cristal de la puerta y listo para atender."},{"@type":"BreadcrumbList","@id":"https:\/\/www.coserv.com\/es\/servicio\/comercial\/establecer-un-servicio-comercial\/#breadcrumb","itemListElement":[{"@type":"ListItem","position":1,"name":"Home","item":"https:\/\/www.coserv.com\/es\/"},{"@type":"ListItem","position":2,"name":"Servicio","item":"https:\/\/www.coserv.com\/es\/servicio\/"},{"@type":"ListItem","position":3,"name":"Comercial","item":"https:\/\/www.coserv.com\/es\/servicio\/comercial\/"},{"@type":"ListItem","position":4,"name":"Establecer un servicio comercial"}]},{"@type":"WebSite","@id":"https:\/\/www.coserv.com\/es\/#website","url":"https:\/\/www.coserv.com\/es\/","name":"CoServ.com","description":"","alternateName":"CoServ","potentialAction":[{"@type":"SearchAction","target":{"@type":"EntryPoint","urlTemplate":"https:\/\/www.coserv.com\/es\/?s={search_term_string}"},"query-input":{"@type":"PropertyValueSpecification","valueRequired":true,"valueName":"search_term_string"}}],"inLanguage":"es"}]}},"publishpress_future_action":{"enabled":false,"date":"2026-05-14 10:56:36","action":"change-status","newStatus":"draft","terms":[],"taxonomy":"translation_priority","extraData":[]},"publishpress_future_workflow_manual_trigger":{"enabledWorkflows":[]},"_links":{"self":[{"href":"https:\/\/www.coserv.com\/es\/wp-json\/wp\/v2\/pages\/51089","targetHints":{"allow":["GET"]}}],"collection":[{"href":"https:\/\/www.coserv.com\/es\/wp-json\/wp\/v2\/pages"}],"about":[{"href":"https:\/\/www.coserv.com\/es\/wp-json\/wp\/v2\/types\/page"}],"author":[{"embeddable":true,"href":"https:\/\/www.coserv.com\/es\/wp-json\/wp\/v2\/users\/3"}],"replies":[{"embeddable":true,"href":"https:\/\/www.coserv.com\/es\/wp-json\/wp\/v2\/comments?post=51089"}],"version-history":[{"count":4,"href":"https:\/\/www.coserv.com\/es\/wp-json\/wp\/v2\/pages\/51089\/revisions"}],"predecessor-version":[{"id":52896,"href":"https:\/\/www.coserv.com\/es\/wp-json\/wp\/v2\/pages\/51089\/revisions\/52896"}],"up":[{"embeddable":true,"href":"https:\/\/www.coserv.com\/es\/wp-json\/wp\/v2\/pages\/51058"}],"wp:featuredmedia":[{"embeddable":true,"href":"https:\/\/www.coserv.com\/es\/wp-json\/wp\/v2\/media\/51064"}],"wp:attachment":[{"href":"https:\/\/www.coserv.com\/es\/wp-json\/wp\/v2\/media?parent=51089"}],"curies":[{"name":"wp","href":"https:\/\/api.w.org\/{rel}","templated":true}]}}