{"id":51096,"date":"2022-08-17T13:00:26","date_gmt":"2022-08-17T18:00:26","guid":{"rendered":"https:\/\/www.coserv.com\/empleo\/"},"modified":"2026-05-05T13:49:55","modified_gmt":"2026-05-05T18:49:55","slug":"empleo","status":"publish","type":"page","link":"https:\/\/www.coserv.com\/es\/empleo\/","title":{"rendered":"Empleo [EN]"},"content":{"rendered":"\n<figure itemscope itemtype=\"https:\/\/schema.org\/ImageObject\">\n\t\t\t\t<a href=\"https:\/\/recruiting2.ultipro.com\/DEN1011DCEC\/JobBoard\/2615a3dd-3aa5-47ba-9a80-f7725d698200\/?q=&#038;o=postedDateDesc\"  target=\"_self\" itemprop=\"url\">\n\t\t\t\t<img decoding=\"async\" src=\"https:\/\/www.coserv.com\/wp-content\/uploads\/2023\/06\/06-2023_Careers-header.png\" alt=\"Carreras en CoServ\" height=\"244\" width=\"1172\" onerror=\"this.style.display='none'\" loading=\"lazy\" \/>\n\t\t\t\t<\/a>\n\t<\/figure>\n<h2>\n\t\t\tConsigue algo m\u00e1s que un trabajo, encuentra tu carrera en CoServ\t<\/h2>\n\t<p>Trabaja con CoServ y ay\u00fadanos a prestar un servicio excelente a nuestros Socios y Clientes. Estamos comprometidos con nuestros empleados, y valoramos y damos prioridad al equilibrio entre la vida laboral y personal. Ofrecemos salarios competitivos, c\u00f3digo de vestimenta informal de negocios, generosos beneficios y una cultura centrada en la familia. Buscamos personas con ideas innovadoras que satisfagan las necesidades de aquellos a quienes servimos.   <\/p>\n\t<p>\u00a1Te hemos guardado un sitio!<\/p>\n\t\t\t<a href=\"https:\/\/recruiting2.ultipro.com\/DEN1011DCEC\/JobBoard\/2615a3dd-3aa5-47ba-9a80-f7725d698200\/?q=&#038;o=postedDateDesc\" target=\"_blank\">\n\t\t\t\t\t\t\tBUSCAR EMPLEO [EN]\n\t\t\t\t\t<\/a>\n\t\t\t\t\t\t\t<button aria-label=\"previous\" type=\"button\">\n<\/button>\n\t\t\t\t<button aria-label=\"next\" type=\"button\">\n<\/button>\n\t\t<ul>\n\t\t\t\t<li>\n\t<video controls=\"controls\" autobuffer=\"autobuffer\" preload=\"metadata\" poster=\"\/wp-content\/uploads\/2022\/08\/d244e60bd89a4d09913d74a47600294b.800.jpg\">\n    <source src=\"https:\/\/coserv.canto.com\/direct\/video\/qivh2orcsh4a10hh9i44u5492s\/7oUG4oBpyjbYXDO683MCqZrsYtQ\/play\" type=\"video\/mp4\" \/>\n  <\/video>\n  <h2>About CoServ [EN}<\/h2>\n\t\t<\/li>\n\t\t\t<li>\n  <video controls=\"controls\" autobuffer=\"autobuffer\" preload=\"metadata\" poster=\"\/wp-content\/uploads\/2022\/08\/d244e60bd89a4d09913d74a47600294b.800.jpg\">\n    <source src=\"https:\/\/coserv.canto.com\/direct\/video\/olaoohq4ih6br2j1ii7o7osh1d\/RE6_DJ0_emjU8-cDQMeiIRT3efg\/play\" type=\"video\/mp4\" \/>\n  <\/video>\n\t<h2>CoServ Benefits<\/h2>\n\t\t<\/li>\n\t\t\t<li>\n  <video controls=\"controls\" autobuffer=\"autobuffer\" preload=\"metadata\" poster=\"\/wp-content\/uploads\/2022\/08\/d244e60bd89a4d09913d74a47600294b.800.jpg\">\n    <source src=\"https:\/\/coserv.canto.com\/direct\/video\/c1a3skph2939d2c7ba18pp877b\/TOx2M_xABnGhJ-iFHPbnPxz7iDs\/original?content-type=video%2Fmp4&#038;name=INT-22-9596_HR_Jobs_V3.mp4\" \/>\n  <\/video>\n  <h2>CoServ Jobs A to Z<\/h2>\n\t\t<\/li>\n\t\t\t<li>\n  <video controls=\"controls\" autobuffer=\"autobuffer\" preload=\"metadata\" poster=\"\/wp-content\/uploads\/2022\/08\/d244e60bd89a4d09913d74a47600294b.800.jpg\">\n    <source src=\"https:\/\/coserv.canto.com\/direct\/video\/cuaqiov3j915d95kmaac85ge39\/ubMHlLFd7VUW5offzHdNKrAKgDU\/play\" type=\"video\/mp4\" \/>\n<\/video>\n  <h2>Employee Testimonials<\/h2>\n\t\t<\/li>\n\t\t<\/ul>\n\t<h2>VALORES FUNDAMENTALES Respeto | Responsabilidad | Integridad | Servicio | Excelencia | Seguridad<\/h2>\n<figure itemscope itemtype=\"https:\/\/schema.org\/ImageObject\">\n\t\t\t\t<img decoding=\"async\" src=\"https:\/\/www.coserv.com\/wp-content\/uploads\/2022\/08\/07-2022_web-banner_Careers.png\" alt=\"\" height=\"350\" width=\"545\" onerror=\"this.style.display='none'\" loading=\"lazy\" \/>\n\t<\/figure>\n<figure itemscope itemtype=\"https:\/\/schema.org\/ImageObject\">\n\t\t\t\t<img decoding=\"async\" src=\"https:\/\/www.coserv.com\/wp-content\/uploads\/2022\/08\/07-2022_web-banner_Family-Focused.png\" alt=\"\" height=\"350\" width=\"368\" onerror=\"this.style.display='none'\" loading=\"lazy\" \/>\n\t<\/figure>\n<figure itemscope itemtype=\"https:\/\/schema.org\/ImageObject\">\n\t\t\t\t<img decoding=\"async\" src=\"https:\/\/www.coserv.com\/wp-content\/uploads\/2023\/03\/07-2022_web-img_CoServCareers_AlexPhoto_transparent.png\" alt=\"\" height=\"324\" width=\"329\" onerror=\"this.style.display='none'\" loading=\"lazy\" \/>\n\t<\/figure>\n\t<p>\u00abCoServ es excepcional con sus beneficios, salario y cultura de empresa &#8211; es genial. Mi carrera en CoServ es la mejor que he tenido<strong>\u00ab.<\/strong><\/p>\n<strong>Alex<\/strong><br \/>\nSupervisor de Campo de Operaciones de Gas\n<figure itemscope itemtype=\"https:\/\/schema.org\/ImageObject\">\n\t\t\t\t<img decoding=\"async\" src=\"https:\/\/www.coserv.com\/wp-content\/uploads\/2023\/03\/11-2022_web-img_CoServCareers_JodyPhoto_transparent.png\" alt=\"\" height=\"324\" width=\"329\" onerror=\"this.style.display='none'\" loading=\"lazy\" \/>\n\t<\/figure>\n\t<p>\u00abMe gusta trabajar para CoServ, no s\u00f3lo por los beneficios y el salario competitivo que ofrecen, sino porque se preocupan por sus Empleados\u00bb.<\/p>\n<strong>Jody<\/strong><br \/>\nDirectora de Uso Conjunto\n<figure itemscope itemtype=\"https:\/\/schema.org\/ImageObject\">\n\t\t\t\t<img decoding=\"async\" src=\"https:\/\/www.coserv.com\/wp-content\/uploads\/2025\/02\/02-2025_web-img_CoServCareers_ShimaPhoto_transparent.png\" alt=\"\" height=\"324\" width=\"329\" onerror=\"this.style.display='none'\" loading=\"lazy\" \/>\n\t<\/figure>\n<p>\u00ab\u00a1Trabajar en CoServ es genial! La cultura de la empresa es incre\u00edble, y todo el mundo est\u00e1 ah\u00ed para ayudarte y guiarte en la direcci\u00f3n correcta<strong>\u00ab<\/strong><\/p>\n<strong>Shima<\/strong><br \/>\nIngeniero de Sistemas de Gas 1\n\t\t\t<a href=\"https:\/\/www.coserv.com\/careers\/testimonials\/\" target=\"_self\">\n\t\t\t\t\t\t\tHaz clic aqu\u00ed para leer m\u00e1s testimonios [EN]\n\t\t\t\t\t<\/a>\n\t<h3>01 GRAN COBERTURA M\u00c9DICA<\/h3>\n<ul>\n<li>Plan m\u00e9dico (cobertura efectiva a los 60 d\u00edas de trabajo)<\/li>\n<li>Dental (disponible el primer d\u00eda)<\/li>\n<li>Visi\u00f3n (disponible el primer d\u00eda) <sup>2<\/sup><\/li>\n<li>Cuenta de asistencia sanitaria <sup>1<\/sup><\/li>\n<li>Telemedicina (0$ de copago)<\/li>\n<li>Cuenta de Gastos Flexibles de Asistencia Sanitaria<\/li>\n<li>Cuenta de gastos flexibles para el cuidado de personas dependientes<\/li>\n<\/ul>\n<h3>02 SEGURO A TODO RIESGO<\/h3>\n<ul>\n<li>Seguro de vida\/AD &amp;D (4x salario base anual) <sup>1<\/sup><\/li>\n<li>Accidente en viaje de negocios <sup>1<\/sup><\/li>\n<li>Incapacidad de larga duraci\u00f3n <sup>1<\/sup><\/li>\n<li>Vida dependiente voluntario<\/li>\n<li>Seguro de accidentes laborales <sup>1, 2<\/sup><\/li>\n<\/ul>\n<h3>03 PROGRAMAS DE BIENESTAR<\/h3>\n<ul>\n<li>Programa de Bienestar <sup>2<\/sup><\/li>\n<li>Instalaciones deportivas in situ (aparatos de gimnasia, pistas deportivas,<br \/>\nmesas de ping pong, tableros de cornhole) <sup>1, 2<\/sup><\/li>\n<\/ul>\n<h3>04 EXCELENTE JUBILACI\u00d3N<\/h3>\n<ul>\n<li>Plan de pensiones <sup>1, 2<\/sup><\/li>\n<li>401K con participaci\u00f3n de la empresa <sup>2<\/sup><\/li>\n<\/ul>\n<h3>05 PTO Y VACACIONES<\/h3>\n<ul>\n<li>PTO y baja catastr\u00f3fica <sup>1<\/sup><\/li>\n<li>10 Vacaciones pagadas <sup>1<\/sup><\/li>\n<\/ul>\n<h3>06 COMPROMISO CON EL EMPLEADO<\/h3>\n<ul>\n<li>Asignaci\u00f3n para ropa de marca CoServ <sup>1<\/sup><\/li>\n<li>Programa de Recompensa y Reconocimiento a los Empleados <sup>1, 2<\/sup><\/li>\n<li>Programa de Asistencia al Empleado <sup>1, 2<\/sup><\/li>\n<\/ul>\n<h3>07 INVIERTE EN TU FUTURO<\/h3>\n<ul>\n<li>Reembolso de matr\u00edcula<\/li>\n<li>Reembolso de la certificaci\u00f3n profesional<\/li>\n<li>Universidad CoServ (oportunidades de formaci\u00f3n para el desarrollo profesional y personal)<\/li>\n<\/ul>\n<p><sup>1<\/sup> Este plan est\u00e1 pagado al 100% por CoServ. <sup>2<\/sup> Tambi\u00e9n disponible para empleados a tiempo parcial.<\/p>\n<figure itemscope itemtype=\"https:\/\/schema.org\/ImageObject\">\n\t\t\t\t<img decoding=\"async\" src=\"https:\/\/www.coserv.com\/wp-content\/uploads\/2022\/08\/07-2022_web-banner_CoServBenefits.png\" alt=\"\" height=\"816\" width=\"375\" onerror=\"this.style.display='none'\" loading=\"lazy\" \/>\n\t<\/figure>\n\t<hr \/>\n<p><strong><a href=\"https:\/\/www.bcbstx.com\/asomrf?EIN=750233075\" target=\"_blank\" rel=\"noopener noreferrer\">Transparencia en la cobertura [EN]:<\/a><\/strong> Este enlace lleva a los archivos legibles por m\u00e1quina que se ponen a disposici\u00f3n en respuesta a la Norma federal de Transparencia en la Cobertura e incluye las tarifas de servicios negociadas y las cantidades permitidas fuera de la red entre los planes de salud y los proveedores de asistencia sanitaria. Los archivos legibles por m\u00e1quina tienen un formato que permite a investigadores, reguladores y desarrolladores de aplicaciones acceder a los datos y analizarlos m\u00e1s f\u00e1cilmente. <\/p>\n\n","protected":false},"excerpt":{"rendered":"<p>Consigue algo m\u00e1s que un trabajo, encuentra tu carrera en CoServ Trabaja con CoServ y ay\u00fadanos a prestar un servicio excelente a nuestros Socios y Clientes. Estamos comprometidos con nuestros empleados, y valoramos y damos prioridad al equilibrio entre la vida laboral y personal. Ofrecemos salarios competitivos, c\u00f3digo de vestimenta informal de negocios, generosos beneficios&hellip;<\/p>\n","protected":false},"author":3,"featured_media":52261,"parent":0,"menu_order":101,"comment_status":"closed","ping_status":"closed","template":"","meta":{"_acf_changed":false,"_relevanssi_hide_post":"","_relevanssi_hide_content":"","_relevanssi_pin_for_all":"","_relevanssi_pin_keywords":"","_relevanssi_unpin_keywords":"","_relevanssi_related_keywords":"","_relevanssi_related_include_ids":"","_relevanssi_related_exclude_ids":"","_relevanssi_related_no_append":"","_relevanssi_related_not_related":"","_relevanssi_related_posts":"","_relevanssi_noindex_reason":"","footnotes":""},"class_list":["post-51096","page","type-page","status-publish","has-post-thumbnail","hentry"],"acf":[],"yoast_head":"<!-- This site is optimized with the Yoast SEO Premium plugin v27.5 (Yoast SEO v27.5) - https:\/\/yoast.com\/product\/yoast-seo-premium-wordpress\/ -->\n<title>Empleo [EN] - CoServ.com<\/title>\n<meta name=\"description\" content=\"\u00a1Ven a trabajar a CoServ! Busca empleos disponibles, lee testimonios de Empleados y ent\u00e9rate de todo lo que ofrece una carrera en CoServ.\" \/>\n<meta name=\"robots\" content=\"index, follow, max-snippet:-1, max-image-preview:large, max-video-preview:-1\" \/>\n<link rel=\"canonical\" href=\"https:\/\/www.coserv.com\/es\/empleo\/\" \/>\n<meta name=\"twitter:card\" content=\"summary_large_image\" \/>\n<meta name=\"twitter:title\" content=\"Empleo [EN] - CoServ.com\" \/>\n<meta name=\"twitter:description\" content=\"\u00a1Ven a trabajar a CoServ! Busca empleos disponibles, lee testimonios de Empleados y ent\u00e9rate de todo lo que ofrece una carrera en CoServ.\" \/>\n<meta name=\"twitter:site\" content=\"@CoServ\" \/>\n<meta name=\"twitter:label1\" content=\"Tiempo de lectura\" \/>\n\t<meta name=\"twitter:data1\" content=\"2 minutos\" \/>\n<script type=\"application\/ld+json\" class=\"yoast-schema-graph\">{\"@context\":\"https:\\\/\\\/schema.org\",\"@graph\":[{\"@type\":\"WebPage\",\"@id\":\"https:\\\/\\\/www.coserv.com\\\/es\\\/empleo\\\/\",\"url\":\"https:\\\/\\\/www.coserv.com\\\/es\\\/empleo\\\/\",\"name\":\"Empleo [EN] - CoServ.com\",\"isPartOf\":{\"@id\":\"https:\\\/\\\/www.coserv.com\\\/es\\\/#website\"},\"primaryImageOfPage\":{\"@id\":\"https:\\\/\\\/www.coserv.com\\\/es\\\/empleo\\\/#primaryimage\"},\"image\":{\"@id\":\"https:\\\/\\\/www.coserv.com\\\/es\\\/empleo\\\/#primaryimage\"},\"thumbnailUrl\":\"https:\\\/\\\/www.coserv.com\\\/wp-content\\\/uploads\\\/2025\\\/12\\\/01-26_TCP-Blog_CoServ-Careers_main-img.svg\",\"datePublished\":\"2022-08-17T18:00:26+00:00\",\"dateModified\":\"2026-05-05T18:49:55+00:00\",\"description\":\"\u00a1Ven a trabajar a CoServ! Busca empleos disponibles, lee testimonios de Empleados y ent\u00e9rate de todo lo que ofrece una carrera en CoServ.\",\"breadcrumb\":{\"@id\":\"https:\\\/\\\/www.coserv.com\\\/es\\\/empleo\\\/#breadcrumb\"},\"inLanguage\":\"es\",\"potentialAction\":[{\"@type\":\"ReadAction\",\"target\":[\"https:\\\/\\\/www.coserv.com\\\/es\\\/empleo\\\/\"]}]},{\"@type\":\"ImageObject\",\"inLanguage\":\"es\",\"@id\":\"https:\\\/\\\/www.coserv.com\\\/es\\\/empleo\\\/#primaryimage\",\"url\":\"https:\\\/\\\/www.coserv.com\\\/wp-content\\\/uploads\\\/2025\\\/12\\\/01-26_TCP-Blog_CoServ-Careers_main-img.svg\",\"contentUrl\":\"https:\\\/\\\/www.coserv.com\\\/wp-content\\\/uploads\\\/2025\\\/12\\\/01-26_TCP-Blog_CoServ-Careers_main-img.svg\",\"caption\":\"CoServ Careers. \u00a1Te hemos guardado un sitio!\"},{\"@type\":\"BreadcrumbList\",\"@id\":\"https:\\\/\\\/www.coserv.com\\\/es\\\/empleo\\\/#breadcrumb\",\"itemListElement\":[{\"@type\":\"ListItem\",\"position\":1,\"name\":\"Home\",\"item\":\"https:\\\/\\\/www.coserv.com\\\/es\\\/\"},{\"@type\":\"ListItem\",\"position\":2,\"name\":\"Empleo [EN]\"}]},{\"@type\":\"WebSite\",\"@id\":\"https:\\\/\\\/www.coserv.com\\\/es\\\/#website\",\"url\":\"https:\\\/\\\/www.coserv.com\\\/es\\\/\",\"name\":\"CoServ.com\",\"description\":\"\",\"alternateName\":\"CoServ\",\"potentialAction\":[{\"@type\":\"SearchAction\",\"target\":{\"@type\":\"EntryPoint\",\"urlTemplate\":\"https:\\\/\\\/www.coserv.com\\\/es\\\/?s={search_term_string}\"},\"query-input\":{\"@type\":\"PropertyValueSpecification\",\"valueRequired\":true,\"valueName\":\"search_term_string\"}}],\"inLanguage\":\"es\"}]}<\/script>\n<!-- \/ Yoast SEO Premium plugin. -->","yoast_head_json":{"title":"Empleo [EN] - CoServ.com","description":"\u00a1Ven a trabajar a CoServ! Busca empleos disponibles, lee testimonios de Empleados y ent\u00e9rate de todo lo que ofrece una carrera en CoServ.","robots":{"index":"index","follow":"follow","max-snippet":"max-snippet:-1","max-image-preview":"max-image-preview:large","max-video-preview":"max-video-preview:-1"},"canonical":"https:\/\/www.coserv.com\/es\/empleo\/","twitter_card":"summary_large_image","twitter_title":"Empleo [EN] - CoServ.com","twitter_description":"\u00a1Ven a trabajar a CoServ! Busca empleos disponibles, lee testimonios de Empleados y ent\u00e9rate de todo lo que ofrece una carrera en CoServ.","twitter_site":"@CoServ","twitter_misc":{"Tiempo de lectura":"2 minutos"},"schema":{"@context":"https:\/\/schema.org","@graph":[{"@type":"WebPage","@id":"https:\/\/www.coserv.com\/es\/empleo\/","url":"https:\/\/www.coserv.com\/es\/empleo\/","name":"Empleo [EN] - CoServ.com","isPartOf":{"@id":"https:\/\/www.coserv.com\/es\/#website"},"primaryImageOfPage":{"@id":"https:\/\/www.coserv.com\/es\/empleo\/#primaryimage"},"image":{"@id":"https:\/\/www.coserv.com\/es\/empleo\/#primaryimage"},"thumbnailUrl":"https:\/\/www.coserv.com\/wp-content\/uploads\/2025\/12\/01-26_TCP-Blog_CoServ-Careers_main-img.svg","datePublished":"2022-08-17T18:00:26+00:00","dateModified":"2026-05-05T18:49:55+00:00","description":"\u00a1Ven a trabajar a CoServ! Busca empleos disponibles, lee testimonios de Empleados y ent\u00e9rate de todo lo que ofrece una carrera en CoServ.","breadcrumb":{"@id":"https:\/\/www.coserv.com\/es\/empleo\/#breadcrumb"},"inLanguage":"es","potentialAction":[{"@type":"ReadAction","target":["https:\/\/www.coserv.com\/es\/empleo\/"]}]},{"@type":"ImageObject","inLanguage":"es","@id":"https:\/\/www.coserv.com\/es\/empleo\/#primaryimage","url":"https:\/\/www.coserv.com\/wp-content\/uploads\/2025\/12\/01-26_TCP-Blog_CoServ-Careers_main-img.svg","contentUrl":"https:\/\/www.coserv.com\/wp-content\/uploads\/2025\/12\/01-26_TCP-Blog_CoServ-Careers_main-img.svg","caption":"CoServ Careers. \u00a1Te hemos guardado un sitio!"},{"@type":"BreadcrumbList","@id":"https:\/\/www.coserv.com\/es\/empleo\/#breadcrumb","itemListElement":[{"@type":"ListItem","position":1,"name":"Home","item":"https:\/\/www.coserv.com\/es\/"},{"@type":"ListItem","position":2,"name":"Empleo [EN]"}]},{"@type":"WebSite","@id":"https:\/\/www.coserv.com\/es\/#website","url":"https:\/\/www.coserv.com\/es\/","name":"CoServ.com","description":"","alternateName":"CoServ","potentialAction":[{"@type":"SearchAction","target":{"@type":"EntryPoint","urlTemplate":"https:\/\/www.coserv.com\/es\/?s={search_term_string}"},"query-input":{"@type":"PropertyValueSpecification","valueRequired":true,"valueName":"search_term_string"}}],"inLanguage":"es"}]}},"publishpress_future_action":{"enabled":false,"date":"2026-05-20 14:17:00","action":"change-status","newStatus":"draft","terms":[],"taxonomy":"translation_priority","extraData":[]},"publishpress_future_workflow_manual_trigger":{"enabledWorkflows":[]},"_links":{"self":[{"href":"https:\/\/www.coserv.com\/es\/wp-json\/wp\/v2\/pages\/51096","targetHints":{"allow":["GET"]}}],"collection":[{"href":"https:\/\/www.coserv.com\/es\/wp-json\/wp\/v2\/pages"}],"about":[{"href":"https:\/\/www.coserv.com\/es\/wp-json\/wp\/v2\/types\/page"}],"author":[{"embeddable":true,"href":"https:\/\/www.coserv.com\/es\/wp-json\/wp\/v2\/users\/3"}],"replies":[{"embeddable":true,"href":"https:\/\/www.coserv.com\/es\/wp-json\/wp\/v2\/comments?post=51096"}],"version-history":[{"count":3,"href":"https:\/\/www.coserv.com\/es\/wp-json\/wp\/v2\/pages\/51096\/revisions"}],"predecessor-version":[{"id":52887,"href":"https:\/\/www.coserv.com\/es\/wp-json\/wp\/v2\/pages\/51096\/revisions\/52887"}],"wp:featuredmedia":[{"embeddable":true,"href":"https:\/\/www.coserv.com\/es\/wp-json\/wp\/v2\/media\/52261"}],"wp:attachment":[{"href":"https:\/\/www.coserv.com\/es\/wp-json\/wp\/v2\/media?parent=51096"}],"curies":[{"name":"wp","href":"https:\/\/api.w.org\/{rel}","templated":true}]}}