{"id":51261,"date":"2022-08-17T16:33:02","date_gmt":"2022-08-17T21:33:02","guid":{"rendered":"https:\/\/www.coserv.com\/tarifas-y-expedientes\/titulizacion\/"},"modified":"2026-05-08T14:44:13","modified_gmt":"2026-05-08T19:44:13","slug":"titulizacion","status":"publish","type":"page","link":"https:\/\/www.coserv.com\/es\/acerca-de\/tarifas-y-expedientes\/titulizacion\/","title":{"rendered":"Titulizaci\u00f3n"},"content":{"rendered":"","protected":false},"excerpt":{"rendered":"","protected":false},"author":3,"featured_media":0,"parent":51255,"menu_order":98,"comment_status":"closed","ping_status":"closed","template":"","meta":{"_acf_changed":false,"_relevanssi_hide_post":"","_relevanssi_hide_content":"","_relevanssi_pin_for_all":"","_relevanssi_pin_keywords":"","_relevanssi_unpin_keywords":"","_relevanssi_related_keywords":"","_relevanssi_related_include_ids":"","_relevanssi_related_exclude_ids":"","_relevanssi_related_no_append":"","_relevanssi_related_not_related":"","_relevanssi_related_posts":"","_relevanssi_noindex_reason":"","footnotes":""},"class_list":["post-51261","page","type-page","status-publish","hentry"],"acf":[],"yoast_head":"<!-- This site is optimized with the Yoast SEO Premium plugin v27.5 (Yoast SEO v27.5) - https:\/\/yoast.com\/product\/yoast-seo-premium-wordpress\/ -->\n<title>Titulizaci\u00f3n - CoServ.com<\/title>\n<meta name=\"description\" content=\"La financiaci\u00f3n mediante titulizaci\u00f3n permite a CoServ distribuir los costes extraordinarios de la tormenta de invierno Uri a lo largo de 25 a\u00f1os para que tus facturas mensuales sean m\u00e1s bajas.\" \/>\n<meta name=\"robots\" content=\"index, follow, max-snippet:-1, max-image-preview:large, max-video-preview:-1\" \/>\n<link rel=\"canonical\" href=\"https:\/\/www.coserv.com\/es\/acerca-de\/tarifas-y-expedientes\/titulizacion\/\" \/>\n<meta name=\"twitter:card\" content=\"summary_large_image\" \/>\n<meta name=\"twitter:title\" content=\"Titulizaci\u00f3n - CoServ.com\" \/>\n<meta name=\"twitter:description\" content=\"La financiaci\u00f3n mediante titulizaci\u00f3n permite a CoServ distribuir los costes extraordinarios de la tormenta de invierno Uri a lo largo de 25 a\u00f1os para que tus facturas mensuales sean m\u00e1s bajas.\" \/>\n<meta name=\"twitter:site\" content=\"@CoServ\" \/>\n<script type=\"application\/ld+json\" class=\"yoast-schema-graph\">{\"@context\":\"https:\\\/\\\/schema.org\",\"@graph\":[{\"@type\":\"WebPage\",\"@id\":\"https:\\\/\\\/www.coserv.com\\\/es\\\/acerca-de\\\/tarifas-y-expedientes\\\/titulizacion\\\/\",\"url\":\"https:\\\/\\\/www.coserv.com\\\/es\\\/acerca-de\\\/tarifas-y-expedientes\\\/titulizacion\\\/\",\"name\":\"Titulizaci\u00f3n - CoServ.com\",\"isPartOf\":{\"@id\":\"https:\\\/\\\/www.coserv.com\\\/es\\\/#website\"},\"datePublished\":\"2022-08-17T21:33:02+00:00\",\"dateModified\":\"2026-05-08T19:44:13+00:00\",\"description\":\"La financiaci\u00f3n mediante titulizaci\u00f3n permite a CoServ distribuir los costes extraordinarios de la tormenta de invierno Uri a lo largo de 25 a\u00f1os para que tus facturas mensuales sean m\u00e1s bajas.\",\"breadcrumb\":{\"@id\":\"https:\\\/\\\/www.coserv.com\\\/es\\\/acerca-de\\\/tarifas-y-expedientes\\\/titulizacion\\\/#breadcrumb\"},\"inLanguage\":\"es\",\"potentialAction\":[{\"@type\":\"ReadAction\",\"target\":[\"https:\\\/\\\/www.coserv.com\\\/es\\\/acerca-de\\\/tarifas-y-expedientes\\\/titulizacion\\\/\"]}]},{\"@type\":\"BreadcrumbList\",\"@id\":\"https:\\\/\\\/www.coserv.com\\\/es\\\/acerca-de\\\/tarifas-y-expedientes\\\/titulizacion\\\/#breadcrumb\",\"itemListElement\":[{\"@type\":\"ListItem\",\"position\":1,\"name\":\"Home\",\"item\":\"https:\\\/\\\/www.coserv.com\\\/es\\\/\"},{\"@type\":\"ListItem\",\"position\":2,\"name\":\"Acerca de\",\"item\":\"https:\\\/\\\/www.coserv.com\\\/es\\\/acerca-de\\\/\"},{\"@type\":\"ListItem\",\"position\":3,\"name\":\"Tarifas y expedientes\",\"item\":\"https:\\\/\\\/www.coserv.com\\\/es\\\/acerca-de\\\/tarifas-y-expedientes\\\/\"},{\"@type\":\"ListItem\",\"position\":4,\"name\":\"Titulizaci\u00f3n\"}]},{\"@type\":\"WebSite\",\"@id\":\"https:\\\/\\\/www.coserv.com\\\/es\\\/#website\",\"url\":\"https:\\\/\\\/www.coserv.com\\\/es\\\/\",\"name\":\"CoServ.com\",\"description\":\"\",\"alternateName\":\"CoServ\",\"potentialAction\":[{\"@type\":\"SearchAction\",\"target\":{\"@type\":\"EntryPoint\",\"urlTemplate\":\"https:\\\/\\\/www.coserv.com\\\/es\\\/?s={search_term_string}\"},\"query-input\":{\"@type\":\"PropertyValueSpecification\",\"valueRequired\":true,\"valueName\":\"search_term_string\"}}],\"inLanguage\":\"es\"}]}<\/script>\n<!-- \/ Yoast SEO Premium plugin. -->","yoast_head_json":{"title":"Titulizaci\u00f3n - CoServ.com","description":"La financiaci\u00f3n mediante titulizaci\u00f3n permite a CoServ distribuir los costes extraordinarios de la tormenta de invierno Uri a lo largo de 25 a\u00f1os para que tus facturas mensuales sean m\u00e1s bajas.","robots":{"index":"index","follow":"follow","max-snippet":"max-snippet:-1","max-image-preview":"max-image-preview:large","max-video-preview":"max-video-preview:-1"},"canonical":"https:\/\/www.coserv.com\/es\/acerca-de\/tarifas-y-expedientes\/titulizacion\/","twitter_card":"summary_large_image","twitter_title":"Titulizaci\u00f3n - CoServ.com","twitter_description":"La financiaci\u00f3n mediante titulizaci\u00f3n permite a CoServ distribuir los costes extraordinarios de la tormenta de invierno Uri a lo largo de 25 a\u00f1os para que tus facturas mensuales sean m\u00e1s bajas.","twitter_site":"@CoServ","schema":{"@context":"https:\/\/schema.org","@graph":[{"@type":"WebPage","@id":"https:\/\/www.coserv.com\/es\/acerca-de\/tarifas-y-expedientes\/titulizacion\/","url":"https:\/\/www.coserv.com\/es\/acerca-de\/tarifas-y-expedientes\/titulizacion\/","name":"Titulizaci\u00f3n - CoServ.com","isPartOf":{"@id":"https:\/\/www.coserv.com\/es\/#website"},"datePublished":"2022-08-17T21:33:02+00:00","dateModified":"2026-05-08T19:44:13+00:00","description":"La financiaci\u00f3n mediante titulizaci\u00f3n permite a CoServ distribuir los costes extraordinarios de la tormenta de invierno Uri a lo largo de 25 a\u00f1os para que tus facturas mensuales sean m\u00e1s bajas.","breadcrumb":{"@id":"https:\/\/www.coserv.com\/es\/acerca-de\/tarifas-y-expedientes\/titulizacion\/#breadcrumb"},"inLanguage":"es","potentialAction":[{"@type":"ReadAction","target":["https:\/\/www.coserv.com\/es\/acerca-de\/tarifas-y-expedientes\/titulizacion\/"]}]},{"@type":"BreadcrumbList","@id":"https:\/\/www.coserv.com\/es\/acerca-de\/tarifas-y-expedientes\/titulizacion\/#breadcrumb","itemListElement":[{"@type":"ListItem","position":1,"name":"Home","item":"https:\/\/www.coserv.com\/es\/"},{"@type":"ListItem","position":2,"name":"Acerca de","item":"https:\/\/www.coserv.com\/es\/acerca-de\/"},{"@type":"ListItem","position":3,"name":"Tarifas y expedientes","item":"https:\/\/www.coserv.com\/es\/acerca-de\/tarifas-y-expedientes\/"},{"@type":"ListItem","position":4,"name":"Titulizaci\u00f3n"}]},{"@type":"WebSite","@id":"https:\/\/www.coserv.com\/es\/#website","url":"https:\/\/www.coserv.com\/es\/","name":"CoServ.com","description":"","alternateName":"CoServ","potentialAction":[{"@type":"SearchAction","target":{"@type":"EntryPoint","urlTemplate":"https:\/\/www.coserv.com\/es\/?s={search_term_string}"},"query-input":{"@type":"PropertyValueSpecification","valueRequired":true,"valueName":"search_term_string"}}],"inLanguage":"es"}]}},"publishpress_future_action":{"enabled":false,"date":"2026-05-19 10:31:42","action":"change-status","newStatus":"draft","terms":[],"taxonomy":"translation_priority","extraData":[]},"publishpress_future_workflow_manual_trigger":{"enabledWorkflows":[]},"_links":{"self":[{"href":"https:\/\/www.coserv.com\/es\/wp-json\/wp\/v2\/pages\/51261","targetHints":{"allow":["GET"]}}],"collection":[{"href":"https:\/\/www.coserv.com\/es\/wp-json\/wp\/v2\/pages"}],"about":[{"href":"https:\/\/www.coserv.com\/es\/wp-json\/wp\/v2\/types\/page"}],"author":[{"embeddable":true,"href":"https:\/\/www.coserv.com\/es\/wp-json\/wp\/v2\/users\/3"}],"replies":[{"embeddable":true,"href":"https:\/\/www.coserv.com\/es\/wp-json\/wp\/v2\/comments?post=51261"}],"version-history":[{"count":1,"href":"https:\/\/www.coserv.com\/es\/wp-json\/wp\/v2\/pages\/51261\/revisions"}],"predecessor-version":[{"id":52786,"href":"https:\/\/www.coserv.com\/es\/wp-json\/wp\/v2\/pages\/51261\/revisions\/52786"}],"up":[{"embeddable":true,"href":"https:\/\/www.coserv.com\/es\/wp-json\/wp\/v2\/pages\/51255"}],"wp:attachment":[{"href":"https:\/\/www.coserv.com\/es\/wp-json\/wp\/v2\/media?parent=51261"}],"curies":[{"name":"wp","href":"https:\/\/api.w.org\/{rel}","templated":true}]}}