{"id":51574,"date":"2022-06-07T21:06:51","date_gmt":"2022-06-08T02:06:51","guid":{"rendered":"https:\/\/www.coserv.com\/interrupciones\/"},"modified":"2026-05-06T14:49:07","modified_gmt":"2026-05-06T19:49:07","slug":"interrupciones","status":"publish","type":"page","link":"https:\/\/www.coserv.com\/es\/interrupciones\/","title":{"rendered":"Interrupciones"},"content":{"rendered":"\n<h1>\n\t\t\tQu\u00e9 hacer si sufres un apag\u00f3n\t<\/h1>\n\t<p>CoServ est\u00e1 preparado para cualquier situaci\u00f3n que pueda causar interrupciones a nuestros miembros y clientes. Nuestras tripulaciones reciben formaci\u00f3n peri\u00f3dica sobre operaciones y seguridad, y est\u00e1n de guardia 24 horas al d\u00eda, siete d\u00edas a la semana, para garantizar un servicio seguro y fiable a nuestros Miembros y Clientes. <\/p>\n<p>Sin embargo, hay casos en los que circunstancias imprevistas, como condiciones meteorol\u00f3gicas adversas, el impacto de un veh\u00edculo contra un poste de la red p\u00fablica o un fallo de los equipos, pueden provocar un corte.<\/p>\n<h3>\n\t\t\tCondiciones actuales del sistema\t<\/h3>\n\t\t\t<a href=\"https:\/\/www.coserv.com\/current-conditions\/\" target=\"_self\" aria-label=\"View Current System Conditions\">\n\t\t\t\t\t\t\tVER ACTUALIZACIONES [EN]\n\t\t\t\t\t<\/a>\n\t<p>1. Comprueba si tus vecinos tambi\u00e9n se han quedado sin electricidad.<\/p>\n\t\t\t<a href=\"\/outagemap\/\" target=\"_self\">\n\t\t\t\t\t\t\tVer mapa de cortes [EN]\n\t\t\t\t\t<\/a>\n\t<p>2. Si tus vecinos tienen electricidad, comprueba tu cuadro el\u00e9ctrico.<\/p>\n\t\t\t<a href=\"https:\/\/www.coserv.com\/help\/how-to-reset-your-home-breakers\/\" target=\"_self\">\n\t\t\t\t\t\t\tC\u00f3mo comprobar tus disyuntores [EN]\n\t\t\t\t\t<\/a>\n\t3. Informa de un corte en l\u00ednea o llamando a<br \/>\n<a href=\"tel:1-855-938-3496\">855-938-3496<\/a>\n\t\t\t<a href=\"https:\/\/coserv.smarthub.coop\/#reportanissue:\" target=\"_self\">\n\t\t\t\t\t\t\tInformar de una interrupci\u00f3n [EN]\n\t\t\t\t\t<\/a>\n\t<p>4. Inscr\u00edbete para recibir alertas por correo electr\u00f3nico o SMS sobre actualizaciones de estado.<\/p>\n\t\t\t<a href=\"https:\/\/coserv.smarthub.coop\/#managenotifications:\" target=\"_self\">\n\t\t\t\t\t\t\tRecibe alertas de texto [EN]\n\t\t\t\t\t<\/a>\n<h2>\n\t\t\tC\u00f3mo informar de un corte de suministro\t<\/h2>\n\t<p><a href=\"#\">Informes en l\u00ednea<\/a><\/p>\n<ol>\n<li>Accede a tu <strong><a href=\"https:\/\/coserv.smarthub.coop\/Login.html\">cuenta SmartHub [EN]<\/a><\/strong><\/li>\n<li>Haga clic en <strong><a href=\"https:\/\/coserv.smarthub.coop\/ui\/#\/reportAnOutage\">\u00abInformar de un corte de energ\u00eda\u00bb [EN] <\/a><\/strong>en el panel de navegaci\u00f3n de la barra lateral izquierda.<\/li>\n<li>Aceptar los <strong>t\u00e9rminos y condiciones<\/strong><\/li>\n<li>Seleccione una de las siguientes opciones en el men\u00fa desplegable \u00ab<strong>Descripci\u00f3n de la interrupci\u00f3n<\/strong>\u00ab.\n<ol type=\"a\">\n<li>P\u00e9rdida total<\/li>\n<li>P\u00e9rdida parcial<\/li>\n<li>Poste\/l\u00ednea ca\u00edda<\/li>\n<li>Todos los demas<\/li>\n<\/ol>\n<\/li>\n<li>Comentarios adicionales (opcional)<\/li>\n<li>Enviar formulario<\/li>\n<\/ol>\n<p><a href=\"#\">Informes telef\u00f3nicos automatizados<\/a><\/p>\n<ol>\n<li>Llame al <strong><a href=\"tel:1-855-938-3496\">855-938-3496<\/a><\/strong> para reportar un corte de electricidad.<\/li>\n<li>Llame al <strong><a href=\"tel:1-844-330-0763\">844-330-0763<\/a><\/strong> para reportar un corte en el suministro de gas.<\/li>\n<\/ol>\n<p><a href=\"#\">Informes por SMS (mensaje de texto)<\/a><\/p>\n<ol>\n<li><strong><a href=\"https:\/\/coserv.smarthub.coop\/#managenotifications:\">Suscr\u00edbase a las notificaciones por mensaje de texto [EN]<\/a><\/strong> en la <strong><a href=\"https:\/\/coserv.smarthub.coop\/#managenotifications:\">configuraci\u00f3n de notificaciones de servicio de su cuenta de SmartHub [EN].<\/a><\/strong><\/li>\n<li>Env\u00eda un mensaje de texto con la palabra <strong>OUT <\/strong>al <strong><a href=\"tel:1-855-938-3496\">855-938-3496<\/a><\/strong> para reportar una interrupci\u00f3n del servicio.<\/li>\n<li>Env\u00eda un mensaje de texto con la palabra <strong>STATUS <\/strong>para obtener informaci\u00f3n actualizada sobre el tiempo estimado de restablecimiento del servicio.<\/li>\n<\/ol>\n<p>Una vez registrado, se enviar\u00e1 un mensaje autom\u00e1ticamente cuando se detecte un corte de suministro el\u00e9ctrico en su domicilio. Recibir\u00e1 otro mensaje cuando se restablezca el servicio. <\/p>\n<p><em>Consejo: \u00a1A\u00f1ade CoServ a tus contactos para consultarlo r\u00e1pidamente!<\/em><\/p>\n<p><em>Nota: Este es un n\u00famero solo para mensajes de texto.<\/em><\/p>\n<p><a href=\"#\">Apagones del alumbrado p\u00fablico<\/a><\/p>\n<ul>\n<li><a href=\"https:\/\/support.coserv.com\/hc\/en-us\/requests\/new?ticket_form_id=360000358714\">Haga clic aqu\u00ed para informar de una farola averiada (formulario disponible solo en ingl\u00e9s). [EN]<\/a><\/li>\n<\/ul>\n<h2>\n\t\t\tConsejos sobre cortes\t<\/h2>\n\t<ul>\n<li><strong><a href=\"https:\/\/coserv.smarthub.coop\/#information:\">Actualiza tus datos [EN]<\/a>:<\/strong> Para informar r\u00e1pida y f\u00e1cilmente de una interrupci\u00f3n, aseg\u00farate de que tus datos son correctos.<\/li>\n<li><strong><a href=\"https:\/\/www.coserv.com\/safety\/gas\/dig-safety\/\">Llama antes de excavar [EN]<\/a>:<\/strong> Llama al 811 antes de excavar para garantizar tu propia seguridad y evitar el contacto con l\u00edneas subterr\u00e1neas de servicios p\u00fablicos que no se vean.<\/li>\n<li><strong><a href=\"https:\/\/www.coserv.com\/es\/servicio\/fiabilidad\/manejo-de-la-vegetacion\/\">Poda de \u00e1rboles<\/a>:<\/strong> Para minimizar los posibles da\u00f1os a las l\u00edneas el\u00e9ctricas, CoServ poda regularmente los \u00e1rboles para evitar cortes y los peligros resultantes.<\/li>\n<li><strong>Causas habituales de los cortes:<\/strong> Algunas de las causas m\u00e1s comunes de los cortes son los \u00e1rboles, los animales, la nieve y el hielo. Otras causas son los rayos y los accidentes de coche.<\/li>\n<\/ul>\n\t\t\t<a href=\"https:\/\/www.coserv.com\/safety\/weather-safety\/\" target=\"_self\">\n\t\t\t\t\t\t\tConsejos de seguridad sobre el tiempo [EN]\n\t\t\t\t\t<\/a>\n\n","protected":false},"excerpt":{"rendered":"<p>Qu\u00e9 hacer si sufres un apag\u00f3n CoServ est\u00e1 preparado para cualquier situaci\u00f3n que pueda causar interrupciones a nuestros miembros y clientes. Nuestras tripulaciones reciben formaci\u00f3n peri\u00f3dica sobre operaciones y seguridad, y est\u00e1n de guardia 24 horas al d\u00eda, siete d\u00edas a la semana, para garantizar un servicio seguro y fiable a nuestros Miembros y Clientes.&hellip;<\/p>\n","protected":false},"author":3,"featured_media":50851,"parent":0,"menu_order":4,"comment_status":"closed","ping_status":"closed","template":"","meta":{"_acf_changed":false,"_relevanssi_hide_post":"","_relevanssi_hide_content":"","_relevanssi_pin_for_all":"","_relevanssi_pin_keywords":"","_relevanssi_unpin_keywords":"","_relevanssi_related_keywords":"","_relevanssi_related_include_ids":"","_relevanssi_related_exclude_ids":"","_relevanssi_related_no_append":"","_relevanssi_related_not_related":"","_relevanssi_related_posts":"509,519,520,610,2028,3736","_relevanssi_noindex_reason":"","footnotes":""},"class_list":["post-51574","page","type-page","status-publish","has-post-thumbnail","hentry"],"acf":[],"yoast_head":"<!-- This site is optimized with the Yoast SEO Premium plugin v27.5 (Yoast SEO v27.5) - https:\/\/yoast.com\/product\/yoast-seo-premium-wordpress\/ -->\n<title>Interrupciones - CoServ.com<\/title>\n<meta name=\"description\" content=\"CoServ se mantiene preparado para cualquier posible situaci\u00f3n que pueda causar interrupciones a nuestros Miembros y Clientes. Los Miembros tambi\u00e9n pueden prepararse.\" \/>\n<meta name=\"robots\" content=\"index, follow, max-snippet:-1, max-image-preview:large, max-video-preview:-1\" \/>\n<link rel=\"canonical\" href=\"https:\/\/www.coserv.com\/es\/interrupciones\/\" \/>\n<meta name=\"twitter:card\" content=\"summary_large_image\" \/>\n<meta name=\"twitter:title\" content=\"Interrupciones - CoServ.com\" \/>\n<meta name=\"twitter:description\" content=\"CoServ se mantiene preparado para cualquier posible situaci\u00f3n que pueda causar interrupciones a nuestros Miembros y Clientes. Los Miembros tambi\u00e9n pueden prepararse.\" \/>\n<meta name=\"twitter:image\" content=\"https:\/\/www.coserv.com\/wp-content\/uploads\/2023\/01\/01-2023_Dispatch_DSC01055_1500px.jpg\" \/>\n<meta name=\"twitter:site\" content=\"@CoServ\" \/>\n<meta name=\"twitter:label1\" content=\"Tiempo de lectura\" \/>\n\t<meta name=\"twitter:data1\" content=\"3 minutos\" \/>\n<script type=\"application\/ld+json\" class=\"yoast-schema-graph\">{\"@context\":\"https:\\\/\\\/schema.org\",\"@graph\":[{\"@type\":\"WebPage\",\"@id\":\"https:\\\/\\\/www.coserv.com\\\/es\\\/interrupciones\\\/\",\"url\":\"https:\\\/\\\/www.coserv.com\\\/es\\\/interrupciones\\\/\",\"name\":\"Interrupciones - CoServ.com\",\"isPartOf\":{\"@id\":\"https:\\\/\\\/www.coserv.com\\\/es\\\/#website\"},\"primaryImageOfPage\":{\"@id\":\"https:\\\/\\\/www.coserv.com\\\/es\\\/interrupciones\\\/#primaryimage\"},\"image\":{\"@id\":\"https:\\\/\\\/www.coserv.com\\\/es\\\/interrupciones\\\/#primaryimage\"},\"thumbnailUrl\":\"https:\\\/\\\/www.coserv.com\\\/wp-content\\\/uploads\\\/2023\\\/01\\\/01-2023_Dispatch_DSC01055_1500px.jpg\",\"datePublished\":\"2022-06-08T02:06:51+00:00\",\"dateModified\":\"2026-05-06T19:49:07+00:00\",\"description\":\"CoServ se mantiene preparado para cualquier posible situaci\u00f3n que pueda causar interrupciones a nuestros Miembros y Clientes. Los Miembros tambi\u00e9n pueden prepararse.\",\"breadcrumb\":{\"@id\":\"https:\\\/\\\/www.coserv.com\\\/es\\\/interrupciones\\\/#breadcrumb\"},\"inLanguage\":\"es\",\"potentialAction\":[{\"@type\":\"ReadAction\",\"target\":[\"https:\\\/\\\/www.coserv.com\\\/es\\\/interrupciones\\\/\"]}]},{\"@type\":\"ImageObject\",\"inLanguage\":\"es\",\"@id\":\"https:\\\/\\\/www.coserv.com\\\/es\\\/interrupciones\\\/#primaryimage\",\"url\":\"https:\\\/\\\/www.coserv.com\\\/wp-content\\\/uploads\\\/2023\\\/01\\\/01-2023_Dispatch_DSC01055_1500px.jpg\",\"contentUrl\":\"https:\\\/\\\/www.coserv.com\\\/wp-content\\\/uploads\\\/2023\\\/01\\\/01-2023_Dispatch_DSC01055_1500px.jpg\",\"width\":1500,\"height\":600},{\"@type\":\"BreadcrumbList\",\"@id\":\"https:\\\/\\\/www.coserv.com\\\/es\\\/interrupciones\\\/#breadcrumb\",\"itemListElement\":[{\"@type\":\"ListItem\",\"position\":1,\"name\":\"Home\",\"item\":\"https:\\\/\\\/www.coserv.com\\\/es\\\/\"},{\"@type\":\"ListItem\",\"position\":2,\"name\":\"Interrupciones\"}]},{\"@type\":\"WebSite\",\"@id\":\"https:\\\/\\\/www.coserv.com\\\/es\\\/#website\",\"url\":\"https:\\\/\\\/www.coserv.com\\\/es\\\/\",\"name\":\"CoServ.com\",\"description\":\"\",\"alternateName\":\"CoServ\",\"potentialAction\":[{\"@type\":\"SearchAction\",\"target\":{\"@type\":\"EntryPoint\",\"urlTemplate\":\"https:\\\/\\\/www.coserv.com\\\/es\\\/?s={search_term_string}\"},\"query-input\":{\"@type\":\"PropertyValueSpecification\",\"valueRequired\":true,\"valueName\":\"search_term_string\"}}],\"inLanguage\":\"es\"}]}<\/script>\n<!-- \/ Yoast SEO Premium plugin. -->","yoast_head_json":{"title":"Interrupciones - CoServ.com","description":"CoServ se mantiene preparado para cualquier posible situaci\u00f3n que pueda causar interrupciones a nuestros Miembros y Clientes. Los Miembros tambi\u00e9n pueden prepararse.","robots":{"index":"index","follow":"follow","max-snippet":"max-snippet:-1","max-image-preview":"max-image-preview:large","max-video-preview":"max-video-preview:-1"},"canonical":"https:\/\/www.coserv.com\/es\/interrupciones\/","twitter_card":"summary_large_image","twitter_title":"Interrupciones - CoServ.com","twitter_description":"CoServ se mantiene preparado para cualquier posible situaci\u00f3n que pueda causar interrupciones a nuestros Miembros y Clientes. Los Miembros tambi\u00e9n pueden prepararse.","twitter_image":"https:\/\/www.coserv.com\/wp-content\/uploads\/2023\/01\/01-2023_Dispatch_DSC01055_1500px.jpg","twitter_site":"@CoServ","twitter_misc":{"Tiempo de lectura":"3 minutos"},"schema":{"@context":"https:\/\/schema.org","@graph":[{"@type":"WebPage","@id":"https:\/\/www.coserv.com\/es\/interrupciones\/","url":"https:\/\/www.coserv.com\/es\/interrupciones\/","name":"Interrupciones - CoServ.com","isPartOf":{"@id":"https:\/\/www.coserv.com\/es\/#website"},"primaryImageOfPage":{"@id":"https:\/\/www.coserv.com\/es\/interrupciones\/#primaryimage"},"image":{"@id":"https:\/\/www.coserv.com\/es\/interrupciones\/#primaryimage"},"thumbnailUrl":"https:\/\/www.coserv.com\/wp-content\/uploads\/2023\/01\/01-2023_Dispatch_DSC01055_1500px.jpg","datePublished":"2022-06-08T02:06:51+00:00","dateModified":"2026-05-06T19:49:07+00:00","description":"CoServ se mantiene preparado para cualquier posible situaci\u00f3n que pueda causar interrupciones a nuestros Miembros y Clientes. Los Miembros tambi\u00e9n pueden prepararse.","breadcrumb":{"@id":"https:\/\/www.coserv.com\/es\/interrupciones\/#breadcrumb"},"inLanguage":"es","potentialAction":[{"@type":"ReadAction","target":["https:\/\/www.coserv.com\/es\/interrupciones\/"]}]},{"@type":"ImageObject","inLanguage":"es","@id":"https:\/\/www.coserv.com\/es\/interrupciones\/#primaryimage","url":"https:\/\/www.coserv.com\/wp-content\/uploads\/2023\/01\/01-2023_Dispatch_DSC01055_1500px.jpg","contentUrl":"https:\/\/www.coserv.com\/wp-content\/uploads\/2023\/01\/01-2023_Dispatch_DSC01055_1500px.jpg","width":1500,"height":600},{"@type":"BreadcrumbList","@id":"https:\/\/www.coserv.com\/es\/interrupciones\/#breadcrumb","itemListElement":[{"@type":"ListItem","position":1,"name":"Home","item":"https:\/\/www.coserv.com\/es\/"},{"@type":"ListItem","position":2,"name":"Interrupciones"}]},{"@type":"WebSite","@id":"https:\/\/www.coserv.com\/es\/#website","url":"https:\/\/www.coserv.com\/es\/","name":"CoServ.com","description":"","alternateName":"CoServ","potentialAction":[{"@type":"SearchAction","target":{"@type":"EntryPoint","urlTemplate":"https:\/\/www.coserv.com\/es\/?s={search_term_string}"},"query-input":{"@type":"PropertyValueSpecification","valueRequired":true,"valueName":"search_term_string"}}],"inLanguage":"es"}]}},"publishpress_future_action":{"enabled":false,"date":"2026-05-14 10:52:48","action":"change-status","newStatus":"draft","terms":[],"taxonomy":"translation_priority","extraData":[]},"publishpress_future_workflow_manual_trigger":{"enabledWorkflows":[]},"_links":{"self":[{"href":"https:\/\/www.coserv.com\/es\/wp-json\/wp\/v2\/pages\/51574","targetHints":{"allow":["GET"]}}],"collection":[{"href":"https:\/\/www.coserv.com\/es\/wp-json\/wp\/v2\/pages"}],"about":[{"href":"https:\/\/www.coserv.com\/es\/wp-json\/wp\/v2\/types\/page"}],"author":[{"embeddable":true,"href":"https:\/\/www.coserv.com\/es\/wp-json\/wp\/v2\/users\/3"}],"replies":[{"embeddable":true,"href":"https:\/\/www.coserv.com\/es\/wp-json\/wp\/v2\/comments?post=51574"}],"version-history":[{"count":5,"href":"https:\/\/www.coserv.com\/es\/wp-json\/wp\/v2\/pages\/51574\/revisions"}],"predecessor-version":[{"id":52968,"href":"https:\/\/www.coserv.com\/es\/wp-json\/wp\/v2\/pages\/51574\/revisions\/52968"}],"wp:featuredmedia":[{"embeddable":true,"href":"https:\/\/www.coserv.com\/es\/wp-json\/wp\/v2\/media\/50851"}],"wp:attachment":[{"href":"https:\/\/www.coserv.com\/es\/wp-json\/wp\/v2\/media?parent=51574"}],"curies":[{"name":"wp","href":"https:\/\/api.w.org\/{rel}","templated":true}]}}