{"id":52330,"date":"2026-02-26T07:00:04","date_gmt":"2026-02-26T13:00:04","guid":{"rendered":"https:\/\/www.coserv.com\/acerca-de\/reuniones-anuales\/"},"modified":"2026-05-05T10:57:06","modified_gmt":"2026-05-05T15:57:06","slug":"reuniones-anuales","status":"publish","type":"page","link":"https:\/\/www.coserv.com\/es\/acerca-de\/reuniones-anuales\/","title":{"rendered":"Reuniones anuales"},"content":{"rendered":"\n<h1>\n\t\t\tReuni\u00f3n Anual Virtual de CoServ\t<\/h1>\n<h2>\n\t\t\tDetalles\t<\/h2>\n\t<p><strong>CU\u00c1NDO<\/strong> 1 p.m., martes 9 de junio de 2026<\/p>\n<p><strong>D\u00d3NDE:<\/strong> La reuni\u00f3n se retransmitir\u00e1 en directo desde la sede de CoServ en Corinth, TX, y se publicar\u00e1 una grabaci\u00f3n en v\u00eddeo en esta p\u00e1gina una vez concluida la reuni\u00f3n.<\/p>\n<p><strong>QU\u00c9:<\/strong> \u00danete a nosotros para recibir informaci\u00f3n actualizada sobre la cooperativa el\u00e9ctrica de manos del director general Donnie Clary y de tu Consejo de Administraci\u00f3n elegido democr\u00e1ticamente.<\/p>\n<p><strong>PUESTOS DE LA JUNTA EN ELECCI\u00d3N:<\/strong> Distritos 2 y 7.<\/p>\n<p><strong>\u00bfQUI\u00c9N PUEDE CORRER?  <\/strong>Los miembros de CoServ que residen en los Distritos 2 y 7 pueden presentarse como candidatos a la Junta este a\u00f1o. Para obtener informaci\u00f3n sobre la duraci\u00f3n de los mandatos y los requisitos de elegibilidad, visita <strong><a href=\"https:\/\/www.coserv.com\/es\/acerca-de\/consejo-de-administracion\/elecciones-a-director-del-consejo\/\">CoServ.com\/Elecciones<\/a><\/strong>. <\/p>\n<p><strong>VOTACI\u00d3N:<\/strong> Los consejeros representan a todos los miembros de CoServ y son elegidos por sufragio universal, lo que significa que <em>todos los<\/em> miembros pueden votar, independientemente de su distrito. La empresa electoral Survey &amp; Ballot Systems enviar\u00e1 por correo a casa de cada miembro un paquete con una papeleta y un enlace a un portal seguro en l\u00ednea, que permitir\u00e1 a los miembros votar por correo o en l\u00ednea. <\/p>\n<figure itemscope itemtype=\"https:\/\/schema.org\/ImageObject\">\n\t\t\t\t<img decoding=\"async\" src=\"https:\/\/www.coserv.com\/wp-content\/uploads\/2026\/05\/AM26_ES_Voting-icons1.svg\" alt=\"VOTAR POR INTERNET O VOTAR POR CORREO\" onerror=\"this.style.display='none'\" loading=\"lazy\" \/>\n\t<\/figure>\n\t<p>Tu papeleta enviada correctamente <strong><u>autom\u00e1ticamente<\/u><\/strong> entrar\u00e1s en un sorteo para tener la oportunidad de <strong>GANAR UNO DE LOS 50 CR\u00c9DITOS DE 100 $ EN FACTURAS EL\u00c9CTRICAS.<\/strong> Los ganadores se anunciar\u00e1n una vez concluida la Reuni\u00f3n Anual.<\/p>\n\t<ul role=\"tablist\">\n\t\t\t\t\t\t\t\t<li role=\"presentation\">\t\t\t\t<button type=\"button\" id=\"fl-tabs--label-0\" data-index=\"0\" role=\"tab\" aria-selected=\"true\" aria-controls=\"fl-tabs--panel-0\">\n\t\t\t\tReuni\u00f3n FAQ\t\t\t\t<\/button>\n\t\t\t\t<\/li>\t\t\t\t\t\t\t\t<li role=\"presentation\">\t\t\t\t<button type=\"button\" id=\"fl-tabs--label-1\" data-index=\"1\" role=\"tab\" aria-selected=\"false\" aria-controls=\"fl-tabs--panel-1\">\n\t\t\t\tPreguntas frecuentes sobre el voto\t\t\t\t<\/button>\n\t\t\t\t<\/li>\t\t\t\t\n\t<\/ul>\n\t\t\t\t\t<button type=\"button\" data-index=\"0\" role=\"tab\" aria-selected=\"true\" aria-controls=\"fl-tabs--panel-0\">\n\t\t\t\t\t\tReuni\u00f3n FAQ\n\t\t\t\t\t<\/button>\n\t\t\t\t\t\t<p><a href=\"#\">\u00bfCu\u00e1ndo es la reuni\u00f3n de este a\u00f1o?<\/a><\/p>\nLa reuni\u00f3n de este a\u00f1o se celebrar\u00e1 el martes 9 de junio de 2026, a las 13.00 horas.\n<p><a href=\"#\">\u00bfCu\u00e1l es el orden del d\u00eda de la reuni\u00f3n?<\/a><\/p>\n<ul>\n<li>Llamada al orden\/Bienvenida<\/li>\n<li>Invocaci\u00f3n<\/li>\n<li>Himno Nacional<\/li>\n<li>Presentaciones e informe<\/li>\n<li>V\u00eddeo del discurso de apertura<\/li>\n<li>Resultados de la votaci\u00f3n<\/li>\n<li>Aplazamiento<\/li>\n<\/ul>\n<p><a href=\"#\">\u00bfHabr\u00e1 un sorteo de cr\u00e9ditos de facturas?  <\/a><\/p>\n<p>S\u00ed, tu papeleta enviada te inscribe autom\u00e1ticamente en un sorteo para tener la oportunidad de <strong>GANAR UNO DE LOS 50 CR\u00c9DITOS DE 100 $ EN FACTURAS EL\u00c9CTRICAS.<\/strong> Los ganadores ser\u00e1n anunciados al t\u00e9rmino de la Reuni\u00f3n Anual.<\/p>\n\t\t\t\t\t<button type=\"button\" data-index=\"1\" role=\"tab\" aria-selected=\"false\" aria-controls=\"fl-tabs--panel-1\">\n\t\t\t\t\t\tPreguntas frecuentes sobre el voto\n\t\t\t\t\t<\/button>\n\t\t\t\t\t\t<p><a href=\"#\">\u00bfCu\u00e1les son los requisitos de elegibilidad para votar a los candidatos a Director del Consejo?<\/a><\/p>\n<p>Todos los miembros activos de CoServ en la fecha de registro tienen derecho a votar en las elecciones a Director del Consejo. Consulta la p\u00e1gina web del <a href=\"https:\/\/www.coserv.com\/es\/acerca-de\/consejo-de-administracion\/\">Consejo de<\/a> Administraci\u00f3n para conocer los detalles y las fechas clave del proceso electoral. <\/p>\n<p><a href=\"#\">Pr\u00f3ximas elecciones:<\/a><\/p>\n2026: Distritos 2 y 7<br \/>\n2027: Distritos 3 y 6<br \/>\n2028: Distrito 4<br \/>\n2029: Distritos 1 y 5\n<p><a href=\"#\">\u00bfCu\u00e1ndo puedo votar?<\/a><\/p>\n<p>Nuestro funcionario electoral externo, Survey &amp; Ballot Systems (SBS), enviar\u00e1 por correo los paquetes de papeletas a todos los votantes elegibles el jueves 14 de mayo de 2026. La fecha l\u00edmite para votar es el jueves 4 de junio de 2026, a las 5 p.m. CST.  <\/p>\n<p><a href=\"#\">\u00bfC\u00f3mo voto a los candidatos al Consejo de Administraci\u00f3n?<\/a><\/p>\n<p>CoServ ofrece dos formas de votar &#8211; online o a trav\u00e9s de papeletas tradicionales enviadas por correo. La papeleta oficial de las elecciones se enviar\u00e1 por correo a todos los Miembros de CoServ que cumplan los requisitos, como m\u00e1ximo 30 d\u00edas antes de la Reuni\u00f3n Anual. Junto con la papeleta de voto por correo, el paquete incluir\u00e1 un enlace al sitio web donde los miembros pueden votar en l\u00ednea a trav\u00e9s de un portal seguro creado por nuestro funcionario electoral externo, Survey &amp; Ballot Systems (SBS). Los afiliados pueden votar en l\u00ednea o enviar por correo su papeleta cumplimentada a SBS utilizando el sobre prepagado proporcionado.   <\/p>\n<p><a href=\"#\">\u00bfPor qu\u00e9 debo votar a los candidatos a Director del Consejo?<\/a><\/p>\n<p>Los candidatos a la Junta Directiva se eligen en general, lo que significa que todos los Miembros activos en la fecha de registro pueden votar a los candidatos de todos los distritos. Es importante que nuestros Miembros voten a un candidato en cada Distrito y aprueben\/desaprueben el acta de la Asamblea Anual para que se pueda establecer el qu\u00f3rum y se oiga tu voz. <\/p>\n<p>Cada papeleta correctamente cumplimentada y recibida a tiempo entrar\u00e1 en un <strong>sorteo<\/strong> al azar <strong>de 50 cr\u00e9ditos para billetes de 100 $<\/strong>. SBS realizar\u00e1 el sorteo, y los ganadores se anunciar\u00e1n en l\u00ednea una vez concluida la Reuni\u00f3n Empresarial Anual. <\/p>\n<p><a href=\"#\">\u00bfQu\u00e9 ocurre si env\u00edo una papeleta por correo y voto por Internet?<\/a><\/p>\n<p>Si un mismo diputado vota <strong>tanto <\/strong>por Internet como por correo, el funcionario electoral Survey &amp; Ballot Systems (SBS) contar\u00e1 el voto por correo como voto oficial.<\/p>\n<p><a href=\"#\">\u00bfC\u00f3mo consigo una papeleta de sustituci\u00f3n?<\/a><\/p>\n<p>Para solicitar una papeleta de voto de sustituci\u00f3n o credenciales de voto por Internet, ponte en contacto con Survey &amp; Ballot Systems (SBS) en el 866-909-3549 o en <a href=\"mailto:support@directvote.net\">support@directvote.net.<\/a><\/p>\n<p>\u00bfHas perdido el sobre prepagado que se te proporcion\u00f3? Puedes enviar tu papeleta por correo a 7653 Anagram Dr., Eden Prairie, MN 55344.<\/p>\n<h2>\n\t\t\tVer Reuniones Anuales anteriores [EN]\t<\/h2>\n\t\t\t\t\t\t\t<button aria-label=\"previous\" type=\"button\">\n<\/button>\n\t\t\t\t<button aria-label=\"next\" type=\"button\">\n<\/button>\n\t\t<ul>\n\t\t\t\t<li>\n\t<video id=\"Annual Meeting 2025\" controls=\"controls\" autobuffer=\"autobuffer\" preload=\"metadata\" poster=\"\/wp-content\/uploads\/2026\/02\/2025-Annual-Meeting_video-thumbnail.jpg\">\n    <source src=\" https:\/\/coserv.canto.com\/direct\/video\/prbqfetj3p1tl1liltrfgm7a2l\/llW4K3rYerk0BouYThNA_y-1Gj4\/play\" \/>\n  <\/video>\n  <h2>2025 Annual Meeting<\/h2>\n\t\t<\/li>\n\t\t\t<li>\n\t<video id=\"Annual Meeting 2024\" controls=\"controls\" autobuffer=\"autobuffer\" preload=\"metadata\" poster=\"\/wp-content\/uploads\/2025\/02\/AM24_Annual-Meeting-video-thumbnail.jpg\">\n    <source src=\" https:\/\/coserv.canto.com\/direct\/video\/00j63h4f9p3019ut1gnrlai828\/4DZjZumaMiyYp9XsUmP_NXxeRD4\/play\" \/>\n  <\/video>\n  <h2>2024 Annual Meeting<\/h2>\n\t\t<\/li>\n\t\t\t<li>\n\t<video id=\"video1\" controls=\"controls\" autobuffer=\"autobuffer\" preload=\"metadata\" poster=\"\/wp-content\/uploads\/2023\/06\/AM23_PPT_title-slide-scaled.jpg\">\n    <source src=\" https:\/\/coserv.canto.com\/direct\/video\/os2280fjt16ut9gld4duc9ef7b\/ekRmCng0nCM0rU4jx68OAFNXbvc\/play \" \/>\n  <\/video>\n  <h2>2023 Annual Meeting<\/h2>\n\t\t<\/li>\n\t\t\t<li>\n\t<video id=\"video2\" controls=\"controls\" autobuffer=\"autobuffer\" preload=\"metadata\" poster=\"\/wp-content\/uploads\/2024\/01\/AM22_business-meeting_video-thumbnail-scaled.jpg\">\n    <source src=\" https:\/\/coserv.canto.com\/direct\/video\/peab8ufmt93q100ront9st5n3h\/ka8Du5pAyzB6FnJ_NnDmpcQNNNg\/play \" \/>\n  <\/video>\n  <h2>2022 Annual Meeting<\/h2>\n\t\t<\/li>\n\t\t\t<li>\n\t<video id=\"video3\" controls=\"controls\" autobuffer=\"autobuffer\" preload=\"metadata\" poster=\"\/wp-content\/uploads\/2024\/01\/AM21_business-meeting_video-thumbnail-scaled.jpg\">\n    <source src=\"https:\/\/coserv.canto.com\/direct\/video\/g6b9l21e9127j39a53qv9gd03q\/L0QA3gvG44D8DFvDlNDJDTJFbZk\/play\" \/>\n  <\/video>\n  <h2>2021 Annual Meeting<\/h2>\n\t\t<\/li>\n\t\t<\/ul>\n\n","protected":false},"excerpt":{"rendered":"<p>Reuni\u00f3n Anual Virtual de CoServ Detalles CU\u00c1NDO 1 p.m., martes 9 de junio de 2026 D\u00d3NDE: La reuni\u00f3n se retransmitir\u00e1 en directo desde la sede de CoServ en Corinth, TX, y se publicar\u00e1 una grabaci\u00f3n en v\u00eddeo en esta p\u00e1gina una vez concluida la reuni\u00f3n. QU\u00c9: \u00danete a nosotros para recibir informaci\u00f3n actualizada sobre la&hellip;<\/p>\n","protected":false},"author":3,"featured_media":0,"parent":52154,"menu_order":92,"comment_status":"closed","ping_status":"closed","template":"","meta":{"_acf_changed":false,"_relevanssi_hide_post":"","_relevanssi_hide_content":"","_relevanssi_pin_for_all":"","_relevanssi_pin_keywords":"","_relevanssi_unpin_keywords":"","_relevanssi_related_keywords":"","_relevanssi_related_include_ids":"","_relevanssi_related_exclude_ids":"","_relevanssi_related_no_append":"","_relevanssi_related_not_related":"","_relevanssi_related_posts":"","_relevanssi_noindex_reason":"","footnotes":""},"class_list":["post-52330","page","type-page","status-publish","hentry"],"acf":[],"yoast_head":"<!-- This site is optimized with the Yoast SEO Premium plugin v27.5 (Yoast SEO v27.5) - https:\/\/yoast.com\/product\/yoast-seo-premium-wordpress\/ -->\n<title>Reuniones anuales - CoServ.com<\/title>\n<meta name=\"description\" content=\"Se retransmitir\u00e1 virtualmente una breve reuni\u00f3n de trabajo desde la sede de CoServ el martes 4 de junio de 2024 a las 13:00 horas.\" \/>\n<meta name=\"robots\" content=\"index, follow, max-snippet:-1, max-image-preview:large, max-video-preview:-1\" \/>\n<link rel=\"canonical\" href=\"https:\/\/www.coserv.com\/es\/acerca-de\/reuniones-anuales\/\" \/>\n<meta name=\"twitter:card\" content=\"summary_large_image\" \/>\n<meta name=\"twitter:title\" content=\"Reuniones anuales - CoServ.com\" \/>\n<meta name=\"twitter:description\" content=\"Se retransmitir\u00e1 virtualmente una breve reuni\u00f3n de trabajo desde la sede de CoServ el martes 4 de junio de 2024 a las 13:00 horas.\" \/>\n<meta name=\"twitter:image\" content=\"https:\/\/www.coserv.com\/wp-content\/uploads\/2026\/05\/AM26_ES_Voting-icons1.svg\" \/>\n<meta name=\"twitter:site\" content=\"@CoServ\" \/>\n<meta name=\"twitter:label1\" content=\"Tiempo de lectura\" \/>\n\t<meta name=\"twitter:data1\" content=\"4 minutos\" \/>\n<script type=\"application\/ld+json\" class=\"yoast-schema-graph\">{\"@context\":\"https:\\\/\\\/schema.org\",\"@graph\":[{\"@type\":\"WebPage\",\"@id\":\"https:\\\/\\\/www.coserv.com\\\/es\\\/acerca-de\\\/reuniones-anuales\\\/\",\"url\":\"https:\\\/\\\/www.coserv.com\\\/es\\\/acerca-de\\\/reuniones-anuales\\\/\",\"name\":\"Reuniones anuales - CoServ.com\",\"isPartOf\":{\"@id\":\"https:\\\/\\\/www.coserv.com\\\/es\\\/#website\"},\"primaryImageOfPage\":{\"@id\":\"https:\\\/\\\/www.coserv.com\\\/es\\\/acerca-de\\\/reuniones-anuales\\\/#primaryimage\"},\"image\":{\"@id\":\"https:\\\/\\\/www.coserv.com\\\/es\\\/acerca-de\\\/reuniones-anuales\\\/#primaryimage\"},\"thumbnailUrl\":\"https:\\\/\\\/www.coserv.com\\\/wp-content\\\/uploads\\\/2026\\\/05\\\/AM26_ES_Voting-icons1.svg\",\"datePublished\":\"2026-02-26T13:00:04+00:00\",\"dateModified\":\"2026-05-05T15:57:06+00:00\",\"description\":\"Se retransmitir\u00e1 virtualmente una breve reuni\u00f3n de trabajo desde la sede de CoServ el martes 4 de junio de 2024 a las 13:00 horas.\",\"breadcrumb\":{\"@id\":\"https:\\\/\\\/www.coserv.com\\\/es\\\/acerca-de\\\/reuniones-anuales\\\/#breadcrumb\"},\"inLanguage\":\"es\",\"potentialAction\":[{\"@type\":\"ReadAction\",\"target\":[\"https:\\\/\\\/www.coserv.com\\\/es\\\/acerca-de\\\/reuniones-anuales\\\/\"]}]},{\"@type\":\"ImageObject\",\"inLanguage\":\"es\",\"@id\":\"https:\\\/\\\/www.coserv.com\\\/es\\\/acerca-de\\\/reuniones-anuales\\\/#primaryimage\",\"url\":\"https:\\\/\\\/www.coserv.com\\\/wp-content\\\/uploads\\\/2026\\\/05\\\/AM26_ES_Voting-icons1.svg\",\"contentUrl\":\"https:\\\/\\\/www.coserv.com\\\/wp-content\\\/uploads\\\/2026\\\/05\\\/AM26_ES_Voting-icons1.svg\"},{\"@type\":\"BreadcrumbList\",\"@id\":\"https:\\\/\\\/www.coserv.com\\\/es\\\/acerca-de\\\/reuniones-anuales\\\/#breadcrumb\",\"itemListElement\":[{\"@type\":\"ListItem\",\"position\":1,\"name\":\"Home\",\"item\":\"https:\\\/\\\/www.coserv.com\\\/es\\\/\"},{\"@type\":\"ListItem\",\"position\":2,\"name\":\"Acerca de\",\"item\":\"https:\\\/\\\/www.coserv.com\\\/es\\\/acerca-de\\\/\"},{\"@type\":\"ListItem\",\"position\":3,\"name\":\"Reuniones anuales\"}]},{\"@type\":\"WebSite\",\"@id\":\"https:\\\/\\\/www.coserv.com\\\/es\\\/#website\",\"url\":\"https:\\\/\\\/www.coserv.com\\\/es\\\/\",\"name\":\"CoServ.com\",\"description\":\"\",\"alternateName\":\"CoServ\",\"potentialAction\":[{\"@type\":\"SearchAction\",\"target\":{\"@type\":\"EntryPoint\",\"urlTemplate\":\"https:\\\/\\\/www.coserv.com\\\/es\\\/?s={search_term_string}\"},\"query-input\":{\"@type\":\"PropertyValueSpecification\",\"valueRequired\":true,\"valueName\":\"search_term_string\"}}],\"inLanguage\":\"es\"}]}<\/script>\n<!-- \/ Yoast SEO Premium plugin. -->","yoast_head_json":{"title":"Reuniones anuales - CoServ.com","description":"Se retransmitir\u00e1 virtualmente una breve reuni\u00f3n de trabajo desde la sede de CoServ el martes 4 de junio de 2024 a las 13:00 horas.","robots":{"index":"index","follow":"follow","max-snippet":"max-snippet:-1","max-image-preview":"max-image-preview:large","max-video-preview":"max-video-preview:-1"},"canonical":"https:\/\/www.coserv.com\/es\/acerca-de\/reuniones-anuales\/","twitter_card":"summary_large_image","twitter_title":"Reuniones anuales - CoServ.com","twitter_description":"Se retransmitir\u00e1 virtualmente una breve reuni\u00f3n de trabajo desde la sede de CoServ el martes 4 de junio de 2024 a las 13:00 horas.","twitter_image":"https:\/\/www.coserv.com\/wp-content\/uploads\/2026\/05\/AM26_ES_Voting-icons1.svg","twitter_site":"@CoServ","twitter_misc":{"Tiempo de lectura":"4 minutos"},"schema":{"@context":"https:\/\/schema.org","@graph":[{"@type":"WebPage","@id":"https:\/\/www.coserv.com\/es\/acerca-de\/reuniones-anuales\/","url":"https:\/\/www.coserv.com\/es\/acerca-de\/reuniones-anuales\/","name":"Reuniones anuales - CoServ.com","isPartOf":{"@id":"https:\/\/www.coserv.com\/es\/#website"},"primaryImageOfPage":{"@id":"https:\/\/www.coserv.com\/es\/acerca-de\/reuniones-anuales\/#primaryimage"},"image":{"@id":"https:\/\/www.coserv.com\/es\/acerca-de\/reuniones-anuales\/#primaryimage"},"thumbnailUrl":"https:\/\/www.coserv.com\/wp-content\/uploads\/2026\/05\/AM26_ES_Voting-icons1.svg","datePublished":"2026-02-26T13:00:04+00:00","dateModified":"2026-05-05T15:57:06+00:00","description":"Se retransmitir\u00e1 virtualmente una breve reuni\u00f3n de trabajo desde la sede de CoServ el martes 4 de junio de 2024 a las 13:00 horas.","breadcrumb":{"@id":"https:\/\/www.coserv.com\/es\/acerca-de\/reuniones-anuales\/#breadcrumb"},"inLanguage":"es","potentialAction":[{"@type":"ReadAction","target":["https:\/\/www.coserv.com\/es\/acerca-de\/reuniones-anuales\/"]}]},{"@type":"ImageObject","inLanguage":"es","@id":"https:\/\/www.coserv.com\/es\/acerca-de\/reuniones-anuales\/#primaryimage","url":"https:\/\/www.coserv.com\/wp-content\/uploads\/2026\/05\/AM26_ES_Voting-icons1.svg","contentUrl":"https:\/\/www.coserv.com\/wp-content\/uploads\/2026\/05\/AM26_ES_Voting-icons1.svg"},{"@type":"BreadcrumbList","@id":"https:\/\/www.coserv.com\/es\/acerca-de\/reuniones-anuales\/#breadcrumb","itemListElement":[{"@type":"ListItem","position":1,"name":"Home","item":"https:\/\/www.coserv.com\/es\/"},{"@type":"ListItem","position":2,"name":"Acerca de","item":"https:\/\/www.coserv.com\/es\/acerca-de\/"},{"@type":"ListItem","position":3,"name":"Reuniones anuales"}]},{"@type":"WebSite","@id":"https:\/\/www.coserv.com\/es\/#website","url":"https:\/\/www.coserv.com\/es\/","name":"CoServ.com","description":"","alternateName":"CoServ","potentialAction":[{"@type":"SearchAction","target":{"@type":"EntryPoint","urlTemplate":"https:\/\/www.coserv.com\/es\/?s={search_term_string}"},"query-input":{"@type":"PropertyValueSpecification","valueRequired":true,"valueName":"search_term_string"}}],"inLanguage":"es"}]}},"publishpress_future_action":{"enabled":false,"date":"2026-05-14 10:53:02","action":"change-status","newStatus":"draft","terms":[],"taxonomy":"translation_priority","extraData":[]},"publishpress_future_workflow_manual_trigger":{"enabledWorkflows":[]},"_links":{"self":[{"href":"https:\/\/www.coserv.com\/es\/wp-json\/wp\/v2\/pages\/52330","targetHints":{"allow":["GET"]}}],"collection":[{"href":"https:\/\/www.coserv.com\/es\/wp-json\/wp\/v2\/pages"}],"about":[{"href":"https:\/\/www.coserv.com\/es\/wp-json\/wp\/v2\/types\/page"}],"author":[{"embeddable":true,"href":"https:\/\/www.coserv.com\/es\/wp-json\/wp\/v2\/users\/3"}],"replies":[{"embeddable":true,"href":"https:\/\/www.coserv.com\/es\/wp-json\/wp\/v2\/comments?post=52330"}],"version-history":[{"count":2,"href":"https:\/\/www.coserv.com\/es\/wp-json\/wp\/v2\/pages\/52330\/revisions"}],"predecessor-version":[{"id":52853,"href":"https:\/\/www.coserv.com\/es\/wp-json\/wp\/v2\/pages\/52330\/revisions\/52853"}],"up":[{"embeddable":true,"href":"https:\/\/www.coserv.com\/es\/wp-json\/wp\/v2\/pages\/52154"}],"wp:attachment":[{"href":"https:\/\/www.coserv.com\/es\/wp-json\/wp\/v2\/media?parent=52330"}],"curies":[{"name":"wp","href":"https:\/\/api.w.org\/{rel}","templated":true}]}}